{"id":7679,"date":"2022-04-07T12:21:06","date_gmt":"2022-04-07T10:21:06","guid":{"rendered":"https:\/\/skincareagency.com\/terms-of-use\/"},"modified":"2024-06-11T01:09:59","modified_gmt":"2024-06-10T23:09:59","slug":"terms-of-use","status":"publish","type":"page","link":"https:\/\/skincareagency.com\/en\/terms-of-use\/","title":{"rendered":"Terms of use"},"content":{"rendered":"\t\t<div data-elementor-type=\"wp-page\" data-elementor-id=\"7679\" class=\"elementor elementor-7679 elementor-1843\">\n\t\t\t\t\t\t<section class=\"has_ae_slider elementor-section elementor-top-section elementor-element elementor-element-9eccd6d elementor-section-boxed elementor-section-height-default elementor-section-height-default ae-bg-gallery-type-default\" data-id=\"9eccd6d\" data-element_type=\"section\">\n\t\t\t\t\t\t<div class=\"elementor-container elementor-column-gap-default\">\n\t\t\t\t\t<div class=\"has_ae_slider elementor-column elementor-col-100 elementor-top-column elementor-element elementor-element-e9a3304 ae-bg-gallery-type-default\" data-id=\"e9a3304\" data-element_type=\"column\">\n\t\t\t<div class=\"elementor-widget-wrap elementor-element-populated\">\n\t\t\t\t\t\t<div class=\"elementor-element elementor-element-b17445a elementor-widget elementor-widget-heading\" data-id=\"b17445a\" data-element_type=\"widget\" data-widget_type=\"heading.default\">\n\t\t\t\t<div class=\"elementor-widget-container\">\n\t\t\t<style>\/*! elementor - v3.22.0 - 17-06-2024 *\/\n.elementor-heading-title{padding:0;margin:0;line-height:1}.elementor-widget-heading .elementor-heading-title[class*=elementor-size-]>a{color:inherit;font-size:inherit;line-height:inherit}.elementor-widget-heading .elementor-heading-title.elementor-size-small{font-size:15px}.elementor-widget-heading .elementor-heading-title.elementor-size-medium{font-size:19px}.elementor-widget-heading .elementor-heading-title.elementor-size-large{font-size:29px}.elementor-widget-heading .elementor-heading-title.elementor-size-xl{font-size:39px}.elementor-widget-heading .elementor-heading-title.elementor-size-xxl{font-size:59px}<\/style><h1 class=\"elementor-heading-title elementor-size-default\">Terms of use<\/h1>\t\t<\/div>\n\t\t\t\t<\/div>\n\t\t\t\t\t<\/div>\n\t\t<\/div>\n\t\t\t\t\t<\/div>\n\t\t<\/section>\n\t\t\t\t<section class=\"has_ae_slider elementor-section elementor-top-section elementor-element elementor-element-4f534f9 elementor-section-boxed elementor-section-height-default elementor-section-height-default ae-bg-gallery-type-default\" data-id=\"4f534f9\" data-element_type=\"section\">\n\t\t\t\t\t\t<div class=\"elementor-container elementor-column-gap-default\">\n\t\t\t\t\t<div class=\"has_ae_slider elementor-column elementor-col-100 elementor-top-column elementor-element elementor-element-2173b2c ae-bg-gallery-type-default\" data-id=\"2173b2c\" data-element_type=\"column\">\n\t\t\t<div class=\"elementor-widget-wrap elementor-element-populated\">\n\t\t\t\t\t\t<div class=\"elementor-element elementor-element-7ea2c2e elementor-widget elementor-widget-text-editor\" data-id=\"7ea2c2e\" data-element_type=\"widget\" data-widget_type=\"text-editor.default\">\n\t\t\t\t<div class=\"elementor-widget-container\">\n\t\t\t<style>\/*! elementor - v3.22.0 - 17-06-2024 *\/\n.elementor-widget-text-editor.elementor-drop-cap-view-stacked .elementor-drop-cap{background-color:#69727d;color:#fff}.elementor-widget-text-editor.elementor-drop-cap-view-framed .elementor-drop-cap{color:#69727d;border:3px solid;background-color:transparent}.elementor-widget-text-editor:not(.elementor-drop-cap-view-default) .elementor-drop-cap{margin-top:8px}.elementor-widget-text-editor:not(.elementor-drop-cap-view-default) .elementor-drop-cap-letter{width:1em;height:1em}.elementor-widget-text-editor .elementor-drop-cap{float:left;text-align:center;line-height:1;font-size:50px}.elementor-widget-text-editor .elementor-drop-cap-letter{display:inline-block}<\/style>\t\t\t\t<h2 style=\"font-family: 'DM serif text';\">Site editor :<\/h2>\n<ul>\n<li><strong>Company name<\/strong>: Skincare Agency SAS<\/li>\n<li><strong>Address<\/strong>: 17, rue de la Tr\u00e9moille, 75008 Paris<\/li>\n<li><strong>Tel.<\/strong> : +33 (0) 1 87 04 17 97<\/li>\n<li><strong>Share capital<\/strong>: \u20ac30,000<\/li>\n<li><strong>SIRET &#8211; R.C.S<\/strong>. : 894 968 874 R.C.S Paris<\/li>\n<\/ul>\n<p>E-mail address: contact@skincareagency.com<\/p>\n<p>The person in charge of publication is: Mr St\u00e9phane Marrapodi<br \/>Contact the publication manager: contact@skincareagency.com<br \/>The person responsible for the publication is a natural person<\/p>\n<h2 style=\"font-family: 'DM serif text';\">Site hosting :<\/h2>\n<p>The www.skincareagency.com website is hosted in France. hosting is provided by OVH &#8211; 2 rue Kellermann &#8211; 59100 Roubaix &#8211; France<\/p>\n<h3 style=\"font-family: 'DM serif text';\"><em>Description of services provided:<\/em><\/h3>\n<p>The purpose of the www.skincareagency.com website is to provide information about all the company&#8217;s activities.<br \/>The site owner endeavours to provide information on the site that is as accurate as possible.<br \/>However, it cannot be held responsible for any omissions, inaccuracies or failure to update information, whether due to its own fault or that of third-party partners who supply it.<br \/>All information provided on the www.skincareagency.com website is given for information purposes only, is not exhaustive, and is subject to change. They are given subject to any changes that may have been made since they were put online.<\/p>\n<h3 style=\"font-family: 'DM serif text';\"><em>Intellectual property and counterfeiting:<\/em><\/h3>\n<p>The owner of the site is the owner of the intellectual property rights or holds the rights of use on all the elements accessible on the site, in particular the texts, images, graphics, logos, icons, sounds, software&#8230;<br \/>Any reproduction, representation, modification, publication, total or partial adaptation of the elements of the site, whatever the means or the process used, is prohibited, except prior written authorization to the e-mail: contact@skincareagency.com.<br \/>Any unauthorized use of the site or of any of the elements it contains will be considered as constituting an infringement and will be prosecuted in accordance with the provisions of articles L.335-2 et seq. of the French Intellectual Property Code.<\/p>\n<h2 style=\"font-family: 'DM serif text';\"><em>Hyperlinks :<\/em><\/h2>\n<p>The skincareagency.com website links to many other websites. Skincare Agency cannot be held responsible for the content and privacy policy of these sites. Skincare Agency cannot be held responsible for any direct or indirect damage resulting from their use: in particular from access to these sites and sites linked to these sites, and for any damage, including, but not limited to, financial or commercial damage, operating loss or loss of data, even if we have been notified in advance.<\/p>\n<h2 style=\"font-family: 'DM serif text';\"><em>Data processing :<\/em><\/h2>\n<p>Skincare Agency collects your data in order to process your contact request. The required data is necessary for the follow-up of your request for information or appointment. In accordance with the French Data Protection Act, you have the right to access, rectify and delete your personal data. You may also object, on legitimate grounds, to the use of your data. You alone may exercise these rights with regard to your own data by writing to: contact@skincareagency.com, specifying &#8220;Personal rights&#8221; in the subject line of your letter and enclosing a copy of your proof of identity.<\/p>\n\t\t\t\t\t\t<\/div>\n\t\t\t\t<\/div>\n\t\t\t\t\t<\/div>\n\t\t<\/div>\n\t\t\t\t\t<\/div>\n\t\t<\/section>\n\t\t\t\t<\/div>\n\t\t","protected":false},"excerpt":{"rendered":"<p>Terms of use Site editor : Company name: Skincare Agency SAS Address: 17, rue de la Tr\u00e9moille, 75008 Paris Tel. [&hellip;]<\/p>\n","protected":false},"author":1,"featured_media":0,"parent":0,"menu_order":0,"comment_status":"closed","ping_status":"closed","template":"","meta":{"footnotes":""},"class_list":["post-7679","page","type-page","status-publish","hentry","entry"],"acf":[],"yoast_head":"<!-- This site is optimized with the Yoast SEO plugin v22.8 - https:\/\/yoast.com\/wordpress\/plugins\/seo\/ -->\n<title>Terms of use - Skincare Agency<\/title>\n<meta name=\"description\" content=\"Terms of use : Un protocole de soins propos\u00e9 par votre centre de M\u00e9decine esth\u00e9tique \u00e0 Paris - Skincare Agency\" \/>\n<meta name=\"robots\" content=\"index, follow, max-snippet:-1, max-image-preview:large, max-video-preview:-1\" \/>\n<link rel=\"canonical\" href=\"https:\/\/skincareagency.com\/en\/terms-of-use\/\" \/>\n<meta property=\"og:locale\" content=\"en_US\" \/>\n<meta property=\"og:type\" content=\"article\" \/>\n<meta property=\"og:title\" content=\"Terms of use - Skincare Agency\" \/>\n<meta property=\"og:description\" content=\"Terms of use : Un protocole de soins propos\u00e9 par votre centre de M\u00e9decine esth\u00e9tique \u00e0 Paris - Skincare Agency\" \/>\n<meta property=\"og:url\" content=\"https:\/\/skincareagency.com\/en\/terms-of-use\/\" \/>\n<meta property=\"og:site_name\" content=\"Skincare Agency\" \/>\n<meta property=\"article:modified_time\" content=\"2024-06-10T23:09:59+00:00\" \/>\n<meta name=\"twitter:card\" content=\"summary_large_image\" \/>\n<meta name=\"twitter:label1\" content=\"Est. reading time\" \/>\n\t<meta name=\"twitter:data1\" content=\"2 minutes\" \/>\n<!-- \/ Yoast SEO plugin. -->","yoast_head_json":{"title":"Terms of use - Skincare Agency","description":"Terms of use : Un protocole de soins propos\u00e9 par votre centre de M\u00e9decine esth\u00e9tique \u00e0 Paris - Skincare Agency","robots":{"index":"index","follow":"follow","max-snippet":"max-snippet:-1","max-image-preview":"max-image-preview:large","max-video-preview":"max-video-preview:-1"},"canonical":"https:\/\/skincareagency.com\/en\/terms-of-use\/","og_locale":"en_US","og_type":"article","og_title":"Terms of use - Skincare Agency","og_description":"Terms of use : Un protocole de soins propos\u00e9 par votre centre de M\u00e9decine esth\u00e9tique \u00e0 Paris - Skincare Agency","og_url":"https:\/\/skincareagency.com\/en\/terms-of-use\/","og_site_name":"Skincare Agency","article_modified_time":"2024-06-10T23:09:59+00:00","twitter_card":"summary_large_image","twitter_misc":{"Est. reading time":"2 minutes"},"schema":{"@context":"https:\/\/schema.org","@graph":[{"@type":"Article","@id":"https:\/\/skincareagency.com\/en\/terms-of-use\/#article","isPartOf":{"@id":"https:\/\/skincareagency.com\/en\/terms-of-use\/"},"author":{"name":"admineim","@id":"https:\/\/skincareagency.com\/en\/#\/schema\/person\/1d02edbd5bd022b4ca0bb010178c84ab"},"headline":"Terms of use","datePublished":"2022-04-07T10:21:06+00:00","dateModified":"2024-06-10T23:09:59+00:00","mainEntityOfPage":{"@id":"https:\/\/skincareagency.com\/en\/terms-of-use\/"},"wordCount":489,"publisher":{"@id":"https:\/\/skincareagency.com\/en\/#organization"},"inLanguage":"en-US"},{"@type":["WebPage","MedicalWebPage"],"@id":"https:\/\/skincareagency.com\/en\/terms-of-use\/","url":"https:\/\/skincareagency.com\/en\/terms-of-use\/","name":"Terms of use - Skincare Agency","isPartOf":{"@id":"https:\/\/skincareagency.com\/en\/#website"},"datePublished":"2022-04-07T10:21:06+00:00","dateModified":"2024-06-10T23:09:59+00:00","description":"Terms of use : Un protocole de soins propos\u00e9 par votre centre de M\u00e9decine esth\u00e9tique \u00e0 Paris - Skincare Agency","breadcrumb":{"@id":"https:\/\/skincareagency.com\/en\/terms-of-use\/#breadcrumb"},"inLanguage":"en-US","potentialAction":[{"@type":"ReadAction","target":["https:\/\/skincareagency.com\/en\/terms-of-use\/"]}]},{"@type":"BreadcrumbList","@id":"https:\/\/skincareagency.com\/en\/terms-of-use\/#breadcrumb","itemListElement":[{"@type":"ListItem","position":1,"name":"Home","item":"https:\/\/skincareagency.com\/en\/home\/"},{"@type":"ListItem","position":2,"name":"Terms of use"}]},{"@type":"WebSite","@id":"https:\/\/skincareagency.com\/en\/#website","url":"https:\/\/skincareagency.com\/en\/","name":"Skincare Agency","description":"M\u00e9decine esth\u00e9tique \u00e0 Paris","publisher":{"@id":"https:\/\/skincareagency.com\/en\/#organization"},"potentialAction":[{"@type":"SearchAction","target":{"@type":"EntryPoint","urlTemplate":"https:\/\/skincareagency.com\/en\/?s={search_term_string}"},"query-input":"required name=search_term_string"}],"inLanguage":"en-US"},{"@type":"Organization","@id":"https:\/\/skincareagency.com\/en\/#organization","name":"Skincare Agency","url":"https:\/\/skincareagency.com\/en\/","logo":{"@type":"ImageObject","inLanguage":"en-US","@id":"https:\/\/skincareagency.com\/en\/#\/schema\/logo\/image\/","url":"https:\/\/skincareagency.com\/wp-content\/uploads\/2022\/05\/Logo_fondblanclait.jpg","contentUrl":"https:\/\/skincareagency.com\/wp-content\/uploads\/2022\/05\/Logo_fondblanclait.jpg","width":279,"height":237,"caption":"Skincare Agency"},"image":{"@id":"https:\/\/skincareagency.com\/en\/#\/schema\/logo\/image\/"}},{"@type":"Person","@id":"https:\/\/skincareagency.com\/en\/#\/schema\/person\/1d02edbd5bd022b4ca0bb010178c84ab","name":"admineim","image":{"@type":"ImageObject","inLanguage":"en-US","@id":"https:\/\/skincareagency.com\/en\/#\/schema\/person\/image\/","url":"https:\/\/secure.gravatar.com\/avatar\/c3b707b63b0c0d3476ba0d0553480c19969f740ef580a811f9f56ddc6c25f705?s=96&d=mm&r=g","contentUrl":"https:\/\/secure.gravatar.com\/avatar\/c3b707b63b0c0d3476ba0d0553480c19969f740ef580a811f9f56ddc6c25f705?s=96&d=mm&r=g","caption":"admineim"},"sameAs":["https:\/\/skincareagency.com"]}]}},"_links":{"self":[{"href":"https:\/\/skincareagency.com\/en\/wp-json\/wp\/v2\/pages\/7679","targetHints":{"allow":["GET"]}}],"collection":[{"href":"https:\/\/skincareagency.com\/en\/wp-json\/wp\/v2\/pages"}],"about":[{"href":"https:\/\/skincareagency.com\/en\/wp-json\/wp\/v2\/types\/page"}],"author":[{"embeddable":true,"href":"https:\/\/skincareagency.com\/en\/wp-json\/wp\/v2\/users\/1"}],"replies":[{"embeddable":true,"href":"https:\/\/skincareagency.com\/en\/wp-json\/wp\/v2\/comments?post=7679"}],"version-history":[{"count":1,"href":"https:\/\/skincareagency.com\/en\/wp-json\/wp\/v2\/pages\/7679\/revisions"}],"predecessor-version":[{"id":7680,"href":"https:\/\/skincareagency.com\/en\/wp-json\/wp\/v2\/pages\/7679\/revisions\/7680"}],"wp:attachment":[{"href":"https:\/\/skincareagency.com\/en\/wp-json\/wp\/v2\/media?parent=7679"}],"curies":[{"name":"wp","href":"https:\/\/api.w.org\/{rel}","templated":true}]}}