{"id":7676,"date":"2023-05-12T12:46:06","date_gmt":"2023-05-12T10:46:06","guid":{"rendered":"https:\/\/skincareagency.com\/aesthetic-facial-medicine\/morpheus-8-facial-remodeling\/"},"modified":"2024-06-11T01:08:48","modified_gmt":"2024-06-10T23:08:48","slug":"morpheus-8-facial-remodeling","status":"publish","type":"page","link":"https:\/\/skincareagency.com\/en\/aesthetic-facial-medicine\/morpheus-8-facial-remodeling\/","title":{"rendered":"Morpheus 8: Facial remodeling"},"content":{"rendered":"\t\t<div data-elementor-type=\"wp-page\" data-elementor-id=\"7676\" class=\"elementor elementor-7676 elementor-6731\">\n\t\t\t\t\t\t<section class=\"has_ae_slider elementor-section elementor-top-section elementor-element elementor-element-68ab2bc elementor-section-boxed elementor-section-height-default elementor-section-height-default ae-bg-gallery-type-default\" data-id=\"68ab2bc\" data-element_type=\"section\">\n\t\t\t\t\t\t<div class=\"elementor-container elementor-column-gap-default\">\n\t\t\t\t\t<div class=\"has_ae_slider elementor-column elementor-col-100 elementor-top-column elementor-element elementor-element-709b69c ae-bg-gallery-type-default\" data-id=\"709b69c\" data-element_type=\"column\">\n\t\t\t<div class=\"elementor-widget-wrap elementor-element-populated\">\n\t\t\t\t\t\t<div class=\"elementor-element elementor-element-97cf32f elementor-widget elementor-widget-text-editor\" data-id=\"97cf32f\" data-element_type=\"widget\" data-widget_type=\"text-editor.default\">\n\t\t\t\t<div class=\"elementor-widget-container\">\n\t\t\t<style>\/*! elementor - v3.22.0 - 17-06-2024 *\/\n.elementor-widget-text-editor.elementor-drop-cap-view-stacked .elementor-drop-cap{background-color:#69727d;color:#fff}.elementor-widget-text-editor.elementor-drop-cap-view-framed .elementor-drop-cap{color:#69727d;border:3px solid;background-color:transparent}.elementor-widget-text-editor:not(.elementor-drop-cap-view-default) .elementor-drop-cap{margin-top:8px}.elementor-widget-text-editor:not(.elementor-drop-cap-view-default) .elementor-drop-cap-letter{width:1em;height:1em}.elementor-widget-text-editor .elementor-drop-cap{float:left;text-align:center;line-height:1;font-size:50px}.elementor-widget-text-editor .elementor-drop-cap-letter{display:inline-block}<\/style>\t\t\t\t<p>From the age of 35, the first signs of <a href=\"https:\/\/skincareagency.com\/en\/your-needs\/sagging-skin\/\">sagging skin<\/a> appear. This is the age at which dermatologists consider that skin aging begins to take place.<\/p>\n<p>The external environment, significant events leading to important hormonal variations such as pregnancy, hormonal imbalance, strong weight variation, and later the menopause, are all factors that act on the quality and firmness of the skin tissue.<\/p>\n<p><strong>These signs of skin aging<\/strong> and sagging materialize in the <strong>appearance of fine lines and wrinkles<\/strong>, and <strong>sagging contours and volumes<\/strong>. this is called tissue ptosis. This phenomenon can be explained by a <strong>decrease in the natural production of collagen fibers<\/strong> present in the dermis. <\/p>\n<p><strong>The MORPHEUS 8 technique <\/strong> is very effective in reversing the signs of aging and <strong>restoring the energy of youth to your face<\/strong>, without surgery.<\/p>\n\t\t\t\t\t\t<\/div>\n\t\t\t\t<\/div>\n\t\t\t\t\t<\/div>\n\t\t<\/div>\n\t\t\t\t\t<\/div>\n\t\t<\/section>\n\t\t\t\t<\/div>\n\t\t","protected":false},"excerpt":{"rendered":"<p>From the age of 35, the first signs of sagging skin appear. This is the age at which dermatologists consider [&hellip;]<\/p>\n","protected":false},"author":1,"featured_media":7249,"parent":7492,"menu_order":0,"comment_status":"closed","ping_status":"closed","template":"intervention.php","meta":{"footnotes":""},"class_list":["post-7676","page","type-page","status-publish","has-post-thumbnail","hentry","entry","has-media"],"acf":[],"yoast_head":"<!-- This site is optimized with the Yoast SEO plugin v22.8 - https:\/\/yoast.com\/wordpress\/plugins\/seo\/ -->\n<title>Morpheus 8: Facial remodeling in Paris - Skincare Agency<\/title>\n<meta name=\"description\" content=\"Morpheus 8: Facial remodeling : Un protocole de soins propos\u00e9 par votre centre de M\u00e9decine esth\u00e9tique \u00e0 Paris - Skincare Agency\" \/>\n<meta name=\"robots\" content=\"index, follow, max-snippet:-1, max-image-preview:large, max-video-preview:-1\" \/>\n<link rel=\"canonical\" href=\"https:\/\/skincareagency.com\/en\/aesthetic-facial-medicine\/morpheus-8-facial-remodeling\/\" \/>\n<meta property=\"og:locale\" content=\"en_US\" \/>\n<meta property=\"og:type\" content=\"article\" \/>\n<meta property=\"og:title\" content=\"Morpheus 8: Facial remodeling in Paris - Skincare Agency\" \/>\n<meta property=\"og:description\" content=\"Morpheus 8: Facial remodeling : Un protocole de soins propos\u00e9 par votre centre de M\u00e9decine esth\u00e9tique \u00e0 Paris - Skincare Agency\" \/>\n<meta property=\"og:url\" content=\"https:\/\/skincareagency.com\/en\/aesthetic-facial-medicine\/morpheus-8-facial-remodeling\/\" \/>\n<meta property=\"og:site_name\" content=\"Skincare Agency\" \/>\n<meta property=\"article:modified_time\" content=\"2024-06-10T23:08:48+00:00\" \/>\n<meta property=\"og:image\" content=\"https:\/\/skincareagency.com\/wp-content\/uploads\/2022\/11\/E\u0301PILATION-FEMME.jpg\" \/>\n\t<meta property=\"og:image:width\" content=\"533\" \/>\n\t<meta property=\"og:image:height\" content=\"400\" \/>\n\t<meta property=\"og:image:type\" content=\"image\/jpeg\" \/>\n<meta name=\"twitter:card\" content=\"summary_large_image\" \/>\n<meta name=\"twitter:label1\" content=\"Est. reading time\" \/>\n\t<meta name=\"twitter:data1\" content=\"1 minute\" \/>\n<!-- \/ Yoast SEO plugin. -->","yoast_head_json":{"title":"Morpheus 8: Facial remodeling in Paris - Skincare Agency","description":"Morpheus 8: Facial remodeling : Un protocole de soins propos\u00e9 par votre centre de M\u00e9decine esth\u00e9tique \u00e0 Paris - Skincare Agency","robots":{"index":"index","follow":"follow","max-snippet":"max-snippet:-1","max-image-preview":"max-image-preview:large","max-video-preview":"max-video-preview:-1"},"canonical":"https:\/\/skincareagency.com\/en\/aesthetic-facial-medicine\/morpheus-8-facial-remodeling\/","og_locale":"en_US","og_type":"article","og_title":"Morpheus 8: Facial remodeling in Paris - Skincare Agency","og_description":"Morpheus 8: Facial remodeling : Un protocole de soins propos\u00e9 par votre centre de M\u00e9decine esth\u00e9tique \u00e0 Paris - Skincare Agency","og_url":"https:\/\/skincareagency.com\/en\/aesthetic-facial-medicine\/morpheus-8-facial-remodeling\/","og_site_name":"Skincare Agency","article_modified_time":"2024-06-10T23:08:48+00:00","og_image":[{"width":533,"height":400,"url":"https:\/\/skincareagency.com\/wp-content\/uploads\/2022\/11\/E\u0301PILATION-FEMME.jpg","type":"image\/jpeg"}],"twitter_card":"summary_large_image","twitter_misc":{"Est. reading time":"1 minute"},"schema":{"@context":"https:\/\/schema.org","@graph":[{"@type":"Article","@id":"https:\/\/skincareagency.com\/en\/aesthetic-facial-medicine\/morpheus-8-facial-remodeling\/#article","isPartOf":{"@id":"https:\/\/skincareagency.com\/en\/aesthetic-facial-medicine\/morpheus-8-facial-remodeling\/"},"author":{"name":"admineim","@id":"https:\/\/skincareagency.com\/en\/#\/schema\/person\/1d02edbd5bd022b4ca0bb010178c84ab"},"headline":"Morpheus 8: Facial remodeling","datePublished":"2023-05-12T10:46:06+00:00","dateModified":"2024-06-10T23:08:48+00:00","mainEntityOfPage":{"@id":"https:\/\/skincareagency.com\/en\/aesthetic-facial-medicine\/morpheus-8-facial-remodeling\/"},"wordCount":133,"publisher":{"@id":"https:\/\/skincareagency.com\/en\/#organization"},"image":{"@id":"https:\/\/skincareagency.com\/en\/aesthetic-facial-medicine\/morpheus-8-facial-remodeling\/#primaryimage"},"thumbnailUrl":"https:\/\/skincareagency.com\/wp-content\/uploads\/2022\/11\/E\u0301PILATION-FEMME.jpg","inLanguage":"en-US"},{"@type":["WebPage","MedicalWebPage"],"@id":"https:\/\/skincareagency.com\/en\/aesthetic-facial-medicine\/morpheus-8-facial-remodeling\/","url":"https:\/\/skincareagency.com\/en\/aesthetic-facial-medicine\/morpheus-8-facial-remodeling\/","name":"Morpheus 8: Facial remodeling in Paris - Skincare Agency","isPartOf":{"@id":"https:\/\/skincareagency.com\/en\/#website"},"primaryImageOfPage":{"@id":"https:\/\/skincareagency.com\/en\/aesthetic-facial-medicine\/morpheus-8-facial-remodeling\/#primaryimage"},"image":{"@id":"https:\/\/skincareagency.com\/en\/aesthetic-facial-medicine\/morpheus-8-facial-remodeling\/#primaryimage"},"thumbnailUrl":"https:\/\/skincareagency.com\/wp-content\/uploads\/2022\/11\/E\u0301PILATION-FEMME.jpg","datePublished":"2023-05-12T10:46:06+00:00","dateModified":"2024-06-10T23:08:48+00:00","description":"Morpheus 8: Facial remodeling : Un protocole de soins propos\u00e9 par votre centre de M\u00e9decine esth\u00e9tique \u00e0 Paris - Skincare Agency","breadcrumb":{"@id":"https:\/\/skincareagency.com\/en\/aesthetic-facial-medicine\/morpheus-8-facial-remodeling\/#breadcrumb"},"inLanguage":"en-US","potentialAction":[{"@type":"ReadAction","target":["https:\/\/skincareagency.com\/en\/aesthetic-facial-medicine\/morpheus-8-facial-remodeling\/"]}]},{"@type":"ImageObject","inLanguage":"en-US","@id":"https:\/\/skincareagency.com\/en\/aesthetic-facial-medicine\/morpheus-8-facial-remodeling\/#primaryimage","url":"https:\/\/skincareagency.com\/wp-content\/uploads\/2022\/11\/E\u0301PILATION-FEMME.jpg","contentUrl":"https:\/\/skincareagency.com\/wp-content\/uploads\/2022\/11\/E\u0301PILATION-FEMME.jpg","width":533,"height":400,"caption":"Portrait of young woman with smooth spotless skin and natural makeup isolated over grey studio background. Concept of beauty, fashion, style, lifestyle, body and skin care, health, cosmetics, ad"},{"@type":"BreadcrumbList","@id":"https:\/\/skincareagency.com\/en\/aesthetic-facial-medicine\/morpheus-8-facial-remodeling\/#breadcrumb","itemListElement":[{"@type":"ListItem","position":1,"name":"Home","item":"https:\/\/skincareagency.com\/en\/home\/"},{"@type":"ListItem","position":2,"name":"Aesthetic facial medicine","item":"https:\/\/skincareagency.com\/en\/aesthetic-facial-medicine\/"},{"@type":"ListItem","position":3,"name":"Morpheus 8: Facial remodeling"}]},{"@type":"WebSite","@id":"https:\/\/skincareagency.com\/en\/#website","url":"https:\/\/skincareagency.com\/en\/","name":"Skincare Agency","description":"M\u00e9decine esth\u00e9tique \u00e0 Paris","publisher":{"@id":"https:\/\/skincareagency.com\/en\/#organization"},"potentialAction":[{"@type":"SearchAction","target":{"@type":"EntryPoint","urlTemplate":"https:\/\/skincareagency.com\/en\/?s={search_term_string}"},"query-input":"required name=search_term_string"}],"inLanguage":"en-US"},{"@type":"Organization","@id":"https:\/\/skincareagency.com\/en\/#organization","name":"Skincare Agency","url":"https:\/\/skincareagency.com\/en\/","logo":{"@type":"ImageObject","inLanguage":"en-US","@id":"https:\/\/skincareagency.com\/en\/#\/schema\/logo\/image\/","url":"https:\/\/skincareagency.com\/wp-content\/uploads\/2022\/05\/Logo_fondblanclait.jpg","contentUrl":"https:\/\/skincareagency.com\/wp-content\/uploads\/2022\/05\/Logo_fondblanclait.jpg","width":279,"height":237,"caption":"Skincare Agency"},"image":{"@id":"https:\/\/skincareagency.com\/en\/#\/schema\/logo\/image\/"}},{"@type":"Person","@id":"https:\/\/skincareagency.com\/en\/#\/schema\/person\/1d02edbd5bd022b4ca0bb010178c84ab","name":"admineim","image":{"@type":"ImageObject","inLanguage":"en-US","@id":"https:\/\/skincareagency.com\/en\/#\/schema\/person\/image\/","url":"https:\/\/secure.gravatar.com\/avatar\/c3b707b63b0c0d3476ba0d0553480c19969f740ef580a811f9f56ddc6c25f705?s=96&d=mm&r=g","contentUrl":"https:\/\/secure.gravatar.com\/avatar\/c3b707b63b0c0d3476ba0d0553480c19969f740ef580a811f9f56ddc6c25f705?s=96&d=mm&r=g","caption":"admineim"},"sameAs":["https:\/\/skincareagency.com"]}]}},"_links":{"self":[{"href":"https:\/\/skincareagency.com\/en\/wp-json\/wp\/v2\/pages\/7676","targetHints":{"allow":["GET"]}}],"collection":[{"href":"https:\/\/skincareagency.com\/en\/wp-json\/wp\/v2\/pages"}],"about":[{"href":"https:\/\/skincareagency.com\/en\/wp-json\/wp\/v2\/types\/page"}],"author":[{"embeddable":true,"href":"https:\/\/skincareagency.com\/en\/wp-json\/wp\/v2\/users\/1"}],"replies":[{"embeddable":true,"href":"https:\/\/skincareagency.com\/en\/wp-json\/wp\/v2\/comments?post=7676"}],"version-history":[{"count":1,"href":"https:\/\/skincareagency.com\/en\/wp-json\/wp\/v2\/pages\/7676\/revisions"}],"predecessor-version":[{"id":7677,"href":"https:\/\/skincareagency.com\/en\/wp-json\/wp\/v2\/pages\/7676\/revisions\/7677"}],"up":[{"embeddable":true,"href":"https:\/\/skincareagency.com\/en\/wp-json\/wp\/v2\/pages\/7492"}],"wp:featuredmedia":[{"embeddable":true,"href":"https:\/\/skincareagency.com\/en\/wp-json\/wp\/v2\/media\/7249"}],"wp:attachment":[{"href":"https:\/\/skincareagency.com\/en\/wp-json\/wp\/v2\/media?parent=7676"}],"curies":[{"name":"wp","href":"https:\/\/api.w.org\/{rel}","templated":true}]}}