{"id":7670,"date":"2023-05-11T20:14:45","date_gmt":"2023-05-11T18:14:45","guid":{"rendered":"https:\/\/skincareagency.com\/aesthetic-medicine-of-the-body\/morpheus-8-body-contouring\/"},"modified":"2024-06-12T00:06:32","modified_gmt":"2024-06-11T22:06:32","slug":"morpheus-8-body-contouring","status":"publish","type":"page","link":"https:\/\/skincareagency.com\/en\/aesthetic-medicine-of-the-body\/morpheus-8-body-contouring\/","title":{"rendered":"Morpheus 8: Body contouring"},"content":{"rendered":"\t\t<div data-elementor-type=\"wp-page\" data-elementor-id=\"7670\" class=\"elementor elementor-7670 elementor-6708\">\n\t\t\t\t\t\t<section class=\"has_ae_slider elementor-section elementor-top-section elementor-element elementor-element-68ab2bc elementor-section-boxed elementor-section-height-default elementor-section-height-default ae-bg-gallery-type-default\" data-id=\"68ab2bc\" data-element_type=\"section\">\n\t\t\t\t\t\t<div class=\"elementor-container elementor-column-gap-default\">\n\t\t\t\t\t<div class=\"has_ae_slider elementor-column elementor-col-100 elementor-top-column elementor-element elementor-element-709b69c ae-bg-gallery-type-default\" data-id=\"709b69c\" data-element_type=\"column\">\n\t\t\t<div class=\"elementor-widget-wrap elementor-element-populated\">\n\t\t\t\t\t\t<div class=\"elementor-element elementor-element-97cf32f elementor-widget elementor-widget-text-editor\" data-id=\"97cf32f\" data-element_type=\"widget\" data-widget_type=\"text-editor.default\">\n\t\t\t\t<div class=\"elementor-widget-container\">\n\t\t\t<style>\/*! elementor - v3.22.0 - 17-06-2024 *\/\n.elementor-widget-text-editor.elementor-drop-cap-view-stacked .elementor-drop-cap{background-color:#69727d;color:#fff}.elementor-widget-text-editor.elementor-drop-cap-view-framed .elementor-drop-cap{color:#69727d;border:3px solid;background-color:transparent}.elementor-widget-text-editor:not(.elementor-drop-cap-view-default) .elementor-drop-cap{margin-top:8px}.elementor-widget-text-editor:not(.elementor-drop-cap-view-default) .elementor-drop-cap-letter{width:1em;height:1em}.elementor-widget-text-editor .elementor-drop-cap{float:left;text-align:center;line-height:1;font-size:50px}.elementor-widget-text-editor .elementor-drop-cap-letter{display:inline-block}<\/style>\t\t\t\t<p>From the age of 35, the skin begins to deteriorate. This is the age at which dermatologists consider that skin aging begins to take place.<\/p>\n<p>The external environment, significant events leading to important hormonal variations such as pregnancy, hormonal imbalance disorders, strong weight variation, and later menopause, are all factors that act on the quality and firmness of the skin tissue.<\/p>\n<p>These signs of skin aging and <a href=\"https:\/\/skincareagency.com\/en\/your-needs\/sagging-skin\/\">sagging<\/a> materialize as sagging contours and volumes. This is called tissue ptosis. This phenomenon is explained by a decrease in the natural production of collagen fibers present in the dermis. Very often, this sagging is coupled with the appearance of a fatty mattress, whether on the stomach, thighs or arms. <\/p>\n<p>Aesthetic medicine is constantly researching and developing new treatments to treat the skin in depth and have a &#8216;lifting&#8217; effect.<\/p>\n<p>The <strong>MORPHEUS 8<\/strong> treatment is very effective in reversing the signs of aging and <strong>restoring tone to your body<\/strong> thanks to its unique combination of <strong>radiofrequency and microneedling<\/strong>.<\/p>\n\t\t\t\t\t\t<\/div>\n\t\t\t\t<\/div>\n\t\t\t\t\t<\/div>\n\t\t<\/div>\n\t\t\t\t\t<\/div>\n\t\t<\/section>\n\t\t\t\t<\/div>\n\t\t","protected":false},"excerpt":{"rendered":"<p>From the age of 35, the skin begins to deteriorate. This is the age at which dermatologists consider that skin [&hellip;]<\/p>\n","protected":false},"author":1,"featured_media":7380,"parent":7528,"menu_order":0,"comment_status":"closed","ping_status":"closed","template":"intervention.php","meta":{"footnotes":""},"class_list":["post-7670","page","type-page","status-publish","has-post-thumbnail","hentry","entry","has-media"],"acf":[],"yoast_head":"<!-- This site is optimized with the Yoast SEO plugin v22.8 - https:\/\/yoast.com\/wordpress\/plugins\/seo\/ -->\n<title>Morpheus 8: Body contouring in Paris - Skincare Agency<\/title>\n<meta name=\"description\" content=\"Morpheus 8: Body contouring : Un protocole de soins propos\u00e9 par votre centre de M\u00e9decine esth\u00e9tique \u00e0 Paris - Skincare Agency\" \/>\n<meta name=\"robots\" content=\"index, follow, max-snippet:-1, max-image-preview:large, max-video-preview:-1\" \/>\n<link rel=\"canonical\" href=\"https:\/\/skincareagency.com\/en\/aesthetic-medicine-of-the-body\/morpheus-8-body-contouring\/\" \/>\n<meta property=\"og:locale\" content=\"en_US\" \/>\n<meta property=\"og:type\" content=\"article\" \/>\n<meta property=\"og:title\" content=\"Morpheus 8: Body contouring in Paris - Skincare Agency\" \/>\n<meta property=\"og:description\" content=\"Morpheus 8: Body contouring : Un protocole de soins propos\u00e9 par votre centre de M\u00e9decine esth\u00e9tique \u00e0 Paris - Skincare Agency\" \/>\n<meta property=\"og:url\" content=\"https:\/\/skincareagency.com\/en\/aesthetic-medicine-of-the-body\/morpheus-8-body-contouring\/\" \/>\n<meta property=\"og:site_name\" content=\"Skincare Agency\" \/>\n<meta property=\"article:modified_time\" content=\"2024-06-11T22:06:32+00:00\" \/>\n<meta property=\"og:image\" content=\"https:\/\/skincareagency.com\/wp-content\/uploads\/2023\/03\/morpheus-8.jpg\" \/>\n\t<meta property=\"og:image:width\" content=\"541\" \/>\n\t<meta property=\"og:image:height\" content=\"249\" \/>\n\t<meta property=\"og:image:type\" content=\"image\/jpeg\" \/>\n<meta name=\"twitter:card\" content=\"summary_large_image\" \/>\n<meta name=\"twitter:label1\" content=\"Est. reading time\" \/>\n\t<meta name=\"twitter:data1\" content=\"1 minute\" \/>\n<!-- \/ Yoast SEO plugin. -->","yoast_head_json":{"title":"Morpheus 8: Body contouring in Paris - Skincare Agency","description":"Morpheus 8: Body contouring : Un protocole de soins propos\u00e9 par votre centre de M\u00e9decine esth\u00e9tique \u00e0 Paris - Skincare Agency","robots":{"index":"index","follow":"follow","max-snippet":"max-snippet:-1","max-image-preview":"max-image-preview:large","max-video-preview":"max-video-preview:-1"},"canonical":"https:\/\/skincareagency.com\/en\/aesthetic-medicine-of-the-body\/morpheus-8-body-contouring\/","og_locale":"en_US","og_type":"article","og_title":"Morpheus 8: Body contouring in Paris - Skincare Agency","og_description":"Morpheus 8: Body contouring : Un protocole de soins propos\u00e9 par votre centre de M\u00e9decine esth\u00e9tique \u00e0 Paris - Skincare Agency","og_url":"https:\/\/skincareagency.com\/en\/aesthetic-medicine-of-the-body\/morpheus-8-body-contouring\/","og_site_name":"Skincare Agency","article_modified_time":"2024-06-11T22:06:32+00:00","og_image":[{"width":541,"height":249,"url":"https:\/\/skincareagency.com\/wp-content\/uploads\/2023\/03\/morpheus-8.jpg","type":"image\/jpeg"}],"twitter_card":"summary_large_image","twitter_misc":{"Est. reading time":"1 minute"},"schema":{"@context":"https:\/\/schema.org","@graph":[{"@type":"Article","@id":"https:\/\/skincareagency.com\/en\/aesthetic-medicine-of-the-body\/morpheus-8-body-contouring\/#article","isPartOf":{"@id":"https:\/\/skincareagency.com\/en\/aesthetic-medicine-of-the-body\/morpheus-8-body-contouring\/"},"author":{"name":"admineim","@id":"https:\/\/skincareagency.com\/en\/#\/schema\/person\/1d02edbd5bd022b4ca0bb010178c84ab"},"headline":"Morpheus 8: Body contouring","datePublished":"2023-05-11T18:14:45+00:00","dateModified":"2024-06-11T22:06:32+00:00","mainEntityOfPage":{"@id":"https:\/\/skincareagency.com\/en\/aesthetic-medicine-of-the-body\/morpheus-8-body-contouring\/"},"wordCount":166,"publisher":{"@id":"https:\/\/skincareagency.com\/en\/#organization"},"image":{"@id":"https:\/\/skincareagency.com\/en\/aesthetic-medicine-of-the-body\/morpheus-8-body-contouring\/#primaryimage"},"thumbnailUrl":"https:\/\/skincareagency.com\/wp-content\/uploads\/2023\/03\/morpheus-8.jpg","inLanguage":"en-US"},{"@type":["WebPage","MedicalWebPage"],"@id":"https:\/\/skincareagency.com\/en\/aesthetic-medicine-of-the-body\/morpheus-8-body-contouring\/","url":"https:\/\/skincareagency.com\/en\/aesthetic-medicine-of-the-body\/morpheus-8-body-contouring\/","name":"Morpheus 8: Body contouring in Paris - Skincare Agency","isPartOf":{"@id":"https:\/\/skincareagency.com\/en\/#website"},"primaryImageOfPage":{"@id":"https:\/\/skincareagency.com\/en\/aesthetic-medicine-of-the-body\/morpheus-8-body-contouring\/#primaryimage"},"image":{"@id":"https:\/\/skincareagency.com\/en\/aesthetic-medicine-of-the-body\/morpheus-8-body-contouring\/#primaryimage"},"thumbnailUrl":"https:\/\/skincareagency.com\/wp-content\/uploads\/2023\/03\/morpheus-8.jpg","datePublished":"2023-05-11T18:14:45+00:00","dateModified":"2024-06-11T22:06:32+00:00","description":"Morpheus 8: Body contouring : Un protocole de soins propos\u00e9 par votre centre de M\u00e9decine esth\u00e9tique \u00e0 Paris - Skincare Agency","breadcrumb":{"@id":"https:\/\/skincareagency.com\/en\/aesthetic-medicine-of-the-body\/morpheus-8-body-contouring\/#breadcrumb"},"inLanguage":"en-US","potentialAction":[{"@type":"ReadAction","target":["https:\/\/skincareagency.com\/en\/aesthetic-medicine-of-the-body\/morpheus-8-body-contouring\/"]}]},{"@type":"ImageObject","inLanguage":"en-US","@id":"https:\/\/skincareagency.com\/en\/aesthetic-medicine-of-the-body\/morpheus-8-body-contouring\/#primaryimage","url":"https:\/\/skincareagency.com\/wp-content\/uploads\/2023\/03\/morpheus-8.jpg","contentUrl":"https:\/\/skincareagency.com\/wp-content\/uploads\/2023\/03\/morpheus-8.jpg","width":541,"height":249},{"@type":"BreadcrumbList","@id":"https:\/\/skincareagency.com\/en\/aesthetic-medicine-of-the-body\/morpheus-8-body-contouring\/#breadcrumb","itemListElement":[{"@type":"ListItem","position":1,"name":"Home","item":"https:\/\/skincareagency.com\/en\/home\/"},{"@type":"ListItem","position":2,"name":"Aesthetic body Medecine","item":"https:\/\/skincareagency.com\/en\/aesthetic-medicine-of-the-body\/"},{"@type":"ListItem","position":3,"name":"Morpheus 8: Body contouring"}]},{"@type":"WebSite","@id":"https:\/\/skincareagency.com\/en\/#website","url":"https:\/\/skincareagency.com\/en\/","name":"Skincare Agency","description":"M\u00e9decine esth\u00e9tique \u00e0 Paris","publisher":{"@id":"https:\/\/skincareagency.com\/en\/#organization"},"potentialAction":[{"@type":"SearchAction","target":{"@type":"EntryPoint","urlTemplate":"https:\/\/skincareagency.com\/en\/?s={search_term_string}"},"query-input":"required name=search_term_string"}],"inLanguage":"en-US"},{"@type":"Organization","@id":"https:\/\/skincareagency.com\/en\/#organization","name":"Skincare Agency","url":"https:\/\/skincareagency.com\/en\/","logo":{"@type":"ImageObject","inLanguage":"en-US","@id":"https:\/\/skincareagency.com\/en\/#\/schema\/logo\/image\/","url":"https:\/\/skincareagency.com\/wp-content\/uploads\/2022\/05\/Logo_fondblanclait.jpg","contentUrl":"https:\/\/skincareagency.com\/wp-content\/uploads\/2022\/05\/Logo_fondblanclait.jpg","width":279,"height":237,"caption":"Skincare Agency"},"image":{"@id":"https:\/\/skincareagency.com\/en\/#\/schema\/logo\/image\/"}},{"@type":"Person","@id":"https:\/\/skincareagency.com\/en\/#\/schema\/person\/1d02edbd5bd022b4ca0bb010178c84ab","name":"admineim","image":{"@type":"ImageObject","inLanguage":"en-US","@id":"https:\/\/skincareagency.com\/en\/#\/schema\/person\/image\/","url":"https:\/\/secure.gravatar.com\/avatar\/c3b707b63b0c0d3476ba0d0553480c19969f740ef580a811f9f56ddc6c25f705?s=96&d=mm&r=g","contentUrl":"https:\/\/secure.gravatar.com\/avatar\/c3b707b63b0c0d3476ba0d0553480c19969f740ef580a811f9f56ddc6c25f705?s=96&d=mm&r=g","caption":"admineim"},"sameAs":["https:\/\/skincareagency.com"]}]}},"_links":{"self":[{"href":"https:\/\/skincareagency.com\/en\/wp-json\/wp\/v2\/pages\/7670","targetHints":{"allow":["GET"]}}],"collection":[{"href":"https:\/\/skincareagency.com\/en\/wp-json\/wp\/v2\/pages"}],"about":[{"href":"https:\/\/skincareagency.com\/en\/wp-json\/wp\/v2\/types\/page"}],"author":[{"embeddable":true,"href":"https:\/\/skincareagency.com\/en\/wp-json\/wp\/v2\/users\/1"}],"replies":[{"embeddable":true,"href":"https:\/\/skincareagency.com\/en\/wp-json\/wp\/v2\/comments?post=7670"}],"version-history":[{"count":2,"href":"https:\/\/skincareagency.com\/en\/wp-json\/wp\/v2\/pages\/7670\/revisions"}],"predecessor-version":[{"id":7820,"href":"https:\/\/skincareagency.com\/en\/wp-json\/wp\/v2\/pages\/7670\/revisions\/7820"}],"up":[{"embeddable":true,"href":"https:\/\/skincareagency.com\/en\/wp-json\/wp\/v2\/pages\/7528"}],"wp:featuredmedia":[{"embeddable":true,"href":"https:\/\/skincareagency.com\/en\/wp-json\/wp\/v2\/media\/7380"}],"wp:attachment":[{"href":"https:\/\/skincareagency.com\/en\/wp-json\/wp\/v2\/media?parent=7670"}],"curies":[{"name":"wp","href":"https:\/\/api.w.org\/{rel}","templated":true}]}}