{"id":7634,"date":"2022-04-28T15:16:23","date_gmt":"2022-04-28T13:16:23","guid":{"rendered":"https:\/\/skincareagency.com\/hair\/hydrafacial-keravive-hair\/"},"modified":"2024-06-10T23:02:47","modified_gmt":"2024-06-10T21:02:47","slug":"hydrafacial-keravive-hair","status":"publish","type":"page","link":"https:\/\/skincareagency.com\/en\/hair\/hydrafacial-keravive-hair\/","title":{"rendered":"Hydrafacial Keravive hair"},"content":{"rendered":"\t\t<div data-elementor-type=\"wp-page\" data-elementor-id=\"7634\" class=\"elementor elementor-7634 elementor-2445\">\n\t\t\t\t\t\t<section class=\"has_ae_slider elementor-section elementor-top-section elementor-element elementor-element-b958b7c elementor-section-boxed elementor-section-height-default elementor-section-height-default ae-bg-gallery-type-default\" data-id=\"b958b7c\" data-element_type=\"section\">\n\t\t\t\t\t\t<div class=\"elementor-container elementor-column-gap-default\">\n\t\t\t\t\t<div class=\"has_ae_slider elementor-column elementor-col-100 elementor-top-column elementor-element elementor-element-241a1c1 ae-bg-gallery-type-default\" data-id=\"241a1c1\" data-element_type=\"column\">\n\t\t\t<div class=\"elementor-widget-wrap elementor-element-populated\">\n\t\t\t\t\t\t<div class=\"elementor-element elementor-element-e2fe5b0 elementor-widget elementor-widget-text-editor\" data-id=\"e2fe5b0\" data-element_type=\"widget\" data-widget_type=\"text-editor.default\">\n\t\t\t\t<div class=\"elementor-widget-container\">\n\t\t\t<style>\/*! elementor - v3.22.0 - 17-06-2024 *\/\n.elementor-widget-text-editor.elementor-drop-cap-view-stacked .elementor-drop-cap{background-color:#69727d;color:#fff}.elementor-widget-text-editor.elementor-drop-cap-view-framed .elementor-drop-cap{color:#69727d;border:3px solid;background-color:transparent}.elementor-widget-text-editor:not(.elementor-drop-cap-view-default) .elementor-drop-cap{margin-top:8px}.elementor-widget-text-editor:not(.elementor-drop-cap-view-default) .elementor-drop-cap-letter{width:1em;height:1em}.elementor-widget-text-editor .elementor-drop-cap{float:left;text-align:center;line-height:1;font-size:50px}.elementor-widget-text-editor .elementor-drop-cap-letter{display:inline-block}<\/style>\t\t\t\t<p><a href=\"https:\/\/skincareagency.com\/en\/aesthetic-medicine-of-the-body\/hydrafacial-body-treatment\/\">The HydraFacial Elite<\/a> is the ultimate skin cleanser. It has quickly become the most in demand treatment, rising to #1 globally. It\u2019s been calculated that a HydraFacial treatment is performed every 8 seconds throughout the world.<\/p>\n<p><strong>This makes sense when you consider that HydraFacials can be performed on everyone, regardless of skin type and skin concern!<\/strong><\/p>\n<p>An unhealthy scalp affects the overall condition of the hair, a healthy scalp is fundamental to having abundant, healthy hair.<\/p>\n<p>Today we know that hair loss affects half of the world&#8217;s male population and 1\/3 of women over the age of 25.<\/p>\n<p>An unhealthy scalp can lead to thinning and hair loss, the main causes being a lack of moisture, clogged follicles, lots of dead surface cells and poor circulation.<\/p>\n<p>HydraFacial Vortex technology cleanses, exfoliates, and stimulates the scalp. The Keravive complex deeply moisturizes and nourishes with an exclusive cocktail of peptides.<\/p>\n\t\t\t\t\t\t<\/div>\n\t\t\t\t<\/div>\n\t\t\t\t\t<\/div>\n\t\t<\/div>\n\t\t\t\t\t<\/div>\n\t\t<\/section>\n\t\t\t\t<\/div>\n\t\t","protected":false},"excerpt":{"rendered":"<p>The HydraFacial Elite is the ultimate skin cleanser. It has quickly become the most in demand treatment, rising to #1 [&hellip;]<\/p>\n","protected":false},"author":1,"featured_media":7271,"parent":7628,"menu_order":0,"comment_status":"closed","ping_status":"closed","template":"intervention.php","meta":{"footnotes":""},"class_list":["post-7634","page","type-page","status-publish","has-post-thumbnail","hentry","entry","has-media"],"acf":[],"yoast_head":"<!-- This site is optimized with the Yoast SEO plugin v22.8 - https:\/\/yoast.com\/wordpress\/plugins\/seo\/ -->\n<title>Hydrafacial Hair Treatment in Paris 8 - Skincare Agency<\/title>\n<meta name=\"description\" content=\"Hydrafacial Keravive hair : Un protocole de soins propos\u00e9 par votre centre de M\u00e9decine esth\u00e9tique \u00e0 Paris - Skincare Agency\" \/>\n<meta name=\"robots\" content=\"index, follow, max-snippet:-1, max-image-preview:large, max-video-preview:-1\" \/>\n<link rel=\"canonical\" href=\"https:\/\/skincareagency.com\/en\/hair\/hydrafacial-keravive-hair\/\" \/>\n<meta property=\"og:locale\" content=\"en_US\" \/>\n<meta property=\"og:type\" content=\"article\" \/>\n<meta property=\"og:title\" content=\"Hydrafacial Hair Treatment in Paris 8 - Skincare Agency\" \/>\n<meta property=\"og:description\" content=\"Hydrafacial Keravive hair : Un protocole de soins propos\u00e9 par votre centre de M\u00e9decine esth\u00e9tique \u00e0 Paris - Skincare Agency\" \/>\n<meta property=\"og:url\" content=\"https:\/\/skincareagency.com\/en\/hair\/hydrafacial-keravive-hair\/\" \/>\n<meta property=\"og:site_name\" content=\"Skincare Agency\" \/>\n<meta property=\"article:modified_time\" content=\"2024-06-10T21:02:47+00:00\" \/>\n<meta property=\"og:image\" content=\"https:\/\/skincareagency.com\/wp-content\/uploads\/2022\/11\/HYDRAFACIAL-KERAVIVE-CHEVEUX.jpg\" \/>\n\t<meta property=\"og:image:width\" content=\"533\" \/>\n\t<meta property=\"og:image:height\" content=\"400\" \/>\n\t<meta property=\"og:image:type\" content=\"image\/jpeg\" \/>\n<meta name=\"twitter:card\" content=\"summary_large_image\" \/>\n<meta name=\"twitter:label1\" content=\"Est. reading time\" \/>\n\t<meta name=\"twitter:data1\" content=\"1 minute\" \/>\n<!-- \/ Yoast SEO plugin. -->","yoast_head_json":{"title":"Hydrafacial Hair Treatment in Paris 8 - Skincare Agency","description":"Hydrafacial Keravive hair : Un protocole de soins propos\u00e9 par votre centre de M\u00e9decine esth\u00e9tique \u00e0 Paris - Skincare Agency","robots":{"index":"index","follow":"follow","max-snippet":"max-snippet:-1","max-image-preview":"max-image-preview:large","max-video-preview":"max-video-preview:-1"},"canonical":"https:\/\/skincareagency.com\/en\/hair\/hydrafacial-keravive-hair\/","og_locale":"en_US","og_type":"article","og_title":"Hydrafacial Hair Treatment in Paris 8 - Skincare Agency","og_description":"Hydrafacial Keravive hair : Un protocole de soins propos\u00e9 par votre centre de M\u00e9decine esth\u00e9tique \u00e0 Paris - Skincare Agency","og_url":"https:\/\/skincareagency.com\/en\/hair\/hydrafacial-keravive-hair\/","og_site_name":"Skincare Agency","article_modified_time":"2024-06-10T21:02:47+00:00","og_image":[{"width":533,"height":400,"url":"https:\/\/skincareagency.com\/wp-content\/uploads\/2022\/11\/HYDRAFACIAL-KERAVIVE-CHEVEUX.jpg","type":"image\/jpeg"}],"twitter_card":"summary_large_image","twitter_misc":{"Est. reading time":"1 minute"},"schema":{"@context":"https:\/\/schema.org","@graph":[{"@type":"Article","@id":"https:\/\/skincareagency.com\/en\/hair\/hydrafacial-keravive-hair\/#article","isPartOf":{"@id":"https:\/\/skincareagency.com\/en\/hair\/hydrafacial-keravive-hair\/"},"author":{"name":"admineim","@id":"https:\/\/skincareagency.com\/en\/#\/schema\/person\/1d02edbd5bd022b4ca0bb010178c84ab"},"headline":"Hydrafacial Keravive hair","datePublished":"2022-04-28T13:16:23+00:00","dateModified":"2024-06-10T21:02:47+00:00","mainEntityOfPage":{"@id":"https:\/\/skincareagency.com\/en\/hair\/hydrafacial-keravive-hair\/"},"wordCount":148,"publisher":{"@id":"https:\/\/skincareagency.com\/en\/#organization"},"image":{"@id":"https:\/\/skincareagency.com\/en\/hair\/hydrafacial-keravive-hair\/#primaryimage"},"thumbnailUrl":"https:\/\/skincareagency.com\/wp-content\/uploads\/2022\/11\/HYDRAFACIAL-KERAVIVE-CHEVEUX.jpg","inLanguage":"en-US"},{"@type":["WebPage","MedicalWebPage"],"@id":"https:\/\/skincareagency.com\/en\/hair\/hydrafacial-keravive-hair\/","url":"https:\/\/skincareagency.com\/en\/hair\/hydrafacial-keravive-hair\/","name":"Hydrafacial Hair Treatment in Paris 8 - Skincare Agency","isPartOf":{"@id":"https:\/\/skincareagency.com\/en\/#website"},"primaryImageOfPage":{"@id":"https:\/\/skincareagency.com\/en\/hair\/hydrafacial-keravive-hair\/#primaryimage"},"image":{"@id":"https:\/\/skincareagency.com\/en\/hair\/hydrafacial-keravive-hair\/#primaryimage"},"thumbnailUrl":"https:\/\/skincareagency.com\/wp-content\/uploads\/2022\/11\/HYDRAFACIAL-KERAVIVE-CHEVEUX.jpg","datePublished":"2022-04-28T13:16:23+00:00","dateModified":"2024-06-10T21:02:47+00:00","description":"Hydrafacial Keravive hair : Un protocole de soins propos\u00e9 par votre centre de M\u00e9decine esth\u00e9tique \u00e0 Paris - Skincare Agency","breadcrumb":{"@id":"https:\/\/skincareagency.com\/en\/hair\/hydrafacial-keravive-hair\/#breadcrumb"},"inLanguage":"en-US","potentialAction":[{"@type":"ReadAction","target":["https:\/\/skincareagency.com\/en\/hair\/hydrafacial-keravive-hair\/"]}]},{"@type":"ImageObject","inLanguage":"en-US","@id":"https:\/\/skincareagency.com\/en\/hair\/hydrafacial-keravive-hair\/#primaryimage","url":"https:\/\/skincareagency.com\/wp-content\/uploads\/2022\/11\/HYDRAFACIAL-KERAVIVE-CHEVEUX.jpg","contentUrl":"https:\/\/skincareagency.com\/wp-content\/uploads\/2022\/11\/HYDRAFACIAL-KERAVIVE-CHEVEUX.jpg","width":533,"height":400},{"@type":"BreadcrumbList","@id":"https:\/\/skincareagency.com\/en\/hair\/hydrafacial-keravive-hair\/#breadcrumb","itemListElement":[{"@type":"ListItem","position":1,"name":"Home","item":"https:\/\/skincareagency.com\/en\/home\/"},{"@type":"ListItem","position":2,"name":"Hair","item":"https:\/\/skincareagency.com\/en\/cheveux-soins-traitement\/"},{"@type":"ListItem","position":3,"name":"Hydrafacial Keravive hair"}]},{"@type":"WebSite","@id":"https:\/\/skincareagency.com\/en\/#website","url":"https:\/\/skincareagency.com\/en\/","name":"Skincare Agency","description":"M\u00e9decine esth\u00e9tique \u00e0 Paris","publisher":{"@id":"https:\/\/skincareagency.com\/en\/#organization"},"potentialAction":[{"@type":"SearchAction","target":{"@type":"EntryPoint","urlTemplate":"https:\/\/skincareagency.com\/en\/?s={search_term_string}"},"query-input":"required name=search_term_string"}],"inLanguage":"en-US"},{"@type":"Organization","@id":"https:\/\/skincareagency.com\/en\/#organization","name":"Skincare Agency","url":"https:\/\/skincareagency.com\/en\/","logo":{"@type":"ImageObject","inLanguage":"en-US","@id":"https:\/\/skincareagency.com\/en\/#\/schema\/logo\/image\/","url":"https:\/\/skincareagency.com\/wp-content\/uploads\/2022\/05\/Logo_fondblanclait.jpg","contentUrl":"https:\/\/skincareagency.com\/wp-content\/uploads\/2022\/05\/Logo_fondblanclait.jpg","width":279,"height":237,"caption":"Skincare Agency"},"image":{"@id":"https:\/\/skincareagency.com\/en\/#\/schema\/logo\/image\/"}},{"@type":"Person","@id":"https:\/\/skincareagency.com\/en\/#\/schema\/person\/1d02edbd5bd022b4ca0bb010178c84ab","name":"admineim","image":{"@type":"ImageObject","inLanguage":"en-US","@id":"https:\/\/skincareagency.com\/en\/#\/schema\/person\/image\/","url":"https:\/\/secure.gravatar.com\/avatar\/c3b707b63b0c0d3476ba0d0553480c19969f740ef580a811f9f56ddc6c25f705?s=96&d=mm&r=g","contentUrl":"https:\/\/secure.gravatar.com\/avatar\/c3b707b63b0c0d3476ba0d0553480c19969f740ef580a811f9f56ddc6c25f705?s=96&d=mm&r=g","caption":"admineim"},"sameAs":["https:\/\/skincareagency.com"]}]}},"_links":{"self":[{"href":"https:\/\/skincareagency.com\/en\/wp-json\/wp\/v2\/pages\/7634","targetHints":{"allow":["GET"]}}],"collection":[{"href":"https:\/\/skincareagency.com\/en\/wp-json\/wp\/v2\/pages"}],"about":[{"href":"https:\/\/skincareagency.com\/en\/wp-json\/wp\/v2\/types\/page"}],"author":[{"embeddable":true,"href":"https:\/\/skincareagency.com\/en\/wp-json\/wp\/v2\/users\/1"}],"replies":[{"embeddable":true,"href":"https:\/\/skincareagency.com\/en\/wp-json\/wp\/v2\/comments?post=7634"}],"version-history":[{"count":1,"href":"https:\/\/skincareagency.com\/en\/wp-json\/wp\/v2\/pages\/7634\/revisions"}],"predecessor-version":[{"id":7635,"href":"https:\/\/skincareagency.com\/en\/wp-json\/wp\/v2\/pages\/7634\/revisions\/7635"}],"up":[{"embeddable":true,"href":"https:\/\/skincareagency.com\/en\/wp-json\/wp\/v2\/pages\/7628"}],"wp:featuredmedia":[{"embeddable":true,"href":"https:\/\/skincareagency.com\/en\/wp-json\/wp\/v2\/media\/7271"}],"wp:attachment":[{"href":"https:\/\/skincareagency.com\/en\/wp-json\/wp\/v2\/media?parent=7634"}],"curies":[{"name":"wp","href":"https:\/\/api.w.org\/{rel}","templated":true}]}}