{"id":7632,"date":"2022-04-28T15:08:43","date_gmt":"2022-04-28T13:08:43","guid":{"rendered":"https:\/\/skincareagency.com\/hair\/hair-mesotherapy\/"},"modified":"2024-08-01T18:55:11","modified_gmt":"2024-08-01T16:55:11","slug":"hair-mesotherapy","status":"publish","type":"page","link":"https:\/\/skincareagency.com\/en\/hair\/hair-mesotherapy\/","title":{"rendered":"Hair mesotherapy"},"content":{"rendered":"\t\t<div data-elementor-type=\"wp-page\" data-elementor-id=\"7632\" class=\"elementor elementor-7632 elementor-2439\">\n\t\t\t\t\t\t<section class=\"has_ae_slider elementor-section elementor-top-section elementor-element elementor-element-e892cee elementor-section-boxed elementor-section-height-default elementor-section-height-default ae-bg-gallery-type-default\" data-id=\"e892cee\" data-element_type=\"section\">\n\t\t\t\t\t\t<div class=\"elementor-container elementor-column-gap-default\">\n\t\t\t\t\t<div class=\"has_ae_slider elementor-column elementor-col-100 elementor-top-column elementor-element elementor-element-ebd4f86 ae-bg-gallery-type-default\" data-id=\"ebd4f86\" data-element_type=\"column\">\n\t\t\t<div class=\"elementor-widget-wrap elementor-element-populated\">\n\t\t\t\t\t\t<div class=\"elementor-element elementor-element-97803f5 elementor-widget elementor-widget-text-editor\" data-id=\"97803f5\" data-element_type=\"widget\" data-widget_type=\"text-editor.default\">\n\t\t\t\t<div class=\"elementor-widget-container\">\n\t\t\t<style>\/*! elementor - v3.22.0 - 17-06-2024 *\/\n.elementor-widget-text-editor.elementor-drop-cap-view-stacked .elementor-drop-cap{background-color:#69727d;color:#fff}.elementor-widget-text-editor.elementor-drop-cap-view-framed .elementor-drop-cap{color:#69727d;border:3px solid;background-color:transparent}.elementor-widget-text-editor:not(.elementor-drop-cap-view-default) .elementor-drop-cap{margin-top:8px}.elementor-widget-text-editor:not(.elementor-drop-cap-view-default) .elementor-drop-cap-letter{width:1em;height:1em}.elementor-widget-text-editor .elementor-drop-cap{float:left;text-align:center;line-height:1;font-size:50px}.elementor-widget-text-editor .elementor-drop-cap-letter{display:inline-block}<\/style>\t\t\t\t<p>Hair loss affects more than 80% of men, but it also affects women. In the majority of cases, this represents a real complex because in certain patients, the phenomenon can occur from the age of 25.<\/p><p>In women, hair loss appears later and often the causes are different: hormonal imbalance, menopause, or a strong emotional shock can cause both localized and global loss of hair density.<\/p><p>In men, the first hair loss often heralds a more widespread baldness, and the causes are often genetic, linked to health problems (deficiencies, weight variations) but also to daily stress. Pollution is recognized as an aggravating factor in hair loss.<\/p><p><strong>Aesthetic medicine has developed several treatments to treat alopecia by stopping hair loss<\/strong> (<a href=\"https:\/\/skincareagency.com\/en\/hair\/hair-mesotherapy\/\">capillary mesotherapy<\/a>), by recreating hair density and even by filling in baldness (<a href=\"https:\/\/skincareagency.com\/en\/hair\/implants-and-hair-transplants\/\">hair transplant<\/a>). These treatments are adapted to the level of alopecia of each patient and allow the problem to be resolved gradually.<\/p><p><strong>Hair mesotherapy<\/strong>, also known as <strong>mesopecy<\/strong>, responds to the first indications of hair loss. Hair mesotherapy is a technique used within the framework of aesthetic medicine and the principle of which consists of carrying out micro-injections into the scalp in order to recreate deep hydration having the effect of revitalizing the scalp and stimulating the microcirculation.<\/p><p>This technique has proven results. It uses superficial micro-injections of active ingredients in the areas to be treated, stopping hair loss, and stimulating the scalp. This treatment also makes it possible to intervene in a localized way.<\/p>\t\t\t\t\t\t<\/div>\n\t\t\t\t<\/div>\n\t\t\t\t\t<\/div>\n\t\t<\/div>\n\t\t\t\t\t<\/div>\n\t\t<\/section>\n\t\t\t\t<\/div>\n\t\t","protected":false},"excerpt":{"rendered":"<p>Hair loss affects more than 80% of men, but it also affects women. In the majority of cases, this represents [&hellip;]<\/p>\n","protected":false},"author":1,"featured_media":7255,"parent":7628,"menu_order":0,"comment_status":"closed","ping_status":"closed","template":"intervention.php","meta":{"footnotes":""},"class_list":["post-7632","page","type-page","status-publish","has-post-thumbnail","hentry","entry","has-media"],"acf":[],"yoast_head":"<!-- This site is optimized with the Yoast SEO plugin v22.8 - https:\/\/yoast.com\/wordpress\/plugins\/seo\/ -->\n<title>Hair mesotherapy - Skincare Agency<\/title>\n<meta name=\"description\" content=\"Hair mesotherapy : Un protocole de soins propos\u00e9 par votre centre de M\u00e9decine esth\u00e9tique \u00e0 Paris - Skincare Agency\" \/>\n<meta name=\"robots\" content=\"index, follow, max-snippet:-1, max-image-preview:large, max-video-preview:-1\" \/>\n<link rel=\"canonical\" href=\"https:\/\/skincareagency.com\/en\/hair\/hair-mesotherapy\/\" \/>\n<meta property=\"og:locale\" content=\"en_US\" \/>\n<meta property=\"og:type\" content=\"article\" \/>\n<meta property=\"og:title\" content=\"Hair mesotherapy - Skincare Agency\" \/>\n<meta property=\"og:description\" content=\"Hair mesotherapy : Un protocole de soins propos\u00e9 par votre centre de M\u00e9decine esth\u00e9tique \u00e0 Paris - Skincare Agency\" \/>\n<meta property=\"og:url\" content=\"https:\/\/skincareagency.com\/en\/hair\/hair-mesotherapy\/\" \/>\n<meta property=\"og:site_name\" content=\"Skincare Agency\" \/>\n<meta property=\"article:modified_time\" content=\"2024-08-01T16:55:11+00:00\" \/>\n<meta property=\"og:image\" content=\"https:\/\/skincareagency.com\/wp-content\/uploads\/2022\/11\/mesotherapie-capillaire-skincare.jpg\" \/>\n\t<meta property=\"og:image:width\" content=\"533\" \/>\n\t<meta property=\"og:image:height\" content=\"400\" \/>\n\t<meta property=\"og:image:type\" content=\"image\/jpeg\" \/>\n<meta name=\"twitter:card\" content=\"summary_large_image\" \/>\n<meta name=\"twitter:label1\" content=\"Est. reading time\" \/>\n\t<meta name=\"twitter:data1\" content=\"1 minute\" \/>\n<!-- \/ Yoast SEO plugin. -->","yoast_head_json":{"title":"Hair mesotherapy - Skincare Agency","description":"Hair mesotherapy : Un protocole de soins propos\u00e9 par votre centre de M\u00e9decine esth\u00e9tique \u00e0 Paris - Skincare Agency","robots":{"index":"index","follow":"follow","max-snippet":"max-snippet:-1","max-image-preview":"max-image-preview:large","max-video-preview":"max-video-preview:-1"},"canonical":"https:\/\/skincareagency.com\/en\/hair\/hair-mesotherapy\/","og_locale":"en_US","og_type":"article","og_title":"Hair mesotherapy - Skincare Agency","og_description":"Hair mesotherapy : Un protocole de soins propos\u00e9 par votre centre de M\u00e9decine esth\u00e9tique \u00e0 Paris - Skincare Agency","og_url":"https:\/\/skincareagency.com\/en\/hair\/hair-mesotherapy\/","og_site_name":"Skincare Agency","article_modified_time":"2024-08-01T16:55:11+00:00","og_image":[{"width":533,"height":400,"url":"https:\/\/skincareagency.com\/wp-content\/uploads\/2022\/11\/mesotherapie-capillaire-skincare.jpg","type":"image\/jpeg"}],"twitter_card":"summary_large_image","twitter_misc":{"Est. reading time":"1 minute"},"schema":{"@context":"https:\/\/schema.org","@graph":[{"@type":"Article","@id":"https:\/\/skincareagency.com\/en\/hair\/hair-mesotherapy\/#article","isPartOf":{"@id":"https:\/\/skincareagency.com\/en\/hair\/hair-mesotherapy\/"},"author":{"name":"admineim","@id":"https:\/\/skincareagency.com\/en\/#\/schema\/person\/1d02edbd5bd022b4ca0bb010178c84ab"},"headline":"Hair mesotherapy","datePublished":"2022-04-28T13:08:43+00:00","dateModified":"2024-08-01T16:55:11+00:00","mainEntityOfPage":{"@id":"https:\/\/skincareagency.com\/en\/hair\/hair-mesotherapy\/"},"wordCount":246,"publisher":{"@id":"https:\/\/skincareagency.com\/en\/#organization"},"image":{"@id":"https:\/\/skincareagency.com\/en\/hair\/hair-mesotherapy\/#primaryimage"},"thumbnailUrl":"https:\/\/skincareagency.com\/wp-content\/uploads\/2022\/11\/mesotherapie-capillaire-skincare.jpg","inLanguage":"en-US"},{"@type":["WebPage","MedicalWebPage"],"@id":"https:\/\/skincareagency.com\/en\/hair\/hair-mesotherapy\/","url":"https:\/\/skincareagency.com\/en\/hair\/hair-mesotherapy\/","name":"Hair mesotherapy - Skincare Agency","isPartOf":{"@id":"https:\/\/skincareagency.com\/en\/#website"},"primaryImageOfPage":{"@id":"https:\/\/skincareagency.com\/en\/hair\/hair-mesotherapy\/#primaryimage"},"image":{"@id":"https:\/\/skincareagency.com\/en\/hair\/hair-mesotherapy\/#primaryimage"},"thumbnailUrl":"https:\/\/skincareagency.com\/wp-content\/uploads\/2022\/11\/mesotherapie-capillaire-skincare.jpg","datePublished":"2022-04-28T13:08:43+00:00","dateModified":"2024-08-01T16:55:11+00:00","description":"Hair mesotherapy : Un protocole de soins propos\u00e9 par votre centre de M\u00e9decine esth\u00e9tique \u00e0 Paris - Skincare Agency","breadcrumb":{"@id":"https:\/\/skincareagency.com\/en\/hair\/hair-mesotherapy\/#breadcrumb"},"inLanguage":"en-US","potentialAction":[{"@type":"ReadAction","target":["https:\/\/skincareagency.com\/en\/hair\/hair-mesotherapy\/"]}]},{"@type":"ImageObject","inLanguage":"en-US","@id":"https:\/\/skincareagency.com\/en\/hair\/hair-mesotherapy\/#primaryimage","url":"https:\/\/skincareagency.com\/wp-content\/uploads\/2022\/11\/mesotherapie-capillaire-skincare.jpg","contentUrl":"https:\/\/skincareagency.com\/wp-content\/uploads\/2022\/11\/mesotherapie-capillaire-skincare.jpg","width":533,"height":400},{"@type":"BreadcrumbList","@id":"https:\/\/skincareagency.com\/en\/hair\/hair-mesotherapy\/#breadcrumb","itemListElement":[{"@type":"ListItem","position":1,"name":"Home","item":"https:\/\/skincareagency.com\/en\/home\/"},{"@type":"ListItem","position":2,"name":"Hair","item":"https:\/\/skincareagency.com\/en\/cheveux-soins-traitement\/"},{"@type":"ListItem","position":3,"name":"Hair mesotherapy"}]},{"@type":"WebSite","@id":"https:\/\/skincareagency.com\/en\/#website","url":"https:\/\/skincareagency.com\/en\/","name":"Skincare Agency","description":"M\u00e9decine esth\u00e9tique \u00e0 Paris","publisher":{"@id":"https:\/\/skincareagency.com\/en\/#organization"},"potentialAction":[{"@type":"SearchAction","target":{"@type":"EntryPoint","urlTemplate":"https:\/\/skincareagency.com\/en\/?s={search_term_string}"},"query-input":"required name=search_term_string"}],"inLanguage":"en-US"},{"@type":"Organization","@id":"https:\/\/skincareagency.com\/en\/#organization","name":"Skincare Agency","url":"https:\/\/skincareagency.com\/en\/","logo":{"@type":"ImageObject","inLanguage":"en-US","@id":"https:\/\/skincareagency.com\/en\/#\/schema\/logo\/image\/","url":"https:\/\/skincareagency.com\/wp-content\/uploads\/2022\/05\/Logo_fondblanclait.jpg","contentUrl":"https:\/\/skincareagency.com\/wp-content\/uploads\/2022\/05\/Logo_fondblanclait.jpg","width":279,"height":237,"caption":"Skincare Agency"},"image":{"@id":"https:\/\/skincareagency.com\/en\/#\/schema\/logo\/image\/"}},{"@type":"Person","@id":"https:\/\/skincareagency.com\/en\/#\/schema\/person\/1d02edbd5bd022b4ca0bb010178c84ab","name":"admineim","image":{"@type":"ImageObject","inLanguage":"en-US","@id":"https:\/\/skincareagency.com\/en\/#\/schema\/person\/image\/","url":"https:\/\/secure.gravatar.com\/avatar\/c3b707b63b0c0d3476ba0d0553480c19969f740ef580a811f9f56ddc6c25f705?s=96&d=mm&r=g","contentUrl":"https:\/\/secure.gravatar.com\/avatar\/c3b707b63b0c0d3476ba0d0553480c19969f740ef580a811f9f56ddc6c25f705?s=96&d=mm&r=g","caption":"admineim"},"sameAs":["https:\/\/skincareagency.com"]}]}},"_links":{"self":[{"href":"https:\/\/skincareagency.com\/en\/wp-json\/wp\/v2\/pages\/7632","targetHints":{"allow":["GET"]}}],"collection":[{"href":"https:\/\/skincareagency.com\/en\/wp-json\/wp\/v2\/pages"}],"about":[{"href":"https:\/\/skincareagency.com\/en\/wp-json\/wp\/v2\/types\/page"}],"author":[{"embeddable":true,"href":"https:\/\/skincareagency.com\/en\/wp-json\/wp\/v2\/users\/1"}],"replies":[{"embeddable":true,"href":"https:\/\/skincareagency.com\/en\/wp-json\/wp\/v2\/comments?post=7632"}],"version-history":[{"count":10,"href":"https:\/\/skincareagency.com\/en\/wp-json\/wp\/v2\/pages\/7632\/revisions"}],"predecessor-version":[{"id":7968,"href":"https:\/\/skincareagency.com\/en\/wp-json\/wp\/v2\/pages\/7632\/revisions\/7968"}],"up":[{"embeddable":true,"href":"https:\/\/skincareagency.com\/en\/wp-json\/wp\/v2\/pages\/7628"}],"wp:featuredmedia":[{"embeddable":true,"href":"https:\/\/skincareagency.com\/en\/wp-json\/wp\/v2\/media\/7255"}],"wp:attachment":[{"href":"https:\/\/skincareagency.com\/en\/wp-json\/wp\/v2\/media?parent=7632"}],"curies":[{"name":"wp","href":"https:\/\/api.w.org\/{rel}","templated":true}]}}