{"id":7608,"date":"2022-04-04T11:16:37","date_gmt":"2022-04-04T09:16:37","guid":{"rendered":"https:\/\/skincareagency.com\/aesthetic-medicine-of-the-body\/tensor-threads-for-the-body\/"},"modified":"2024-06-10T15:56:43","modified_gmt":"2024-06-10T13:56:43","slug":"tensor-threads-for-the-body","status":"publish","type":"page","link":"https:\/\/skincareagency.com\/en\/aesthetic-medicine-of-the-body\/tensor-threads-for-the-body\/","title":{"rendered":"Tensor threads for the body"},"content":{"rendered":"\t\t<div data-elementor-type=\"wp-page\" data-elementor-id=\"7608\" class=\"elementor elementor-7608 elementor-1138\">\n\t\t\t\t\t\t<section class=\"has_ae_slider elementor-section elementor-top-section elementor-element elementor-element-82da186 elementor-section-boxed elementor-section-height-default elementor-section-height-default ae-bg-gallery-type-default\" data-id=\"82da186\" data-element_type=\"section\">\n\t\t\t\t\t\t<div class=\"elementor-container elementor-column-gap-default\">\n\t\t\t\t\t<div class=\"has_ae_slider elementor-column elementor-col-100 elementor-top-column elementor-element elementor-element-1865e73 ae-bg-gallery-type-default\" data-id=\"1865e73\" data-element_type=\"column\">\n\t\t\t<div class=\"elementor-widget-wrap elementor-element-populated\">\n\t\t\t\t\t\t<div class=\"elementor-element elementor-element-46c818a elementor-widget elementor-widget-text-editor\" data-id=\"46c818a\" data-element_type=\"widget\" data-widget_type=\"text-editor.default\">\n\t\t\t\t<div class=\"elementor-widget-container\">\n\t\t\t<style>\/*! elementor - v3.22.0 - 17-06-2024 *\/\n.elementor-widget-text-editor.elementor-drop-cap-view-stacked .elementor-drop-cap{background-color:#69727d;color:#fff}.elementor-widget-text-editor.elementor-drop-cap-view-framed .elementor-drop-cap{color:#69727d;border:3px solid;background-color:transparent}.elementor-widget-text-editor:not(.elementor-drop-cap-view-default) .elementor-drop-cap{margin-top:8px}.elementor-widget-text-editor:not(.elementor-drop-cap-view-default) .elementor-drop-cap-letter{width:1em;height:1em}.elementor-widget-text-editor .elementor-drop-cap{float:left;text-align:center;line-height:1;font-size:50px}.elementor-widget-text-editor .elementor-drop-cap-letter{display:inline-block}<\/style>\t\t\t\t<p>The <strong> tensor thread procedure<\/strong> is a technique that has been used in cosmetic surgery for many years. Better known as &#8220;golden thread&#8221;, this permanent tensor thread procedure has an average life span of ten years, but it has also shown a significant risk of intolerance.<\/p>\n<p>Aesthetic medicine wished to distinguish itself and has innovated since the 1990s by developing resorbable tensor threads. This localized lifting technique allows the skin to be re-tensioned with the objective of reinforcing collagen production. The absorbable tightening threads correct the sagging of the inner arms or the stomach.<\/p>\n<p>Croma&#8217;s Princess\u00ae <strong>absorbable tightening threads<\/strong> are made of a material that is very familiar to surgeons, L-polylactic acid. This material is usually used to make sutures. Here in aesthetic medicine, L-polylactic acid is used in treatments to correct severe skin laxity. Thanks to tensor threads, many patients avoid an often very painful surgical arm lift or an abdominoplasty to correct abdominal ptosis that leads to significant recovery time that involves not being in public.<\/p>\n<p>Skin tissue evolves with age. The skin loses its collagen and elastin fibers, becoming less firm. It becomes less firm and less healthy. With the weight of the muscles and skin tissue, the skin will slacken, and we often notice a loss of volume and a sagging of the arms (bat effect) or the stomach, often irreversible if the problem is not treated.<\/p>\n<p>The absorbable tensor threads, also called notched threads, will allow the reconstruction of a subcutaneous mesh that will mechanically lift the sagging of the tissues while restarting the production of natural collagen and elastin by metabolizing, thus creating a positive inflammation.<\/p>\n<p>During the 24 months following the procedure, this natural tissue regeneration will cause a soft lifting of the skin.<\/p>\n\t\t\t\t\t\t<\/div>\n\t\t\t\t<\/div>\n\t\t\t\t\t<\/div>\n\t\t<\/div>\n\t\t\t\t\t<\/div>\n\t\t<\/section>\n\t\t\t\t<\/div>\n\t\t","protected":false},"excerpt":{"rendered":"<p>The tensor thread procedure is a technique that has been used in cosmetic surgery for many years. Better known as [&hellip;]<\/p>\n","protected":false},"author":1,"featured_media":7260,"parent":7528,"menu_order":0,"comment_status":"closed","ping_status":"closed","template":"intervention.php","meta":{"footnotes":""},"class_list":["post-7608","page","type-page","status-publish","has-post-thumbnail","hentry","entry","has-media"],"acf":[],"yoast_head":"<!-- This site is optimized with the Yoast SEO plugin v22.8 - https:\/\/yoast.com\/wordpress\/plugins\/seo\/ -->\n<title>Tensor threads for the body - Skincare Agency<\/title>\n<meta name=\"description\" content=\"Tensor threads for the body : Un protocole de soins propos\u00e9 par votre centre de M\u00e9decine esth\u00e9tique \u00e0 Paris - Skincare Agency\" \/>\n<meta name=\"robots\" content=\"index, follow, max-snippet:-1, max-image-preview:large, max-video-preview:-1\" \/>\n<link rel=\"canonical\" href=\"https:\/\/skincareagency.com\/en\/aesthetic-medicine-of-the-body\/tensor-threads-for-the-body\/\" \/>\n<meta property=\"og:locale\" content=\"en_US\" \/>\n<meta property=\"og:type\" content=\"article\" \/>\n<meta property=\"og:title\" content=\"Tensor threads for the body - Skincare Agency\" \/>\n<meta property=\"og:description\" content=\"Tensor threads for the body : Un protocole de soins propos\u00e9 par votre centre de M\u00e9decine esth\u00e9tique \u00e0 Paris - Skincare Agency\" \/>\n<meta property=\"og:url\" content=\"https:\/\/skincareagency.com\/en\/aesthetic-medicine-of-the-body\/tensor-threads-for-the-body\/\" \/>\n<meta property=\"og:site_name\" content=\"Skincare Agency\" \/>\n<meta property=\"article:modified_time\" content=\"2024-06-10T13:56:43+00:00\" \/>\n<meta property=\"og:image\" content=\"https:\/\/skincareagency.com\/wp-content\/uploads\/2022\/11\/FILS-TENSEURS-CORPS.jpg\" \/>\n\t<meta property=\"og:image:width\" content=\"533\" \/>\n\t<meta property=\"og:image:height\" content=\"400\" \/>\n\t<meta property=\"og:image:type\" content=\"image\/jpeg\" \/>\n<meta name=\"twitter:card\" content=\"summary_large_image\" \/>\n<meta name=\"twitter:label1\" content=\"Est. reading time\" \/>\n\t<meta name=\"twitter:data1\" content=\"1 minute\" \/>\n<!-- \/ Yoast SEO plugin. -->","yoast_head_json":{"title":"Tensor threads for the body - Skincare Agency","description":"Tensor threads for the body : Un protocole de soins propos\u00e9 par votre centre de M\u00e9decine esth\u00e9tique \u00e0 Paris - Skincare Agency","robots":{"index":"index","follow":"follow","max-snippet":"max-snippet:-1","max-image-preview":"max-image-preview:large","max-video-preview":"max-video-preview:-1"},"canonical":"https:\/\/skincareagency.com\/en\/aesthetic-medicine-of-the-body\/tensor-threads-for-the-body\/","og_locale":"en_US","og_type":"article","og_title":"Tensor threads for the body - Skincare Agency","og_description":"Tensor threads for the body : Un protocole de soins propos\u00e9 par votre centre de M\u00e9decine esth\u00e9tique \u00e0 Paris - Skincare Agency","og_url":"https:\/\/skincareagency.com\/en\/aesthetic-medicine-of-the-body\/tensor-threads-for-the-body\/","og_site_name":"Skincare Agency","article_modified_time":"2024-06-10T13:56:43+00:00","og_image":[{"width":533,"height":400,"url":"https:\/\/skincareagency.com\/wp-content\/uploads\/2022\/11\/FILS-TENSEURS-CORPS.jpg","type":"image\/jpeg"}],"twitter_card":"summary_large_image","twitter_misc":{"Est. reading time":"1 minute"},"schema":{"@context":"https:\/\/schema.org","@graph":[{"@type":"Article","@id":"https:\/\/skincareagency.com\/en\/aesthetic-medicine-of-the-body\/tensor-threads-for-the-body\/#article","isPartOf":{"@id":"https:\/\/skincareagency.com\/en\/aesthetic-medicine-of-the-body\/tensor-threads-for-the-body\/"},"author":{"name":"admineim","@id":"https:\/\/skincareagency.com\/en\/#\/schema\/person\/1d02edbd5bd022b4ca0bb010178c84ab"},"headline":"Tensor threads for the body","datePublished":"2022-04-04T09:16:37+00:00","dateModified":"2024-06-10T13:56:43+00:00","mainEntityOfPage":{"@id":"https:\/\/skincareagency.com\/en\/aesthetic-medicine-of-the-body\/tensor-threads-for-the-body\/"},"wordCount":294,"publisher":{"@id":"https:\/\/skincareagency.com\/en\/#organization"},"image":{"@id":"https:\/\/skincareagency.com\/en\/aesthetic-medicine-of-the-body\/tensor-threads-for-the-body\/#primaryimage"},"thumbnailUrl":"https:\/\/skincareagency.com\/wp-content\/uploads\/2022\/11\/FILS-TENSEURS-CORPS.jpg","inLanguage":"en-US"},{"@type":["WebPage","MedicalWebPage"],"@id":"https:\/\/skincareagency.com\/en\/aesthetic-medicine-of-the-body\/tensor-threads-for-the-body\/","url":"https:\/\/skincareagency.com\/en\/aesthetic-medicine-of-the-body\/tensor-threads-for-the-body\/","name":"Tensor threads for the body - Skincare Agency","isPartOf":{"@id":"https:\/\/skincareagency.com\/en\/#website"},"primaryImageOfPage":{"@id":"https:\/\/skincareagency.com\/en\/aesthetic-medicine-of-the-body\/tensor-threads-for-the-body\/#primaryimage"},"image":{"@id":"https:\/\/skincareagency.com\/en\/aesthetic-medicine-of-the-body\/tensor-threads-for-the-body\/#primaryimage"},"thumbnailUrl":"https:\/\/skincareagency.com\/wp-content\/uploads\/2022\/11\/FILS-TENSEURS-CORPS.jpg","datePublished":"2022-04-04T09:16:37+00:00","dateModified":"2024-06-10T13:56:43+00:00","description":"Tensor threads for the body : Un protocole de soins propos\u00e9 par votre centre de M\u00e9decine esth\u00e9tique \u00e0 Paris - Skincare Agency","breadcrumb":{"@id":"https:\/\/skincareagency.com\/en\/aesthetic-medicine-of-the-body\/tensor-threads-for-the-body\/#breadcrumb"},"inLanguage":"en-US","potentialAction":[{"@type":"ReadAction","target":["https:\/\/skincareagency.com\/en\/aesthetic-medicine-of-the-body\/tensor-threads-for-the-body\/"]}]},{"@type":"ImageObject","inLanguage":"en-US","@id":"https:\/\/skincareagency.com\/en\/aesthetic-medicine-of-the-body\/tensor-threads-for-the-body\/#primaryimage","url":"https:\/\/skincareagency.com\/wp-content\/uploads\/2022\/11\/FILS-TENSEURS-CORPS.jpg","contentUrl":"https:\/\/skincareagency.com\/wp-content\/uploads\/2022\/11\/FILS-TENSEURS-CORPS.jpg","width":533,"height":400,"caption":"Collage of body parts of beautiful young slim woman posing in underwear isolated over gray background. Concept of beauty, body and skin care, health, plastic surgery, cosmetics, ad"},{"@type":"BreadcrumbList","@id":"https:\/\/skincareagency.com\/en\/aesthetic-medicine-of-the-body\/tensor-threads-for-the-body\/#breadcrumb","itemListElement":[{"@type":"ListItem","position":1,"name":"Home","item":"https:\/\/skincareagency.com\/en\/home\/"},{"@type":"ListItem","position":2,"name":"Aesthetic body Medecine","item":"https:\/\/skincareagency.com\/en\/aesthetic-medicine-of-the-body\/"},{"@type":"ListItem","position":3,"name":"Tensor threads for the body"}]},{"@type":"WebSite","@id":"https:\/\/skincareagency.com\/en\/#website","url":"https:\/\/skincareagency.com\/en\/","name":"Skincare Agency","description":"M\u00e9decine esth\u00e9tique \u00e0 Paris","publisher":{"@id":"https:\/\/skincareagency.com\/en\/#organization"},"potentialAction":[{"@type":"SearchAction","target":{"@type":"EntryPoint","urlTemplate":"https:\/\/skincareagency.com\/en\/?s={search_term_string}"},"query-input":"required name=search_term_string"}],"inLanguage":"en-US"},{"@type":"Organization","@id":"https:\/\/skincareagency.com\/en\/#organization","name":"Skincare Agency","url":"https:\/\/skincareagency.com\/en\/","logo":{"@type":"ImageObject","inLanguage":"en-US","@id":"https:\/\/skincareagency.com\/en\/#\/schema\/logo\/image\/","url":"https:\/\/skincareagency.com\/wp-content\/uploads\/2022\/05\/Logo_fondblanclait.jpg","contentUrl":"https:\/\/skincareagency.com\/wp-content\/uploads\/2022\/05\/Logo_fondblanclait.jpg","width":279,"height":237,"caption":"Skincare Agency"},"image":{"@id":"https:\/\/skincareagency.com\/en\/#\/schema\/logo\/image\/"}},{"@type":"Person","@id":"https:\/\/skincareagency.com\/en\/#\/schema\/person\/1d02edbd5bd022b4ca0bb010178c84ab","name":"admineim","image":{"@type":"ImageObject","inLanguage":"en-US","@id":"https:\/\/skincareagency.com\/en\/#\/schema\/person\/image\/","url":"https:\/\/secure.gravatar.com\/avatar\/c3b707b63b0c0d3476ba0d0553480c19969f740ef580a811f9f56ddc6c25f705?s=96&d=mm&r=g","contentUrl":"https:\/\/secure.gravatar.com\/avatar\/c3b707b63b0c0d3476ba0d0553480c19969f740ef580a811f9f56ddc6c25f705?s=96&d=mm&r=g","caption":"admineim"},"sameAs":["https:\/\/skincareagency.com"]}]}},"_links":{"self":[{"href":"https:\/\/skincareagency.com\/en\/wp-json\/wp\/v2\/pages\/7608","targetHints":{"allow":["GET"]}}],"collection":[{"href":"https:\/\/skincareagency.com\/en\/wp-json\/wp\/v2\/pages"}],"about":[{"href":"https:\/\/skincareagency.com\/en\/wp-json\/wp\/v2\/types\/page"}],"author":[{"embeddable":true,"href":"https:\/\/skincareagency.com\/en\/wp-json\/wp\/v2\/users\/1"}],"replies":[{"embeddable":true,"href":"https:\/\/skincareagency.com\/en\/wp-json\/wp\/v2\/comments?post=7608"}],"version-history":[{"count":1,"href":"https:\/\/skincareagency.com\/en\/wp-json\/wp\/v2\/pages\/7608\/revisions"}],"predecessor-version":[{"id":7609,"href":"https:\/\/skincareagency.com\/en\/wp-json\/wp\/v2\/pages\/7608\/revisions\/7609"}],"up":[{"embeddable":true,"href":"https:\/\/skincareagency.com\/en\/wp-json\/wp\/v2\/pages\/7528"}],"wp:featuredmedia":[{"embeddable":true,"href":"https:\/\/skincareagency.com\/en\/wp-json\/wp\/v2\/media\/7260"}],"wp:attachment":[{"href":"https:\/\/skincareagency.com\/en\/wp-json\/wp\/v2\/media?parent=7608"}],"curies":[{"name":"wp","href":"https:\/\/api.w.org\/{rel}","templated":true}]}}