{"id":7534,"date":"2022-04-04T11:13:39","date_gmt":"2022-04-04T09:13:39","guid":{"rendered":"https:\/\/skincareagency.com\/aesthetic-medicine-of-the-body\/skinbooster-injection-on-the-neck-decollete-and-hands\/"},"modified":"2024-06-07T20:53:20","modified_gmt":"2024-06-07T18:53:20","slug":"skinbooster-injection-on-the-neck-decollete-and-hands","status":"publish","type":"page","link":"https:\/\/skincareagency.com\/en\/aesthetic-medicine-of-the-body\/skinbooster-injection-on-the-neck-decollete-and-hands\/","title":{"rendered":"Skinbooster injection on the neck, decollete and hands"},"content":{"rendered":"\t\t<div data-elementor-type=\"wp-page\" data-elementor-id=\"7534\" class=\"elementor elementor-7534 elementor-1123\">\n\t\t\t\t\t\t<section class=\"has_ae_slider elementor-section elementor-top-section elementor-element elementor-element-3a5f978 elementor-section-boxed elementor-section-height-default elementor-section-height-default ae-bg-gallery-type-default\" data-id=\"3a5f978\" data-element_type=\"section\">\n\t\t\t\t\t\t<div class=\"elementor-container elementor-column-gap-default\">\n\t\t\t\t\t<div class=\"has_ae_slider elementor-column elementor-col-100 elementor-top-column elementor-element elementor-element-02d3075 ae-bg-gallery-type-default\" data-id=\"02d3075\" data-element_type=\"column\">\n\t\t\t<div class=\"elementor-widget-wrap elementor-element-populated\">\n\t\t\t\t\t\t<div class=\"elementor-element elementor-element-7c70a2e elementor-widget elementor-widget-text-editor\" data-id=\"7c70a2e\" data-element_type=\"widget\" data-widget_type=\"text-editor.default\">\n\t\t\t\t<div class=\"elementor-widget-container\">\n\t\t\t<style>\/*! elementor - v3.22.0 - 17-06-2024 *\/\n.elementor-widget-text-editor.elementor-drop-cap-view-stacked .elementor-drop-cap{background-color:#69727d;color:#fff}.elementor-widget-text-editor.elementor-drop-cap-view-framed .elementor-drop-cap{color:#69727d;border:3px solid;background-color:transparent}.elementor-widget-text-editor:not(.elementor-drop-cap-view-default) .elementor-drop-cap{margin-top:8px}.elementor-widget-text-editor:not(.elementor-drop-cap-view-default) .elementor-drop-cap-letter{width:1em;height:1em}.elementor-widget-text-editor .elementor-drop-cap{float:left;text-align:center;line-height:1;font-size:50px}.elementor-widget-text-editor .elementor-drop-cap-letter{display:inline-block}<\/style>\t\t\t\t<p>From the age of 30, the skin becomes dehydrated and areas such as the neck, d\u00e9collet\u00e9 and hands are often the most affected. This results in more wrinkled, wrinkled skin. This lack of hydration results in wrinkled skin, which can be treated by aesthetic medicine and more specifically by <strong>Skinbooster injections<\/strong>.<\/p>\n<p>These boosters, which restore <a href=\"https:\/\/skincareagency.com\/en\/your-needs\/facial-radiance\/\">radiance to the skin<\/a>, are fluid, degradable injectable products made of non-crosslinked hyaluronic acid. Widely used in aesthetic medicine, the Skinbooster <strong>acts on the skin&#8217;s hydration without adding volume<\/strong>.<\/p>\n<p>Skinbooster-based treatments allow, regardless of the patient&#8217;s age, to <strong>revitalize thin, dry, or dull skin<\/strong>, to <strong>restore elasticity to the skin<\/strong> and to act on the texture of the dermis by shaping and smoothing it. This treatment recreates skin tension and restores radiance.<\/p>\n<p>Suitable for both men and women in their thirties or less marked, Skinboosters will allow you to <strong>treat the d\u00e9collet\u00e9, neck or tops of the hands<\/strong> very naturally <strong>, providing a plumped-up effect<\/strong> and <strong>smoothing the skin<\/strong>. They will smooth out wrinkles and fine lines from their source.<\/p>\n<p>This procedure will be beneficial to anyone over the age of 30. Skinboosters will help <strong>prevent aging<\/strong> by <strong>providing deep hydration<\/strong> and <strong>radiance to the skin<\/strong>. These treatments effectively delay the aging of the skin.<\/p>\n<p>From the age of 40, Skinboosters will act on the vitality of the dermis and give more firmness to mature skin in addition to <a href=\"https:\/\/skincareagency.com\/medecine-esthetique-du-corps\/injection-de-radiesse\/\">injections of Radiesse<\/a> which will stimulate the production of collagen.<\/p>\n<p>Our expert doctors recommend these injections of reticulated boosters either alone to act on dehydrated or wrinkled skin or as part of more complete treatments to prevent the effects of photoaging and to deeply reinforce the quality of the skin.<\/p>\n\t\t\t\t\t\t<\/div>\n\t\t\t\t<\/div>\n\t\t\t\t\t<\/div>\n\t\t<\/div>\n\t\t\t\t\t<\/div>\n\t\t<\/section>\n\t\t\t\t<\/div>\n\t\t","protected":false},"excerpt":{"rendered":"<p>From the age of 30, the skin becomes dehydrated and areas such as the neck, d\u00e9collet\u00e9 and hands are often [&hellip;]<\/p>\n","protected":false},"author":1,"featured_media":7265,"parent":7528,"menu_order":0,"comment_status":"closed","ping_status":"closed","template":"intervention.php","meta":{"footnotes":""},"class_list":["post-7534","page","type-page","status-publish","has-post-thumbnail","hentry","entry","has-media"],"acf":[],"yoast_head":"<!-- This site is optimized with the Yoast SEO plugin v22.8 - https:\/\/yoast.com\/wordpress\/plugins\/seo\/ -->\n<title>Skinbooster body injection in Paris 8 - Skincare Agency<\/title>\n<meta name=\"description\" content=\"Skinbooster injection on the neck, decollete and hands : Un protocole de soins propos\u00e9 par votre centre de M\u00e9decine esth\u00e9tique \u00e0 Paris - Skincare Agency\" \/>\n<meta name=\"robots\" content=\"index, follow, max-snippet:-1, max-image-preview:large, max-video-preview:-1\" \/>\n<link rel=\"canonical\" href=\"https:\/\/skincareagency.com\/en\/aesthetic-medicine-of-the-body\/skinbooster-injection-on-the-neck-decollete-and-hands\/\" \/>\n<meta property=\"og:locale\" content=\"en_US\" \/>\n<meta property=\"og:type\" content=\"article\" \/>\n<meta property=\"og:title\" content=\"Skinbooster body injection in Paris 8 - Skincare Agency\" \/>\n<meta property=\"og:description\" content=\"Skinbooster injection on the neck, decollete and hands : Un protocole de soins propos\u00e9 par votre centre de M\u00e9decine esth\u00e9tique \u00e0 Paris - Skincare Agency\" \/>\n<meta property=\"og:url\" content=\"https:\/\/skincareagency.com\/en\/aesthetic-medicine-of-the-body\/skinbooster-injection-on-the-neck-decollete-and-hands\/\" \/>\n<meta property=\"og:site_name\" content=\"Skincare Agency\" \/>\n<meta property=\"article:modified_time\" content=\"2024-06-07T18:53:20+00:00\" \/>\n<meta property=\"og:image\" content=\"https:\/\/skincareagency.com\/wp-content\/uploads\/2022\/11\/SKINBOOSTER-COUP.jpg\" \/>\n\t<meta property=\"og:image:width\" content=\"533\" \/>\n\t<meta property=\"og:image:height\" content=\"400\" \/>\n\t<meta property=\"og:image:type\" content=\"image\/jpeg\" \/>\n<meta name=\"twitter:card\" content=\"summary_large_image\" \/>\n<meta name=\"twitter:label1\" content=\"Est. reading time\" \/>\n\t<meta name=\"twitter:data1\" content=\"1 minute\" \/>\n<!-- \/ Yoast SEO plugin. -->","yoast_head_json":{"title":"Skinbooster body injection in Paris 8 - Skincare Agency","description":"Skinbooster injection on the neck, decollete and hands : Un protocole de soins propos\u00e9 par votre centre de M\u00e9decine esth\u00e9tique \u00e0 Paris - Skincare Agency","robots":{"index":"index","follow":"follow","max-snippet":"max-snippet:-1","max-image-preview":"max-image-preview:large","max-video-preview":"max-video-preview:-1"},"canonical":"https:\/\/skincareagency.com\/en\/aesthetic-medicine-of-the-body\/skinbooster-injection-on-the-neck-decollete-and-hands\/","og_locale":"en_US","og_type":"article","og_title":"Skinbooster body injection in Paris 8 - Skincare Agency","og_description":"Skinbooster injection on the neck, decollete and hands : Un protocole de soins propos\u00e9 par votre centre de M\u00e9decine esth\u00e9tique \u00e0 Paris - Skincare Agency","og_url":"https:\/\/skincareagency.com\/en\/aesthetic-medicine-of-the-body\/skinbooster-injection-on-the-neck-decollete-and-hands\/","og_site_name":"Skincare Agency","article_modified_time":"2024-06-07T18:53:20+00:00","og_image":[{"width":533,"height":400,"url":"https:\/\/skincareagency.com\/wp-content\/uploads\/2022\/11\/SKINBOOSTER-COUP.jpg","type":"image\/jpeg"}],"twitter_card":"summary_large_image","twitter_misc":{"Est. reading time":"1 minute"},"schema":{"@context":"https:\/\/schema.org","@graph":[{"@type":"Article","@id":"https:\/\/skincareagency.com\/en\/aesthetic-medicine-of-the-body\/skinbooster-injection-on-the-neck-decollete-and-hands\/#article","isPartOf":{"@id":"https:\/\/skincareagency.com\/en\/aesthetic-medicine-of-the-body\/skinbooster-injection-on-the-neck-decollete-and-hands\/"},"author":{"name":"admineim","@id":"https:\/\/skincareagency.com\/en\/#\/schema\/person\/1d02edbd5bd022b4ca0bb010178c84ab"},"headline":"Skinbooster injection on the neck, decollete and hands","datePublished":"2022-04-04T09:13:39+00:00","dateModified":"2024-06-07T18:53:20+00:00","mainEntityOfPage":{"@id":"https:\/\/skincareagency.com\/en\/aesthetic-medicine-of-the-body\/skinbooster-injection-on-the-neck-decollete-and-hands\/"},"wordCount":290,"publisher":{"@id":"https:\/\/skincareagency.com\/en\/#organization"},"image":{"@id":"https:\/\/skincareagency.com\/en\/aesthetic-medicine-of-the-body\/skinbooster-injection-on-the-neck-decollete-and-hands\/#primaryimage"},"thumbnailUrl":"https:\/\/skincareagency.com\/wp-content\/uploads\/2022\/11\/SKINBOOSTER-COUP.jpg","inLanguage":"en-US"},{"@type":["WebPage","MedicalWebPage"],"@id":"https:\/\/skincareagency.com\/en\/aesthetic-medicine-of-the-body\/skinbooster-injection-on-the-neck-decollete-and-hands\/","url":"https:\/\/skincareagency.com\/en\/aesthetic-medicine-of-the-body\/skinbooster-injection-on-the-neck-decollete-and-hands\/","name":"Skinbooster body injection in Paris 8 - Skincare Agency","isPartOf":{"@id":"https:\/\/skincareagency.com\/en\/#website"},"primaryImageOfPage":{"@id":"https:\/\/skincareagency.com\/en\/aesthetic-medicine-of-the-body\/skinbooster-injection-on-the-neck-decollete-and-hands\/#primaryimage"},"image":{"@id":"https:\/\/skincareagency.com\/en\/aesthetic-medicine-of-the-body\/skinbooster-injection-on-the-neck-decollete-and-hands\/#primaryimage"},"thumbnailUrl":"https:\/\/skincareagency.com\/wp-content\/uploads\/2022\/11\/SKINBOOSTER-COUP.jpg","datePublished":"2022-04-04T09:13:39+00:00","dateModified":"2024-06-07T18:53:20+00:00","description":"Skinbooster injection on the neck, decollete and hands : Un protocole de soins propos\u00e9 par votre centre de M\u00e9decine esth\u00e9tique \u00e0 Paris - Skincare Agency","breadcrumb":{"@id":"https:\/\/skincareagency.com\/en\/aesthetic-medicine-of-the-body\/skinbooster-injection-on-the-neck-decollete-and-hands\/#breadcrumb"},"inLanguage":"en-US","potentialAction":[{"@type":"ReadAction","target":["https:\/\/skincareagency.com\/en\/aesthetic-medicine-of-the-body\/skinbooster-injection-on-the-neck-decollete-and-hands\/"]}]},{"@type":"ImageObject","inLanguage":"en-US","@id":"https:\/\/skincareagency.com\/en\/aesthetic-medicine-of-the-body\/skinbooster-injection-on-the-neck-decollete-and-hands\/#primaryimage","url":"https:\/\/skincareagency.com\/wp-content\/uploads\/2022\/11\/SKINBOOSTER-COUP.jpg","contentUrl":"https:\/\/skincareagency.com\/wp-content\/uploads\/2022\/11\/SKINBOOSTER-COUP.jpg","width":533,"height":400,"caption":"Collage of body parts of beautiful young slim woman posing in underwear isolated over gray background. Concept of beauty, body and skin care, health, plastic surgery, cosmetics, ad"},{"@type":"BreadcrumbList","@id":"https:\/\/skincareagency.com\/en\/aesthetic-medicine-of-the-body\/skinbooster-injection-on-the-neck-decollete-and-hands\/#breadcrumb","itemListElement":[{"@type":"ListItem","position":1,"name":"Home","item":"https:\/\/skincareagency.com\/en\/home\/"},{"@type":"ListItem","position":2,"name":"Aesthetic body Medecine","item":"https:\/\/skincareagency.com\/en\/aesthetic-medicine-of-the-body\/"},{"@type":"ListItem","position":3,"name":"Skinbooster injection on the neck, decollete and hands"}]},{"@type":"WebSite","@id":"https:\/\/skincareagency.com\/en\/#website","url":"https:\/\/skincareagency.com\/en\/","name":"Skincare Agency","description":"M\u00e9decine esth\u00e9tique \u00e0 Paris","publisher":{"@id":"https:\/\/skincareagency.com\/en\/#organization"},"potentialAction":[{"@type":"SearchAction","target":{"@type":"EntryPoint","urlTemplate":"https:\/\/skincareagency.com\/en\/?s={search_term_string}"},"query-input":"required name=search_term_string"}],"inLanguage":"en-US"},{"@type":"Organization","@id":"https:\/\/skincareagency.com\/en\/#organization","name":"Skincare Agency","url":"https:\/\/skincareagency.com\/en\/","logo":{"@type":"ImageObject","inLanguage":"en-US","@id":"https:\/\/skincareagency.com\/en\/#\/schema\/logo\/image\/","url":"https:\/\/skincareagency.com\/wp-content\/uploads\/2022\/05\/Logo_fondblanclait.jpg","contentUrl":"https:\/\/skincareagency.com\/wp-content\/uploads\/2022\/05\/Logo_fondblanclait.jpg","width":279,"height":237,"caption":"Skincare Agency"},"image":{"@id":"https:\/\/skincareagency.com\/en\/#\/schema\/logo\/image\/"}},{"@type":"Person","@id":"https:\/\/skincareagency.com\/en\/#\/schema\/person\/1d02edbd5bd022b4ca0bb010178c84ab","name":"admineim","image":{"@type":"ImageObject","inLanguage":"en-US","@id":"https:\/\/skincareagency.com\/en\/#\/schema\/person\/image\/","url":"https:\/\/secure.gravatar.com\/avatar\/c3b707b63b0c0d3476ba0d0553480c19969f740ef580a811f9f56ddc6c25f705?s=96&d=mm&r=g","contentUrl":"https:\/\/secure.gravatar.com\/avatar\/c3b707b63b0c0d3476ba0d0553480c19969f740ef580a811f9f56ddc6c25f705?s=96&d=mm&r=g","caption":"admineim"},"sameAs":["https:\/\/skincareagency.com"]}]}},"_links":{"self":[{"href":"https:\/\/skincareagency.com\/en\/wp-json\/wp\/v2\/pages\/7534","targetHints":{"allow":["GET"]}}],"collection":[{"href":"https:\/\/skincareagency.com\/en\/wp-json\/wp\/v2\/pages"}],"about":[{"href":"https:\/\/skincareagency.com\/en\/wp-json\/wp\/v2\/types\/page"}],"author":[{"embeddable":true,"href":"https:\/\/skincareagency.com\/en\/wp-json\/wp\/v2\/users\/1"}],"replies":[{"embeddable":true,"href":"https:\/\/skincareagency.com\/en\/wp-json\/wp\/v2\/comments?post=7534"}],"version-history":[{"count":1,"href":"https:\/\/skincareagency.com\/en\/wp-json\/wp\/v2\/pages\/7534\/revisions"}],"predecessor-version":[{"id":7535,"href":"https:\/\/skincareagency.com\/en\/wp-json\/wp\/v2\/pages\/7534\/revisions\/7535"}],"up":[{"embeddable":true,"href":"https:\/\/skincareagency.com\/en\/wp-json\/wp\/v2\/pages\/7528"}],"wp:featuredmedia":[{"embeddable":true,"href":"https:\/\/skincareagency.com\/en\/wp-json\/wp\/v2\/media\/7265"}],"wp:attachment":[{"href":"https:\/\/skincareagency.com\/en\/wp-json\/wp\/v2\/media?parent=7534"}],"curies":[{"name":"wp","href":"https:\/\/api.w.org\/{rel}","templated":true}]}}