{"id":7532,"date":"2022-04-25T13:42:23","date_gmt":"2022-04-25T11:42:23","guid":{"rendered":"https:\/\/skincareagency.com\/aesthetic-medicine-of-the-body\/accent-prime-radiofrequency-and-ultrasound\/"},"modified":"2024-06-07T20:34:55","modified_gmt":"2024-06-07T18:34:55","slug":"accent-prime-radiofrequency-and-ultrasound","status":"publish","type":"page","link":"https:\/\/skincareagency.com\/en\/aesthetic-medicine-of-the-body\/accent-prime-radiofrequency-and-ultrasound\/","title":{"rendered":"Accent Prime radiofrequency and ultrasound"},"content":{"rendered":"\t\t<div data-elementor-type=\"wp-page\" data-elementor-id=\"7532\" class=\"elementor elementor-7532 elementor-2330\">\n\t\t\t\t\t\t<section class=\"has_ae_slider elementor-section elementor-top-section elementor-element elementor-element-943d284 elementor-section-boxed elementor-section-height-default elementor-section-height-default ae-bg-gallery-type-default\" data-id=\"943d284\" data-element_type=\"section\">\n\t\t\t\t\t\t<div class=\"elementor-container elementor-column-gap-default\">\n\t\t\t\t\t<div class=\"has_ae_slider elementor-column elementor-col-100 elementor-top-column elementor-element elementor-element-868fb64 ae-bg-gallery-type-default\" data-id=\"868fb64\" data-element_type=\"column\">\n\t\t\t<div class=\"elementor-widget-wrap elementor-element-populated\">\n\t\t\t\t\t\t<div class=\"elementor-element elementor-element-b5cf09f elementor-widget elementor-widget-text-editor\" data-id=\"b5cf09f\" data-element_type=\"widget\" data-widget_type=\"text-editor.default\">\n\t\t\t\t<div class=\"elementor-widget-container\">\n\t\t\t<style>\/*! elementor - v3.22.0 - 17-06-2024 *\/\n.elementor-widget-text-editor.elementor-drop-cap-view-stacked .elementor-drop-cap{background-color:#69727d;color:#fff}.elementor-widget-text-editor.elementor-drop-cap-view-framed .elementor-drop-cap{color:#69727d;border:3px solid;background-color:transparent}.elementor-widget-text-editor:not(.elementor-drop-cap-view-default) .elementor-drop-cap{margin-top:8px}.elementor-widget-text-editor:not(.elementor-drop-cap-view-default) .elementor-drop-cap-letter{width:1em;height:1em}.elementor-widget-text-editor .elementor-drop-cap{float:left;text-align:center;line-height:1;font-size:50px}.elementor-widget-text-editor .elementor-drop-cap-letter{display:inline-block}<\/style>\t\t\t\t<p>From the age of 30, the skin begins to sag and often the first signs of <a href=\"https:\/\/skincareagency.com\/en\/your-needs\/the-cellulite\/\">cellulite<\/a> appear. For many years, only cosmetic surgery was considered by doctors to lift the skin or perform liposuction to eliminate <a href=\"https:\/\/skincareagency.com\/en\/your-needs\/the-cellulite\/\">cellulite<\/a>.<\/p>\n<p>However, research has made it possible to develop non-invasive, often painless, technologies that can act on the skin\u2019s metabolism to correct these imperfections that come with age.<\/p>\n<p>In today&#8217;s world of aesthetic medicine, <a href=\"https:\/\/skincareagency.com\/en\/your-needs\/sagging-skin\/\">sagging skin<\/a> and <a href=\"https:\/\/skincareagency.com\/en\/your-needs\/the-cellulite\/\">cellulite<\/a> can be perfectly treated using care techniques with beautifying effects. <\/p>\n<p>The best results are achieved through the use of unipolar radiofrequency and ultrasound. The best technology on the market is called Accent Prime. <\/p>\n<p>This device, which combines focused ultrasound and radiofrequency, is designed to treat all medical issues related to body remodeling and tissue firming. This technique helps to tighten the skin by stimulating fibroblasts (the supporting cells) and boosting neo-collagenase and elastin. But this treatment also destroys localized fat cells and attacks cellulite. The synergy of radiofrequency and focused ultrasound makes it a very efficient and non-invasive device. To treat body contouring, this device has several handpieces, Uni Body which targets \u2018orange peel skin\u2019 and Ultra Speed which heats the skin in depth and stimulates collagen while draining the dermis.<\/p>\n\t\t\t\t\t\t<\/div>\n\t\t\t\t<\/div>\n\t\t\t\t\t<\/div>\n\t\t<\/div>\n\t\t\t\t\t<\/div>\n\t\t<\/section>\n\t\t\t\t<\/div>\n\t\t","protected":false},"excerpt":{"rendered":"<p>From the age of 30, the skin begins to sag and often the first signs of cellulite appear. For many [&hellip;]<\/p>\n","protected":false},"author":1,"featured_media":7258,"parent":7528,"menu_order":0,"comment_status":"closed","ping_status":"closed","template":"intervention.php","meta":{"footnotes":""},"class_list":["post-7532","page","type-page","status-publish","has-post-thumbnail","hentry","entry","has-media"],"acf":[],"yoast_head":"<!-- This site is optimized with the Yoast SEO plugin v22.8 - https:\/\/yoast.com\/wordpress\/plugins\/seo\/ -->\n<title>Accent Prime radiofrequency and ultrasound in Paris - Skincare Agency<\/title>\n<meta name=\"description\" content=\"Accent Prime radiofrequency and ultrasound : Un protocole de soins propos\u00e9 par votre centre de M\u00e9decine esth\u00e9tique \u00e0 Paris - Skincare Agency\" \/>\n<meta name=\"robots\" content=\"index, follow, max-snippet:-1, max-image-preview:large, max-video-preview:-1\" \/>\n<link rel=\"canonical\" href=\"https:\/\/skincareagency.com\/en\/aesthetic-medicine-of-the-body\/accent-prime-radiofrequency-and-ultrasound\/\" \/>\n<meta property=\"og:locale\" content=\"en_US\" \/>\n<meta property=\"og:type\" content=\"article\" \/>\n<meta property=\"og:title\" content=\"Accent Prime radiofrequency and ultrasound in Paris - Skincare Agency\" \/>\n<meta property=\"og:description\" content=\"Accent Prime radiofrequency and ultrasound : Un protocole de soins propos\u00e9 par votre centre de M\u00e9decine esth\u00e9tique \u00e0 Paris - Skincare Agency\" \/>\n<meta property=\"og:url\" content=\"https:\/\/skincareagency.com\/en\/aesthetic-medicine-of-the-body\/accent-prime-radiofrequency-and-ultrasound\/\" \/>\n<meta property=\"og:site_name\" content=\"Skincare Agency\" \/>\n<meta property=\"article:modified_time\" content=\"2024-06-07T18:34:55+00:00\" \/>\n<meta property=\"og:image\" content=\"https:\/\/skincareagency.com\/wp-content\/uploads\/2022\/11\/ACCENT-PRIME-CORPS.jpg\" \/>\n\t<meta property=\"og:image:width\" content=\"533\" \/>\n\t<meta property=\"og:image:height\" content=\"400\" \/>\n\t<meta property=\"og:image:type\" content=\"image\/jpeg\" \/>\n<meta name=\"twitter:card\" content=\"summary_large_image\" \/>\n<meta name=\"twitter:label1\" content=\"Est. reading time\" \/>\n\t<meta name=\"twitter:data1\" content=\"1 minute\" \/>\n<!-- \/ Yoast SEO plugin. -->","yoast_head_json":{"title":"Accent Prime radiofrequency and ultrasound in Paris - Skincare Agency","description":"Accent Prime radiofrequency and ultrasound : Un protocole de soins propos\u00e9 par votre centre de M\u00e9decine esth\u00e9tique \u00e0 Paris - Skincare Agency","robots":{"index":"index","follow":"follow","max-snippet":"max-snippet:-1","max-image-preview":"max-image-preview:large","max-video-preview":"max-video-preview:-1"},"canonical":"https:\/\/skincareagency.com\/en\/aesthetic-medicine-of-the-body\/accent-prime-radiofrequency-and-ultrasound\/","og_locale":"en_US","og_type":"article","og_title":"Accent Prime radiofrequency and ultrasound in Paris - Skincare Agency","og_description":"Accent Prime radiofrequency and ultrasound : Un protocole de soins propos\u00e9 par votre centre de M\u00e9decine esth\u00e9tique \u00e0 Paris - Skincare Agency","og_url":"https:\/\/skincareagency.com\/en\/aesthetic-medicine-of-the-body\/accent-prime-radiofrequency-and-ultrasound\/","og_site_name":"Skincare Agency","article_modified_time":"2024-06-07T18:34:55+00:00","og_image":[{"width":533,"height":400,"url":"https:\/\/skincareagency.com\/wp-content\/uploads\/2022\/11\/ACCENT-PRIME-CORPS.jpg","type":"image\/jpeg"}],"twitter_card":"summary_large_image","twitter_misc":{"Est. reading time":"1 minute"},"schema":{"@context":"https:\/\/schema.org","@graph":[{"@type":"Article","@id":"https:\/\/skincareagency.com\/en\/aesthetic-medicine-of-the-body\/accent-prime-radiofrequency-and-ultrasound\/#article","isPartOf":{"@id":"https:\/\/skincareagency.com\/en\/aesthetic-medicine-of-the-body\/accent-prime-radiofrequency-and-ultrasound\/"},"author":{"name":"admineim","@id":"https:\/\/skincareagency.com\/en\/#\/schema\/person\/1d02edbd5bd022b4ca0bb010178c84ab"},"headline":"Accent Prime radiofrequency and ultrasound","datePublished":"2022-04-25T11:42:23+00:00","dateModified":"2024-06-07T18:34:55+00:00","mainEntityOfPage":{"@id":"https:\/\/skincareagency.com\/en\/aesthetic-medicine-of-the-body\/accent-prime-radiofrequency-and-ultrasound\/"},"wordCount":211,"publisher":{"@id":"https:\/\/skincareagency.com\/en\/#organization"},"image":{"@id":"https:\/\/skincareagency.com\/en\/aesthetic-medicine-of-the-body\/accent-prime-radiofrequency-and-ultrasound\/#primaryimage"},"thumbnailUrl":"https:\/\/skincareagency.com\/wp-content\/uploads\/2022\/11\/ACCENT-PRIME-CORPS.jpg","inLanguage":"en-US"},{"@type":["WebPage","MedicalWebPage"],"@id":"https:\/\/skincareagency.com\/en\/aesthetic-medicine-of-the-body\/accent-prime-radiofrequency-and-ultrasound\/","url":"https:\/\/skincareagency.com\/en\/aesthetic-medicine-of-the-body\/accent-prime-radiofrequency-and-ultrasound\/","name":"Accent Prime radiofrequency and ultrasound in Paris - Skincare Agency","isPartOf":{"@id":"https:\/\/skincareagency.com\/en\/#website"},"primaryImageOfPage":{"@id":"https:\/\/skincareagency.com\/en\/aesthetic-medicine-of-the-body\/accent-prime-radiofrequency-and-ultrasound\/#primaryimage"},"image":{"@id":"https:\/\/skincareagency.com\/en\/aesthetic-medicine-of-the-body\/accent-prime-radiofrequency-and-ultrasound\/#primaryimage"},"thumbnailUrl":"https:\/\/skincareagency.com\/wp-content\/uploads\/2022\/11\/ACCENT-PRIME-CORPS.jpg","datePublished":"2022-04-25T11:42:23+00:00","dateModified":"2024-06-07T18:34:55+00:00","description":"Accent Prime radiofrequency and ultrasound : Un protocole de soins propos\u00e9 par votre centre de M\u00e9decine esth\u00e9tique \u00e0 Paris - Skincare Agency","breadcrumb":{"@id":"https:\/\/skincareagency.com\/en\/aesthetic-medicine-of-the-body\/accent-prime-radiofrequency-and-ultrasound\/#breadcrumb"},"inLanguage":"en-US","potentialAction":[{"@type":"ReadAction","target":["https:\/\/skincareagency.com\/en\/aesthetic-medicine-of-the-body\/accent-prime-radiofrequency-and-ultrasound\/"]}]},{"@type":"ImageObject","inLanguage":"en-US","@id":"https:\/\/skincareagency.com\/en\/aesthetic-medicine-of-the-body\/accent-prime-radiofrequency-and-ultrasound\/#primaryimage","url":"https:\/\/skincareagency.com\/wp-content\/uploads\/2022\/11\/ACCENT-PRIME-CORPS.jpg","contentUrl":"https:\/\/skincareagency.com\/wp-content\/uploads\/2022\/11\/ACCENT-PRIME-CORPS.jpg","width":533,"height":400,"caption":"Collage of body parts of beautiful young slim woman posing in underwear isolated over gray background. Concept of beauty, body and skin care, health, plastic surgery, cosmetics, ad"},{"@type":"BreadcrumbList","@id":"https:\/\/skincareagency.com\/en\/aesthetic-medicine-of-the-body\/accent-prime-radiofrequency-and-ultrasound\/#breadcrumb","itemListElement":[{"@type":"ListItem","position":1,"name":"Home","item":"https:\/\/skincareagency.com\/en\/home\/"},{"@type":"ListItem","position":2,"name":"Aesthetic body Medecine","item":"https:\/\/skincareagency.com\/en\/aesthetic-medicine-of-the-body\/"},{"@type":"ListItem","position":3,"name":"Accent Prime radiofrequency and ultrasound"}]},{"@type":"WebSite","@id":"https:\/\/skincareagency.com\/en\/#website","url":"https:\/\/skincareagency.com\/en\/","name":"Skincare Agency","description":"M\u00e9decine esth\u00e9tique \u00e0 Paris","publisher":{"@id":"https:\/\/skincareagency.com\/en\/#organization"},"potentialAction":[{"@type":"SearchAction","target":{"@type":"EntryPoint","urlTemplate":"https:\/\/skincareagency.com\/en\/?s={search_term_string}"},"query-input":"required name=search_term_string"}],"inLanguage":"en-US"},{"@type":"Organization","@id":"https:\/\/skincareagency.com\/en\/#organization","name":"Skincare Agency","url":"https:\/\/skincareagency.com\/en\/","logo":{"@type":"ImageObject","inLanguage":"en-US","@id":"https:\/\/skincareagency.com\/en\/#\/schema\/logo\/image\/","url":"https:\/\/skincareagency.com\/wp-content\/uploads\/2022\/05\/Logo_fondblanclait.jpg","contentUrl":"https:\/\/skincareagency.com\/wp-content\/uploads\/2022\/05\/Logo_fondblanclait.jpg","width":279,"height":237,"caption":"Skincare Agency"},"image":{"@id":"https:\/\/skincareagency.com\/en\/#\/schema\/logo\/image\/"}},{"@type":"Person","@id":"https:\/\/skincareagency.com\/en\/#\/schema\/person\/1d02edbd5bd022b4ca0bb010178c84ab","name":"admineim","image":{"@type":"ImageObject","inLanguage":"en-US","@id":"https:\/\/skincareagency.com\/en\/#\/schema\/person\/image\/","url":"https:\/\/secure.gravatar.com\/avatar\/c3b707b63b0c0d3476ba0d0553480c19969f740ef580a811f9f56ddc6c25f705?s=96&d=mm&r=g","contentUrl":"https:\/\/secure.gravatar.com\/avatar\/c3b707b63b0c0d3476ba0d0553480c19969f740ef580a811f9f56ddc6c25f705?s=96&d=mm&r=g","caption":"admineim"},"sameAs":["https:\/\/skincareagency.com"]}]}},"_links":{"self":[{"href":"https:\/\/skincareagency.com\/en\/wp-json\/wp\/v2\/pages\/7532","targetHints":{"allow":["GET"]}}],"collection":[{"href":"https:\/\/skincareagency.com\/en\/wp-json\/wp\/v2\/pages"}],"about":[{"href":"https:\/\/skincareagency.com\/en\/wp-json\/wp\/v2\/types\/page"}],"author":[{"embeddable":true,"href":"https:\/\/skincareagency.com\/en\/wp-json\/wp\/v2\/users\/1"}],"replies":[{"embeddable":true,"href":"https:\/\/skincareagency.com\/en\/wp-json\/wp\/v2\/comments?post=7532"}],"version-history":[{"count":1,"href":"https:\/\/skincareagency.com\/en\/wp-json\/wp\/v2\/pages\/7532\/revisions"}],"predecessor-version":[{"id":7533,"href":"https:\/\/skincareagency.com\/en\/wp-json\/wp\/v2\/pages\/7532\/revisions\/7533"}],"up":[{"embeddable":true,"href":"https:\/\/skincareagency.com\/en\/wp-json\/wp\/v2\/pages\/7528"}],"wp:featuredmedia":[{"embeddable":true,"href":"https:\/\/skincareagency.com\/en\/wp-json\/wp\/v2\/media\/7258"}],"wp:attachment":[{"href":"https:\/\/skincareagency.com\/en\/wp-json\/wp\/v2\/media?parent=7532"}],"curies":[{"name":"wp","href":"https:\/\/api.w.org\/{rel}","templated":true}]}}