{"id":7530,"date":"2022-04-04T11:10:46","date_gmt":"2022-04-04T09:10:46","guid":{"rendered":"https:\/\/skincareagency.com\/aesthetic-medicine-of-the-body\/inbody-diagnosis\/"},"modified":"2025-01-14T09:15:43","modified_gmt":"2025-01-14T08:15:43","slug":"inbody-diagnosis","status":"publish","type":"page","link":"https:\/\/skincareagency.com\/en\/aesthetic-medicine-of-the-body\/inbody-diagnosis\/","title":{"rendered":"Inbody diagnosis"},"content":{"rendered":"\t\t<div data-elementor-type=\"wp-page\" data-elementor-id=\"7530\" class=\"elementor elementor-7530 elementor-1112\">\n\t\t\t\t\t\t<section class=\"has_ae_slider elementor-section elementor-top-section elementor-element elementor-element-a285639 elementor-section-boxed elementor-section-height-default elementor-section-height-default ae-bg-gallery-type-default\" data-id=\"a285639\" data-element_type=\"section\">\n\t\t\t\t\t\t<div class=\"elementor-container elementor-column-gap-default\">\n\t\t\t\t\t<div class=\"has_ae_slider elementor-column elementor-col-100 elementor-top-column elementor-element elementor-element-f5fde41 ae-bg-gallery-type-default\" data-id=\"f5fde41\" data-element_type=\"column\">\n\t\t\t<div class=\"elementor-widget-wrap elementor-element-populated\">\n\t\t\t\t\t\t<div class=\"elementor-element elementor-element-909a411 elementor-widget elementor-widget-text-editor\" data-id=\"909a411\" data-element_type=\"widget\" data-widget_type=\"text-editor.default\">\n\t\t\t\t<div class=\"elementor-widget-container\">\n\t\t\t<style>\/*! elementor - v3.22.0 - 17-06-2024 *\/\n.elementor-widget-text-editor.elementor-drop-cap-view-stacked .elementor-drop-cap{background-color:#69727d;color:#fff}.elementor-widget-text-editor.elementor-drop-cap-view-framed .elementor-drop-cap{color:#69727d;border:3px solid;background-color:transparent}.elementor-widget-text-editor:not(.elementor-drop-cap-view-default) .elementor-drop-cap{margin-top:8px}.elementor-widget-text-editor:not(.elementor-drop-cap-view-default) .elementor-drop-cap-letter{width:1em;height:1em}.elementor-widget-text-editor .elementor-drop-cap{float:left;text-align:center;line-height:1;font-size:50px}.elementor-widget-text-editor .elementor-drop-cap-letter{display:inline-block}<\/style>\t\t\t\t<p>Aesthetic medicine offers a wide range of care and treatments that allow the <strong>treatment of body problems<\/strong> such as fatty deposits, skin quality, <a href=\"https:\/\/skincareagency.com\/en\/your-needs\/scar-treatment\/\">scars<\/a>, silhouette, and <a href=\"https:\/\/skincareagency.com\/en\/your-needs\/the-cellulite\/\">cellulite<\/a>.<\/p>\n<p><strong>Before beginning any treatment meant for the body<\/strong>, especially a <a href=\"https:\/\/skincareagency.com\/medecine-esthetique-du-corps\/cryolipolyse-du-corps\/\">cryolipolysis<\/a> or <a href=\"https:\/\/skincareagency.com\/medecine-esthetique-du-corps\/accent-prime-pour-le-corps\/\">Accent Prime<\/a> treatment, <strong>the patient must consult our dermatologist and morphologist<\/strong>.<\/p>\n<p>The objective of <strong>this consultation<\/strong> is to establish a <strong>complete morphological assessment<\/strong>. This medical diagnosis will make it possible to <strong>measure body mass<\/strong>, <strong>muscle mass<\/strong>, <strong>fat mass<\/strong> and the <strong>level of water retention<\/strong>. All of these measurements will allow us to define the most appropriate treatment plan and also to evaluate these parameters during the treatment.<\/p>\n<p>This diagnosis must be customized, precise, objective, and detailed. To assist our team of experts in this examination, Skincare Agency has chosen to equip itself with the latest technology, <strong>the InBody 770 scale<\/strong>.<\/p>\n\t\t\t\t\t\t<\/div>\n\t\t\t\t<\/div>\n\t\t\t\t\t<\/div>\n\t\t<\/div>\n\t\t\t\t\t<\/div>\n\t\t<\/section>\n\t\t\t\t<\/div>\n\t\t","protected":false},"excerpt":{"rendered":"<p>Aesthetic medicine offers a wide range of care and treatments that allow the treatment of body problems such as fatty [&hellip;]<\/p>\n","protected":false},"author":1,"featured_media":7256,"parent":7528,"menu_order":0,"comment_status":"closed","ping_status":"closed","template":"intervention.php","meta":{"footnotes":""},"class_list":["post-7530","page","type-page","status-publish","has-post-thumbnail","hentry","entry","has-media"],"acf":[],"yoast_head":"<!-- This site is optimized with the Yoast SEO plugin v22.8 - https:\/\/yoast.com\/wordpress\/plugins\/seo\/ -->\n<title>Inbody diagnosis in Paris - Skincare Agency<\/title>\n<meta name=\"description\" content=\"Inbody diagnosis : Un protocole de soins propos\u00e9 par votre centre de M\u00e9decine esth\u00e9tique \u00e0 Paris - Skincare Agency\" \/>\n<meta name=\"robots\" content=\"index, follow, max-snippet:-1, max-image-preview:large, max-video-preview:-1\" \/>\n<link rel=\"canonical\" href=\"https:\/\/skincareagency.com\/en\/aesthetic-medicine-of-the-body\/inbody-diagnosis\/\" \/>\n<meta property=\"og:locale\" content=\"en_US\" \/>\n<meta property=\"og:type\" content=\"article\" \/>\n<meta property=\"og:title\" content=\"Inbody diagnosis in Paris - Skincare Agency\" \/>\n<meta property=\"og:description\" content=\"Inbody diagnosis : Un protocole de soins propos\u00e9 par votre centre de M\u00e9decine esth\u00e9tique \u00e0 Paris - Skincare Agency\" \/>\n<meta property=\"og:url\" content=\"https:\/\/skincareagency.com\/en\/aesthetic-medicine-of-the-body\/inbody-diagnosis\/\" \/>\n<meta property=\"og:site_name\" content=\"Skincare Agency\" \/>\n<meta property=\"article:modified_time\" content=\"2025-01-14T08:15:43+00:00\" \/>\n<meta property=\"og:image\" content=\"https:\/\/skincareagency.com\/wp-content\/uploads\/2022\/11\/INBODY.jpg\" \/>\n\t<meta property=\"og:image:width\" content=\"533\" \/>\n\t<meta property=\"og:image:height\" content=\"400\" \/>\n\t<meta property=\"og:image:type\" content=\"image\/jpeg\" \/>\n<meta name=\"twitter:card\" content=\"summary_large_image\" \/>\n<meta name=\"twitter:label1\" content=\"Est. reading time\" \/>\n\t<meta name=\"twitter:data1\" content=\"1 minute\" \/>\n<!-- \/ Yoast SEO plugin. -->","yoast_head_json":{"title":"Inbody diagnosis in Paris - Skincare Agency","description":"Inbody diagnosis : Un protocole de soins propos\u00e9 par votre centre de M\u00e9decine esth\u00e9tique \u00e0 Paris - Skincare Agency","robots":{"index":"index","follow":"follow","max-snippet":"max-snippet:-1","max-image-preview":"max-image-preview:large","max-video-preview":"max-video-preview:-1"},"canonical":"https:\/\/skincareagency.com\/en\/aesthetic-medicine-of-the-body\/inbody-diagnosis\/","og_locale":"en_US","og_type":"article","og_title":"Inbody diagnosis in Paris - Skincare Agency","og_description":"Inbody diagnosis : Un protocole de soins propos\u00e9 par votre centre de M\u00e9decine esth\u00e9tique \u00e0 Paris - Skincare Agency","og_url":"https:\/\/skincareagency.com\/en\/aesthetic-medicine-of-the-body\/inbody-diagnosis\/","og_site_name":"Skincare Agency","article_modified_time":"2025-01-14T08:15:43+00:00","og_image":[{"width":533,"height":400,"url":"https:\/\/skincareagency.com\/wp-content\/uploads\/2022\/11\/INBODY.jpg","type":"image\/jpeg"}],"twitter_card":"summary_large_image","twitter_misc":{"Est. reading time":"1 minute"},"schema":{"@context":"https:\/\/schema.org","@graph":[{"@type":"Article","@id":"https:\/\/skincareagency.com\/en\/aesthetic-medicine-of-the-body\/inbody-diagnosis\/#article","isPartOf":{"@id":"https:\/\/skincareagency.com\/en\/aesthetic-medicine-of-the-body\/inbody-diagnosis\/"},"author":{"name":"admineim","@id":"https:\/\/skincareagency.com\/en\/#\/schema\/person\/1d02edbd5bd022b4ca0bb010178c84ab"},"headline":"Inbody diagnosis","datePublished":"2022-04-04T09:10:46+00:00","dateModified":"2025-01-14T08:15:43+00:00","mainEntityOfPage":{"@id":"https:\/\/skincareagency.com\/en\/aesthetic-medicine-of-the-body\/inbody-diagnosis\/"},"wordCount":140,"publisher":{"@id":"https:\/\/skincareagency.com\/en\/#organization"},"image":{"@id":"https:\/\/skincareagency.com\/en\/aesthetic-medicine-of-the-body\/inbody-diagnosis\/#primaryimage"},"thumbnailUrl":"https:\/\/skincareagency.com\/wp-content\/uploads\/2022\/11\/INBODY.jpg","inLanguage":"en-US"},{"@type":["WebPage","MedicalWebPage"],"@id":"https:\/\/skincareagency.com\/en\/aesthetic-medicine-of-the-body\/inbody-diagnosis\/","url":"https:\/\/skincareagency.com\/en\/aesthetic-medicine-of-the-body\/inbody-diagnosis\/","name":"Inbody diagnosis in Paris - Skincare Agency","isPartOf":{"@id":"https:\/\/skincareagency.com\/en\/#website"},"primaryImageOfPage":{"@id":"https:\/\/skincareagency.com\/en\/aesthetic-medicine-of-the-body\/inbody-diagnosis\/#primaryimage"},"image":{"@id":"https:\/\/skincareagency.com\/en\/aesthetic-medicine-of-the-body\/inbody-diagnosis\/#primaryimage"},"thumbnailUrl":"https:\/\/skincareagency.com\/wp-content\/uploads\/2022\/11\/INBODY.jpg","datePublished":"2022-04-04T09:10:46+00:00","dateModified":"2025-01-14T08:15:43+00:00","description":"Inbody diagnosis : Un protocole de soins propos\u00e9 par votre centre de M\u00e9decine esth\u00e9tique \u00e0 Paris - Skincare Agency","breadcrumb":{"@id":"https:\/\/skincareagency.com\/en\/aesthetic-medicine-of-the-body\/inbody-diagnosis\/#breadcrumb"},"inLanguage":"en-US","potentialAction":[{"@type":"ReadAction","target":["https:\/\/skincareagency.com\/en\/aesthetic-medicine-of-the-body\/inbody-diagnosis\/"]}]},{"@type":"ImageObject","inLanguage":"en-US","@id":"https:\/\/skincareagency.com\/en\/aesthetic-medicine-of-the-body\/inbody-diagnosis\/#primaryimage","url":"https:\/\/skincareagency.com\/wp-content\/uploads\/2022\/11\/INBODY.jpg","contentUrl":"https:\/\/skincareagency.com\/wp-content\/uploads\/2022\/11\/INBODY.jpg","width":533,"height":400},{"@type":"BreadcrumbList","@id":"https:\/\/skincareagency.com\/en\/aesthetic-medicine-of-the-body\/inbody-diagnosis\/#breadcrumb","itemListElement":[{"@type":"ListItem","position":1,"name":"Home","item":"https:\/\/skincareagency.com\/en\/home\/"},{"@type":"ListItem","position":2,"name":"Aesthetic body Medecine","item":"https:\/\/skincareagency.com\/en\/aesthetic-medicine-of-the-body\/"},{"@type":"ListItem","position":3,"name":"Inbody diagnosis"}]},{"@type":"WebSite","@id":"https:\/\/skincareagency.com\/en\/#website","url":"https:\/\/skincareagency.com\/en\/","name":"Skincare Agency","description":"M\u00e9decine esth\u00e9tique \u00e0 Paris","publisher":{"@id":"https:\/\/skincareagency.com\/en\/#organization"},"potentialAction":[{"@type":"SearchAction","target":{"@type":"EntryPoint","urlTemplate":"https:\/\/skincareagency.com\/en\/?s={search_term_string}"},"query-input":"required name=search_term_string"}],"inLanguage":"en-US"},{"@type":"Organization","@id":"https:\/\/skincareagency.com\/en\/#organization","name":"Skincare Agency","url":"https:\/\/skincareagency.com\/en\/","logo":{"@type":"ImageObject","inLanguage":"en-US","@id":"https:\/\/skincareagency.com\/en\/#\/schema\/logo\/image\/","url":"https:\/\/skincareagency.com\/wp-content\/uploads\/2022\/05\/Logo_fondblanclait.jpg","contentUrl":"https:\/\/skincareagency.com\/wp-content\/uploads\/2022\/05\/Logo_fondblanclait.jpg","width":279,"height":237,"caption":"Skincare Agency"},"image":{"@id":"https:\/\/skincareagency.com\/en\/#\/schema\/logo\/image\/"}},{"@type":"Person","@id":"https:\/\/skincareagency.com\/en\/#\/schema\/person\/1d02edbd5bd022b4ca0bb010178c84ab","name":"admineim","image":{"@type":"ImageObject","inLanguage":"en-US","@id":"https:\/\/skincareagency.com\/en\/#\/schema\/person\/image\/","url":"https:\/\/secure.gravatar.com\/avatar\/c3b707b63b0c0d3476ba0d0553480c19969f740ef580a811f9f56ddc6c25f705?s=96&d=mm&r=g","contentUrl":"https:\/\/secure.gravatar.com\/avatar\/c3b707b63b0c0d3476ba0d0553480c19969f740ef580a811f9f56ddc6c25f705?s=96&d=mm&r=g","caption":"admineim"},"sameAs":["https:\/\/skincareagency.com"]}]}},"_links":{"self":[{"href":"https:\/\/skincareagency.com\/en\/wp-json\/wp\/v2\/pages\/7530","targetHints":{"allow":["GET"]}}],"collection":[{"href":"https:\/\/skincareagency.com\/en\/wp-json\/wp\/v2\/pages"}],"about":[{"href":"https:\/\/skincareagency.com\/en\/wp-json\/wp\/v2\/types\/page"}],"author":[{"embeddable":true,"href":"https:\/\/skincareagency.com\/en\/wp-json\/wp\/v2\/users\/1"}],"replies":[{"embeddable":true,"href":"https:\/\/skincareagency.com\/en\/wp-json\/wp\/v2\/comments?post=7530"}],"version-history":[{"count":2,"href":"https:\/\/skincareagency.com\/en\/wp-json\/wp\/v2\/pages\/7530\/revisions"}],"predecessor-version":[{"id":8202,"href":"https:\/\/skincareagency.com\/en\/wp-json\/wp\/v2\/pages\/7530\/revisions\/8202"}],"up":[{"embeddable":true,"href":"https:\/\/skincareagency.com\/en\/wp-json\/wp\/v2\/pages\/7528"}],"wp:featuredmedia":[{"embeddable":true,"href":"https:\/\/skincareagency.com\/en\/wp-json\/wp\/v2\/media\/7256"}],"wp:attachment":[{"href":"https:\/\/skincareagency.com\/en\/wp-json\/wp\/v2\/media?parent=7530"}],"curies":[{"name":"wp","href":"https:\/\/api.w.org\/{rel}","templated":true}]}}