{"id":7511,"date":"2022-04-04T10:29:45","date_gmt":"2022-04-04T08:29:45","guid":{"rendered":"https:\/\/skincareagency.com\/aesthetic-facial-medicine\/cryolipolysis-of-the-face\/"},"modified":"2024-06-07T13:09:22","modified_gmt":"2024-06-07T11:09:22","slug":"cryolipolysis-of-the-face","status":"publish","type":"page","link":"https:\/\/skincareagency.com\/en\/aesthetic-facial-medicine\/cryolipolysis-of-the-face\/","title":{"rendered":"Cryolipolysis of the face"},"content":{"rendered":"\t\t<div data-elementor-type=\"wp-page\" data-elementor-id=\"7511\" class=\"elementor elementor-7511 elementor-1095\">\n\t\t\t\t\t\t<section class=\"has_ae_slider elementor-section elementor-top-section elementor-element elementor-element-1dea24b elementor-section-boxed elementor-section-height-default elementor-section-height-default ae-bg-gallery-type-default\" data-id=\"1dea24b\" data-element_type=\"section\">\n\t\t\t\t\t\t<div class=\"elementor-container elementor-column-gap-default\">\n\t\t\t\t\t<div class=\"has_ae_slider elementor-column elementor-col-100 elementor-top-column elementor-element elementor-element-cb8612b ae-bg-gallery-type-default\" data-id=\"cb8612b\" data-element_type=\"column\">\n\t\t\t<div class=\"elementor-widget-wrap elementor-element-populated\">\n\t\t\t\t\t\t<div class=\"elementor-element elementor-element-976112d elementor-widget elementor-widget-text-editor\" data-id=\"976112d\" data-element_type=\"widget\" data-widget_type=\"text-editor.default\">\n\t\t\t\t<div class=\"elementor-widget-container\">\n\t\t\t<style>\/*! elementor - v3.22.0 - 17-06-2024 *\/\n.elementor-widget-text-editor.elementor-drop-cap-view-stacked .elementor-drop-cap{background-color:#69727d;color:#fff}.elementor-widget-text-editor.elementor-drop-cap-view-framed .elementor-drop-cap{color:#69727d;border:3px solid;background-color:transparent}.elementor-widget-text-editor:not(.elementor-drop-cap-view-default) .elementor-drop-cap{margin-top:8px}.elementor-widget-text-editor:not(.elementor-drop-cap-view-default) .elementor-drop-cap-letter{width:1em;height:1em}.elementor-widget-text-editor .elementor-drop-cap{float:left;text-align:center;line-height:1;font-size:50px}.elementor-widget-text-editor .elementor-drop-cap-letter{display:inline-block}<\/style>\t\t\t\t<p>Cryolipolysis is a non-invasive technique performed under the supervision of a physician that has proven effectiveness. This treatment uses cold to destroy <a href=\"https:\/\/skincareagency.com\/en\/your-needs\/localized-fat\/\">localized fat cells<\/a> on certain parts of the lower face and body. <\/p>\n<p>This very strong and localized exposure to cold crystallizes the fat cells. This reaction is called apoptosis of the adipocytes. The fat cells, under the effect of intense cold, will disintegrate and be progressively eliminated by the lymphatic system in the 10 to 15 days following the session. <\/p>\n<p>Each session destroys 30% of the targeted fat cells. It is therefore necessary to plan a Cryolipolysis procedure in 3 sessions, each spaced 3 weeks apart, in order to obtain a definitive result and to see the fatty mass disappear completely.<\/p>\n<p>Cryolipolysis is a rather revolutionary alternative to heavy and painful surgery such as liposuction. This treatment is particularly well adapted for very targeted areas of the body such as the stomach, love handles, saddlebags, thighs, hips, abdomen, back, arms and buttocks.<\/p>\n<p>But for the face, Cryolipolysis is exclusively used for the fat under the chin, commonly called the double chin. Cryolipolysis makes it possible to reshape the features of the chin without surgery and without pain in complete safety. It can treat both women and men.<\/p>\n<p>Skincare Agency has chosen to use the CE-approved Cryotech 390\u00b0 technology, guaranteeing the highest level of safety and effectiveness.<\/p>\n\t\t\t\t\t\t<\/div>\n\t\t\t\t<\/div>\n\t\t\t\t\t<\/div>\n\t\t<\/div>\n\t\t\t\t\t<\/div>\n\t\t<\/section>\n\t\t\t\t<\/div>\n\t\t","protected":false},"excerpt":{"rendered":"<p>Cryolipolysis is a non-invasive technique performed under the supervision of a physician that has proven effectiveness. This treatment uses cold [&hellip;]<\/p>\n","protected":false},"author":1,"featured_media":7232,"parent":7492,"menu_order":0,"comment_status":"closed","ping_status":"closed","template":"intervention.php","meta":{"footnotes":""},"class_list":["post-7511","page","type-page","status-publish","has-post-thumbnail","hentry","entry","has-media"],"acf":[],"yoast_head":"<!-- This site is optimized with the Yoast SEO plugin v22.8 - https:\/\/yoast.com\/wordpress\/plugins\/seo\/ -->\n<title>Cryolipolysis of the face in Paris - Skincare Agency<\/title>\n<meta name=\"description\" content=\"Cryolipolysis of the face : Un protocole de soins propos\u00e9 par votre centre de M\u00e9decine esth\u00e9tique \u00e0 Paris - Skincare Agency\" \/>\n<meta name=\"robots\" content=\"index, follow, max-snippet:-1, max-image-preview:large, max-video-preview:-1\" \/>\n<link rel=\"canonical\" href=\"https:\/\/skincareagency.com\/en\/aesthetic-facial-medicine\/cryolipolysis-of-the-face\/\" \/>\n<meta property=\"og:locale\" content=\"en_US\" \/>\n<meta property=\"og:type\" content=\"article\" \/>\n<meta property=\"og:title\" content=\"Cryolipolysis of the face in Paris - Skincare Agency\" \/>\n<meta property=\"og:description\" content=\"Cryolipolysis of the face : Un protocole de soins propos\u00e9 par votre centre de M\u00e9decine esth\u00e9tique \u00e0 Paris - Skincare Agency\" \/>\n<meta property=\"og:url\" content=\"https:\/\/skincareagency.com\/en\/aesthetic-facial-medicine\/cryolipolysis-of-the-face\/\" \/>\n<meta property=\"og:site_name\" content=\"Skincare Agency\" \/>\n<meta property=\"article:modified_time\" content=\"2024-06-07T11:09:22+00:00\" \/>\n<meta property=\"og:image\" content=\"https:\/\/skincareagency.com\/wp-content\/uploads\/2022\/11\/CRYOLIPOLISE.jpg\" \/>\n\t<meta property=\"og:image:width\" content=\"533\" \/>\n\t<meta property=\"og:image:height\" content=\"400\" \/>\n\t<meta property=\"og:image:type\" content=\"image\/jpeg\" \/>\n<meta name=\"twitter:card\" content=\"summary_large_image\" \/>\n<meta name=\"twitter:label1\" content=\"Est. reading time\" \/>\n\t<meta name=\"twitter:data1\" content=\"1 minute\" \/>\n<!-- \/ Yoast SEO plugin. -->","yoast_head_json":{"title":"Cryolipolysis of the face in Paris - Skincare Agency","description":"Cryolipolysis of the face : Un protocole de soins propos\u00e9 par votre centre de M\u00e9decine esth\u00e9tique \u00e0 Paris - Skincare Agency","robots":{"index":"index","follow":"follow","max-snippet":"max-snippet:-1","max-image-preview":"max-image-preview:large","max-video-preview":"max-video-preview:-1"},"canonical":"https:\/\/skincareagency.com\/en\/aesthetic-facial-medicine\/cryolipolysis-of-the-face\/","og_locale":"en_US","og_type":"article","og_title":"Cryolipolysis of the face in Paris - Skincare Agency","og_description":"Cryolipolysis of the face : Un protocole de soins propos\u00e9 par votre centre de M\u00e9decine esth\u00e9tique \u00e0 Paris - Skincare Agency","og_url":"https:\/\/skincareagency.com\/en\/aesthetic-facial-medicine\/cryolipolysis-of-the-face\/","og_site_name":"Skincare Agency","article_modified_time":"2024-06-07T11:09:22+00:00","og_image":[{"width":533,"height":400,"url":"https:\/\/skincareagency.com\/wp-content\/uploads\/2022\/11\/CRYOLIPOLISE.jpg","type":"image\/jpeg"}],"twitter_card":"summary_large_image","twitter_misc":{"Est. reading time":"1 minute"},"schema":{"@context":"https:\/\/schema.org","@graph":[{"@type":"Article","@id":"https:\/\/skincareagency.com\/en\/aesthetic-facial-medicine\/cryolipolysis-of-the-face\/#article","isPartOf":{"@id":"https:\/\/skincareagency.com\/en\/aesthetic-facial-medicine\/cryolipolysis-of-the-face\/"},"author":{"name":"admineim","@id":"https:\/\/skincareagency.com\/en\/#\/schema\/person\/1d02edbd5bd022b4ca0bb010178c84ab"},"headline":"Cryolipolysis of the face","datePublished":"2022-04-04T08:29:45+00:00","dateModified":"2024-06-07T11:09:22+00:00","mainEntityOfPage":{"@id":"https:\/\/skincareagency.com\/en\/aesthetic-facial-medicine\/cryolipolysis-of-the-face\/"},"wordCount":226,"publisher":{"@id":"https:\/\/skincareagency.com\/en\/#organization"},"image":{"@id":"https:\/\/skincareagency.com\/en\/aesthetic-facial-medicine\/cryolipolysis-of-the-face\/#primaryimage"},"thumbnailUrl":"https:\/\/skincareagency.com\/wp-content\/uploads\/2022\/11\/CRYOLIPOLISE.jpg","inLanguage":"en-US"},{"@type":["WebPage","MedicalWebPage"],"@id":"https:\/\/skincareagency.com\/en\/aesthetic-facial-medicine\/cryolipolysis-of-the-face\/","url":"https:\/\/skincareagency.com\/en\/aesthetic-facial-medicine\/cryolipolysis-of-the-face\/","name":"Cryolipolysis of the face in Paris - Skincare Agency","isPartOf":{"@id":"https:\/\/skincareagency.com\/en\/#website"},"primaryImageOfPage":{"@id":"https:\/\/skincareagency.com\/en\/aesthetic-facial-medicine\/cryolipolysis-of-the-face\/#primaryimage"},"image":{"@id":"https:\/\/skincareagency.com\/en\/aesthetic-facial-medicine\/cryolipolysis-of-the-face\/#primaryimage"},"thumbnailUrl":"https:\/\/skincareagency.com\/wp-content\/uploads\/2022\/11\/CRYOLIPOLISE.jpg","datePublished":"2022-04-04T08:29:45+00:00","dateModified":"2024-06-07T11:09:22+00:00","description":"Cryolipolysis of the face : Un protocole de soins propos\u00e9 par votre centre de M\u00e9decine esth\u00e9tique \u00e0 Paris - Skincare Agency","breadcrumb":{"@id":"https:\/\/skincareagency.com\/en\/aesthetic-facial-medicine\/cryolipolysis-of-the-face\/#breadcrumb"},"inLanguage":"en-US","potentialAction":[{"@type":"ReadAction","target":["https:\/\/skincareagency.com\/en\/aesthetic-facial-medicine\/cryolipolysis-of-the-face\/"]}]},{"@type":"ImageObject","inLanguage":"en-US","@id":"https:\/\/skincareagency.com\/en\/aesthetic-facial-medicine\/cryolipolysis-of-the-face\/#primaryimage","url":"https:\/\/skincareagency.com\/wp-content\/uploads\/2022\/11\/CRYOLIPOLISE.jpg","contentUrl":"https:\/\/skincareagency.com\/wp-content\/uploads\/2022\/11\/CRYOLIPOLISE.jpg","width":533,"height":400},{"@type":"BreadcrumbList","@id":"https:\/\/skincareagency.com\/en\/aesthetic-facial-medicine\/cryolipolysis-of-the-face\/#breadcrumb","itemListElement":[{"@type":"ListItem","position":1,"name":"Home","item":"https:\/\/skincareagency.com\/en\/home\/"},{"@type":"ListItem","position":2,"name":"Aesthetic facial medicine","item":"https:\/\/skincareagency.com\/en\/aesthetic-facial-medicine\/"},{"@type":"ListItem","position":3,"name":"Cryolipolysis of the face"}]},{"@type":"WebSite","@id":"https:\/\/skincareagency.com\/en\/#website","url":"https:\/\/skincareagency.com\/en\/","name":"Skincare Agency","description":"M\u00e9decine esth\u00e9tique \u00e0 Paris","publisher":{"@id":"https:\/\/skincareagency.com\/en\/#organization"},"potentialAction":[{"@type":"SearchAction","target":{"@type":"EntryPoint","urlTemplate":"https:\/\/skincareagency.com\/en\/?s={search_term_string}"},"query-input":"required name=search_term_string"}],"inLanguage":"en-US"},{"@type":"Organization","@id":"https:\/\/skincareagency.com\/en\/#organization","name":"Skincare Agency","url":"https:\/\/skincareagency.com\/en\/","logo":{"@type":"ImageObject","inLanguage":"en-US","@id":"https:\/\/skincareagency.com\/en\/#\/schema\/logo\/image\/","url":"https:\/\/skincareagency.com\/wp-content\/uploads\/2022\/05\/Logo_fondblanclait.jpg","contentUrl":"https:\/\/skincareagency.com\/wp-content\/uploads\/2022\/05\/Logo_fondblanclait.jpg","width":279,"height":237,"caption":"Skincare Agency"},"image":{"@id":"https:\/\/skincareagency.com\/en\/#\/schema\/logo\/image\/"}},{"@type":"Person","@id":"https:\/\/skincareagency.com\/en\/#\/schema\/person\/1d02edbd5bd022b4ca0bb010178c84ab","name":"admineim","image":{"@type":"ImageObject","inLanguage":"en-US","@id":"https:\/\/skincareagency.com\/en\/#\/schema\/person\/image\/","url":"https:\/\/secure.gravatar.com\/avatar\/c3b707b63b0c0d3476ba0d0553480c19969f740ef580a811f9f56ddc6c25f705?s=96&d=mm&r=g","contentUrl":"https:\/\/secure.gravatar.com\/avatar\/c3b707b63b0c0d3476ba0d0553480c19969f740ef580a811f9f56ddc6c25f705?s=96&d=mm&r=g","caption":"admineim"},"sameAs":["https:\/\/skincareagency.com"]}]}},"_links":{"self":[{"href":"https:\/\/skincareagency.com\/en\/wp-json\/wp\/v2\/pages\/7511","targetHints":{"allow":["GET"]}}],"collection":[{"href":"https:\/\/skincareagency.com\/en\/wp-json\/wp\/v2\/pages"}],"about":[{"href":"https:\/\/skincareagency.com\/en\/wp-json\/wp\/v2\/types\/page"}],"author":[{"embeddable":true,"href":"https:\/\/skincareagency.com\/en\/wp-json\/wp\/v2\/users\/1"}],"replies":[{"embeddable":true,"href":"https:\/\/skincareagency.com\/en\/wp-json\/wp\/v2\/comments?post=7511"}],"version-history":[{"count":1,"href":"https:\/\/skincareagency.com\/en\/wp-json\/wp\/v2\/pages\/7511\/revisions"}],"predecessor-version":[{"id":7512,"href":"https:\/\/skincareagency.com\/en\/wp-json\/wp\/v2\/pages\/7511\/revisions\/7512"}],"up":[{"embeddable":true,"href":"https:\/\/skincareagency.com\/en\/wp-json\/wp\/v2\/pages\/7492"}],"wp:featuredmedia":[{"embeddable":true,"href":"https:\/\/skincareagency.com\/en\/wp-json\/wp\/v2\/media\/7232"}],"wp:attachment":[{"href":"https:\/\/skincareagency.com\/en\/wp-json\/wp\/v2\/media?parent=7511"}],"curies":[{"name":"wp","href":"https:\/\/api.w.org\/{rel}","templated":true}]}}