{"id":7505,"date":"2022-04-04T10:14:13","date_gmt":"2022-04-04T08:14:13","guid":{"rendered":"https:\/\/skincareagency.com\/aesthetic-facial-medicine\/skinbooster-facial-injection\/"},"modified":"2024-06-07T12:18:31","modified_gmt":"2024-06-07T10:18:31","slug":"skinbooster-facial-injection","status":"publish","type":"page","link":"https:\/\/skincareagency.com\/en\/aesthetic-facial-medicine\/skinbooster-facial-injection\/","title":{"rendered":"Skinbooster\u00ae facial injection"},"content":{"rendered":"\t\t<div data-elementor-type=\"wp-page\" data-elementor-id=\"7505\" class=\"elementor elementor-7505 elementor-1064\">\n\t\t\t\t\t\t<section class=\"has_ae_slider elementor-section elementor-top-section elementor-element elementor-element-7a733f7 elementor-section-boxed elementor-section-height-default elementor-section-height-default ae-bg-gallery-type-default\" data-id=\"7a733f7\" data-element_type=\"section\">\n\t\t\t\t\t\t<div class=\"elementor-container elementor-column-gap-default\">\n\t\t\t\t\t<div class=\"has_ae_slider elementor-column elementor-col-100 elementor-top-column elementor-element elementor-element-ed2a0ad ae-bg-gallery-type-default\" data-id=\"ed2a0ad\" data-element_type=\"column\">\n\t\t\t<div class=\"elementor-widget-wrap elementor-element-populated\">\n\t\t\t\t\t\t<div class=\"elementor-element elementor-element-f13349d elementor-widget elementor-widget-text-editor\" data-id=\"f13349d\" data-element_type=\"widget\" data-widget_type=\"text-editor.default\">\n\t\t\t\t<div class=\"elementor-widget-container\">\n\t\t\t<style>\/*! elementor - v3.22.0 - 17-06-2024 *\/\n.elementor-widget-text-editor.elementor-drop-cap-view-stacked .elementor-drop-cap{background-color:#69727d;color:#fff}.elementor-widget-text-editor.elementor-drop-cap-view-framed .elementor-drop-cap{color:#69727d;border:3px solid;background-color:transparent}.elementor-widget-text-editor:not(.elementor-drop-cap-view-default) .elementor-drop-cap{margin-top:8px}.elementor-widget-text-editor:not(.elementor-drop-cap-view-default) .elementor-drop-cap-letter{width:1em;height:1em}.elementor-widget-text-editor .elementor-drop-cap{float:left;text-align:center;line-height:1;font-size:50px}.elementor-widget-text-editor .elementor-drop-cap-letter{display:inline-block}<\/style>\t\t\t\t<p>Skinboosters are very fluid, degradable injectable products made of non-crosslinked hyaluronic acid.&nbsp;<\/p><p>This treatment, which is widely used in aesthetic medicine, acts on the <b>skin&#8217;s hydration<\/b> without adding volume. Skinbooster-based treatments will allow, regardless of the patient&#8217;s age, to revitalize thin, dry, or dull skin in depth, to restore elasticity to the skin and to act on the texture of the dermis by shaping and smoothing it. This treatment puts the skin under tension and restores its radiance.<\/p>\n<p>Skinboosters will allow the <b>treatment of areas of the face<\/b>, <b>neckline<\/b>, <b>inner arms<\/b>, or the <b>top of the hands<\/b> very naturally by providing a plumped-up effect and by smoothing the skin. They will <b>smooth wrinkles and fine lines in depth<\/b>.<\/p>\t\t\t\t\t\t<\/div>\n\t\t\t\t<\/div>\n\t\t\t\t\t<\/div>\n\t\t<\/div>\n\t\t\t\t\t<\/div>\n\t\t<\/section>\n\t\t\t\t<\/div>\n\t\t","protected":false},"excerpt":{"rendered":"<p>Skinboosters are very fluid, degradable injectable products made of non-crosslinked hyaluronic acid.&nbsp; This treatment, which is widely used in aesthetic [&hellip;]<\/p>\n","protected":false},"author":1,"featured_media":7277,"parent":7492,"menu_order":0,"comment_status":"closed","ping_status":"closed","template":"intervention.php","meta":{"footnotes":""},"class_list":["post-7505","page","type-page","status-publish","has-post-thumbnail","hentry","entry","has-media"],"acf":[],"yoast_head":"<!-- This site is optimized with the Yoast SEO plugin v22.8 - https:\/\/yoast.com\/wordpress\/plugins\/seo\/ -->\n<title>Skinbooster facial injection in Paris 8 - Skincare Agency<\/title>\n<meta name=\"description\" content=\"Skinbooster\u00ae facial injection : Un protocole de soins propos\u00e9 par votre centre de M\u00e9decine esth\u00e9tique \u00e0 Paris - Skincare Agency\" \/>\n<meta name=\"robots\" content=\"index, follow, max-snippet:-1, max-image-preview:large, max-video-preview:-1\" \/>\n<link rel=\"canonical\" href=\"https:\/\/skincareagency.com\/en\/aesthetic-facial-medicine\/skinbooster-facial-injection\/\" \/>\n<meta property=\"og:locale\" content=\"en_US\" \/>\n<meta property=\"og:type\" content=\"article\" \/>\n<meta property=\"og:title\" content=\"Skinbooster facial injection in Paris 8 - Skincare Agency\" \/>\n<meta property=\"og:description\" content=\"Skinbooster\u00ae facial injection : Un protocole de soins propos\u00e9 par votre centre de M\u00e9decine esth\u00e9tique \u00e0 Paris - Skincare Agency\" \/>\n<meta property=\"og:url\" content=\"https:\/\/skincareagency.com\/en\/aesthetic-facial-medicine\/skinbooster-facial-injection\/\" \/>\n<meta property=\"og:site_name\" content=\"Skincare Agency\" \/>\n<meta property=\"article:modified_time\" content=\"2024-06-07T10:18:31+00:00\" \/>\n<meta property=\"og:image\" content=\"https:\/\/skincareagency.com\/wp-content\/uploads\/2022\/11\/INJECTION-SKINBOOSTER-2.jpg\" \/>\n\t<meta property=\"og:image:width\" content=\"533\" \/>\n\t<meta property=\"og:image:height\" content=\"400\" \/>\n\t<meta property=\"og:image:type\" content=\"image\/jpeg\" \/>\n<meta name=\"twitter:card\" content=\"summary_large_image\" \/>\n<meta name=\"twitter:label1\" content=\"Est. reading time\" \/>\n\t<meta name=\"twitter:data1\" content=\"1 minute\" \/>\n<!-- \/ Yoast SEO plugin. -->","yoast_head_json":{"title":"Skinbooster facial injection in Paris 8 - Skincare Agency","description":"Skinbooster\u00ae facial injection : Un protocole de soins propos\u00e9 par votre centre de M\u00e9decine esth\u00e9tique \u00e0 Paris - Skincare Agency","robots":{"index":"index","follow":"follow","max-snippet":"max-snippet:-1","max-image-preview":"max-image-preview:large","max-video-preview":"max-video-preview:-1"},"canonical":"https:\/\/skincareagency.com\/en\/aesthetic-facial-medicine\/skinbooster-facial-injection\/","og_locale":"en_US","og_type":"article","og_title":"Skinbooster facial injection in Paris 8 - Skincare Agency","og_description":"Skinbooster\u00ae facial injection : Un protocole de soins propos\u00e9 par votre centre de M\u00e9decine esth\u00e9tique \u00e0 Paris - Skincare Agency","og_url":"https:\/\/skincareagency.com\/en\/aesthetic-facial-medicine\/skinbooster-facial-injection\/","og_site_name":"Skincare Agency","article_modified_time":"2024-06-07T10:18:31+00:00","og_image":[{"width":533,"height":400,"url":"https:\/\/skincareagency.com\/wp-content\/uploads\/2022\/11\/INJECTION-SKINBOOSTER-2.jpg","type":"image\/jpeg"}],"twitter_card":"summary_large_image","twitter_misc":{"Est. reading time":"1 minute"},"schema":{"@context":"https:\/\/schema.org","@graph":[{"@type":"Article","@id":"https:\/\/skincareagency.com\/en\/aesthetic-facial-medicine\/skinbooster-facial-injection\/#article","isPartOf":{"@id":"https:\/\/skincareagency.com\/en\/aesthetic-facial-medicine\/skinbooster-facial-injection\/"},"author":{"name":"admineim","@id":"https:\/\/skincareagency.com\/en\/#\/schema\/person\/1d02edbd5bd022b4ca0bb010178c84ab"},"headline":"Skinbooster\u00ae facial injection","datePublished":"2022-04-04T08:14:13+00:00","dateModified":"2024-06-07T10:18:31+00:00","mainEntityOfPage":{"@id":"https:\/\/skincareagency.com\/en\/aesthetic-facial-medicine\/skinbooster-facial-injection\/"},"wordCount":122,"publisher":{"@id":"https:\/\/skincareagency.com\/en\/#organization"},"image":{"@id":"https:\/\/skincareagency.com\/en\/aesthetic-facial-medicine\/skinbooster-facial-injection\/#primaryimage"},"thumbnailUrl":"https:\/\/skincareagency.com\/wp-content\/uploads\/2022\/11\/INJECTION-SKINBOOSTER-2.jpg","inLanguage":"en-US"},{"@type":["WebPage","MedicalWebPage"],"@id":"https:\/\/skincareagency.com\/en\/aesthetic-facial-medicine\/skinbooster-facial-injection\/","url":"https:\/\/skincareagency.com\/en\/aesthetic-facial-medicine\/skinbooster-facial-injection\/","name":"Skinbooster facial injection in Paris 8 - Skincare Agency","isPartOf":{"@id":"https:\/\/skincareagency.com\/en\/#website"},"primaryImageOfPage":{"@id":"https:\/\/skincareagency.com\/en\/aesthetic-facial-medicine\/skinbooster-facial-injection\/#primaryimage"},"image":{"@id":"https:\/\/skincareagency.com\/en\/aesthetic-facial-medicine\/skinbooster-facial-injection\/#primaryimage"},"thumbnailUrl":"https:\/\/skincareagency.com\/wp-content\/uploads\/2022\/11\/INJECTION-SKINBOOSTER-2.jpg","datePublished":"2022-04-04T08:14:13+00:00","dateModified":"2024-06-07T10:18:31+00:00","description":"Skinbooster\u00ae facial injection : Un protocole de soins propos\u00e9 par votre centre de M\u00e9decine esth\u00e9tique \u00e0 Paris - Skincare Agency","breadcrumb":{"@id":"https:\/\/skincareagency.com\/en\/aesthetic-facial-medicine\/skinbooster-facial-injection\/#breadcrumb"},"inLanguage":"en-US","potentialAction":[{"@type":"ReadAction","target":["https:\/\/skincareagency.com\/en\/aesthetic-facial-medicine\/skinbooster-facial-injection\/"]}]},{"@type":"ImageObject","inLanguage":"en-US","@id":"https:\/\/skincareagency.com\/en\/aesthetic-facial-medicine\/skinbooster-facial-injection\/#primaryimage","url":"https:\/\/skincareagency.com\/wp-content\/uploads\/2022\/11\/INJECTION-SKINBOOSTER-2.jpg","contentUrl":"https:\/\/skincareagency.com\/wp-content\/uploads\/2022\/11\/INJECTION-SKINBOOSTER-2.jpg","width":533,"height":400},{"@type":"BreadcrumbList","@id":"https:\/\/skincareagency.com\/en\/aesthetic-facial-medicine\/skinbooster-facial-injection\/#breadcrumb","itemListElement":[{"@type":"ListItem","position":1,"name":"Home","item":"https:\/\/skincareagency.com\/en\/home\/"},{"@type":"ListItem","position":2,"name":"Aesthetic facial medicine","item":"https:\/\/skincareagency.com\/en\/aesthetic-facial-medicine\/"},{"@type":"ListItem","position":3,"name":"Skinbooster\u00ae facial injection"}]},{"@type":"WebSite","@id":"https:\/\/skincareagency.com\/en\/#website","url":"https:\/\/skincareagency.com\/en\/","name":"Skincare Agency","description":"M\u00e9decine esth\u00e9tique \u00e0 Paris","publisher":{"@id":"https:\/\/skincareagency.com\/en\/#organization"},"potentialAction":[{"@type":"SearchAction","target":{"@type":"EntryPoint","urlTemplate":"https:\/\/skincareagency.com\/en\/?s={search_term_string}"},"query-input":"required name=search_term_string"}],"inLanguage":"en-US"},{"@type":"Organization","@id":"https:\/\/skincareagency.com\/en\/#organization","name":"Skincare Agency","url":"https:\/\/skincareagency.com\/en\/","logo":{"@type":"ImageObject","inLanguage":"en-US","@id":"https:\/\/skincareagency.com\/en\/#\/schema\/logo\/image\/","url":"https:\/\/skincareagency.com\/wp-content\/uploads\/2022\/05\/Logo_fondblanclait.jpg","contentUrl":"https:\/\/skincareagency.com\/wp-content\/uploads\/2022\/05\/Logo_fondblanclait.jpg","width":279,"height":237,"caption":"Skincare Agency"},"image":{"@id":"https:\/\/skincareagency.com\/en\/#\/schema\/logo\/image\/"}},{"@type":"Person","@id":"https:\/\/skincareagency.com\/en\/#\/schema\/person\/1d02edbd5bd022b4ca0bb010178c84ab","name":"admineim","image":{"@type":"ImageObject","inLanguage":"en-US","@id":"https:\/\/skincareagency.com\/en\/#\/schema\/person\/image\/","url":"https:\/\/secure.gravatar.com\/avatar\/c3b707b63b0c0d3476ba0d0553480c19969f740ef580a811f9f56ddc6c25f705?s=96&d=mm&r=g","contentUrl":"https:\/\/secure.gravatar.com\/avatar\/c3b707b63b0c0d3476ba0d0553480c19969f740ef580a811f9f56ddc6c25f705?s=96&d=mm&r=g","caption":"admineim"},"sameAs":["https:\/\/skincareagency.com"]}]}},"_links":{"self":[{"href":"https:\/\/skincareagency.com\/en\/wp-json\/wp\/v2\/pages\/7505","targetHints":{"allow":["GET"]}}],"collection":[{"href":"https:\/\/skincareagency.com\/en\/wp-json\/wp\/v2\/pages"}],"about":[{"href":"https:\/\/skincareagency.com\/en\/wp-json\/wp\/v2\/types\/page"}],"author":[{"embeddable":true,"href":"https:\/\/skincareagency.com\/en\/wp-json\/wp\/v2\/users\/1"}],"replies":[{"embeddable":true,"href":"https:\/\/skincareagency.com\/en\/wp-json\/wp\/v2\/comments?post=7505"}],"version-history":[{"count":1,"href":"https:\/\/skincareagency.com\/en\/wp-json\/wp\/v2\/pages\/7505\/revisions"}],"predecessor-version":[{"id":7506,"href":"https:\/\/skincareagency.com\/en\/wp-json\/wp\/v2\/pages\/7505\/revisions\/7506"}],"up":[{"embeddable":true,"href":"https:\/\/skincareagency.com\/en\/wp-json\/wp\/v2\/pages\/7492"}],"wp:featuredmedia":[{"embeddable":true,"href":"https:\/\/skincareagency.com\/en\/wp-json\/wp\/v2\/media\/7277"}],"wp:attachment":[{"href":"https:\/\/skincareagency.com\/en\/wp-json\/wp\/v2\/media?parent=7505"}],"curies":[{"name":"wp","href":"https:\/\/api.w.org\/{rel}","templated":true}]}}