{"id":7486,"date":"2022-04-02T19:09:54","date_gmt":"2022-04-02T17:09:54","guid":{"rendered":"https:\/\/skincareagency.com\/your-needs\/sweating\/"},"modified":"2024-06-07T00:01:09","modified_gmt":"2024-06-06T22:01:09","slug":"sweating","status":"publish","type":"page","link":"https:\/\/skincareagency.com\/en\/your-needs\/sweating\/","title":{"rendered":"Sweating"},"content":{"rendered":"\t\t<div data-elementor-type=\"wp-page\" data-elementor-id=\"7486\" class=\"elementor elementor-7486 elementor-979\">\n\t\t\t\t\t\t<section class=\"has_ae_slider elementor-section elementor-top-section elementor-element elementor-element-4c58dfb3 elementor-section-boxed elementor-section-height-default elementor-section-height-default ae-bg-gallery-type-default\" data-id=\"4c58dfb3\" data-element_type=\"section\">\n\t\t\t\t\t\t<div class=\"elementor-container elementor-column-gap-default\">\n\t\t\t\t\t<div class=\"has_ae_slider elementor-column elementor-col-100 elementor-top-column elementor-element elementor-element-7435db72 ae-bg-gallery-type-default\" data-id=\"7435db72\" data-element_type=\"column\">\n\t\t\t<div class=\"elementor-widget-wrap elementor-element-populated\">\n\t\t\t\t\t\t<div class=\"elementor-element elementor-element-4c7440a4 elementor-widget elementor-widget-text-editor\" data-id=\"4c7440a4\" data-element_type=\"widget\" data-widget_type=\"text-editor.default\">\n\t\t\t\t<div class=\"elementor-widget-container\">\n\t\t\t<style>\/*! elementor - v3.22.0 - 17-06-2024 *\/\n.elementor-widget-text-editor.elementor-drop-cap-view-stacked .elementor-drop-cap{background-color:#69727d;color:#fff}.elementor-widget-text-editor.elementor-drop-cap-view-framed .elementor-drop-cap{color:#69727d;border:3px solid;background-color:transparent}.elementor-widget-text-editor:not(.elementor-drop-cap-view-default) .elementor-drop-cap{margin-top:8px}.elementor-widget-text-editor:not(.elementor-drop-cap-view-default) .elementor-drop-cap-letter{width:1em;height:1em}.elementor-widget-text-editor .elementor-drop-cap{float:left;text-align:center;line-height:1;font-size:50px}.elementor-widget-text-editor .elementor-drop-cap-letter{display:inline-block}<\/style>\t\t\t\t\n<p>Perspiration is a natural physiological phenomenon that allows the body to cool down during exercise or in hot weather. Sweating acts as a thermostat. The hypothalamus gland located in the brain regulates the body temperature at 37\u00b0C. If the body heats up above this temperature, the gland will order the sweat glands on the surface of the skin to produce sweat which, when it evaporates, will cool the body.<\/p>\n<p>Perspiration, also called sweating, concentrates on different parts of the body. In the armpits (we speak of axillary hyperhidrosis), in the scalp, the back and the chest but also the hands and even the feet.<\/p>\n<p>In some people, a dysfunction of the sweat glands can cause an excessive production of sweat and cause a disturbance of the body thermoregulation. This is called hyperhidrosis or hypersweating. Cela s\u2019appelle l\u2019hyperhidrose ou hypersudation.<\/p>\n<p>The inconveniences caused by hyperhidrosis can then become a real insecurity and have negative repercussions on one\u2019s social life. Sweaty hands, strong odors, and halos on clothing are all signs that should lead the patient to consult a doctor.<\/p>\n\t\t\t\t\t\t<\/div>\n\t\t\t\t<\/div>\n\t\t\t\t\t<\/div>\n\t\t<\/div>\n\t\t\t\t\t<\/div>\n\t\t<\/section>\n\t\t\t\t<\/div>\n\t\t","protected":false},"excerpt":{"rendered":"<p>Perspiration is a natural physiological phenomenon that allows the body to cool down during exercise or in hot weather. Sweating [&hellip;]<\/p>\n","protected":false},"author":1,"featured_media":6854,"parent":7434,"menu_order":0,"comment_status":"closed","ping_status":"closed","template":"intervention.php","meta":{"footnotes":""},"class_list":["post-7486","page","type-page","status-publish","has-post-thumbnail","hentry","entry","has-media"],"acf":[],"yoast_head":"<!-- This site is optimized with the Yoast SEO plugin v22.8 - https:\/\/yoast.com\/wordpress\/plugins\/seo\/ -->\n<title>Sweating - Skincare Agency<\/title>\n<meta name=\"description\" content=\"Sweating : Un protocole de soins propos\u00e9 par votre centre de M\u00e9decine esth\u00e9tique \u00e0 Paris - Skincare Agency\" \/>\n<meta name=\"robots\" content=\"index, follow, max-snippet:-1, max-image-preview:large, max-video-preview:-1\" \/>\n<link rel=\"canonical\" href=\"https:\/\/skincareagency.com\/en\/your-needs\/sweating\/\" \/>\n<meta property=\"og:locale\" content=\"en_US\" \/>\n<meta property=\"og:type\" content=\"article\" \/>\n<meta property=\"og:title\" content=\"Sweating - Skincare Agency\" \/>\n<meta property=\"og:description\" content=\"Sweating : Un protocole de soins propos\u00e9 par votre centre de M\u00e9decine esth\u00e9tique \u00e0 Paris - Skincare Agency\" \/>\n<meta property=\"og:url\" content=\"https:\/\/skincareagency.com\/en\/your-needs\/sweating\/\" \/>\n<meta property=\"og:site_name\" content=\"Skincare Agency\" \/>\n<meta property=\"article:modified_time\" content=\"2024-06-06T22:01:09+00:00\" \/>\n<meta property=\"og:image\" content=\"https:\/\/skincareagency.com\/wp-content\/uploads\/2022\/05\/Skincare-agency-la-peau-transpiration.jpg\" \/>\n\t<meta property=\"og:image:width\" content=\"377\" \/>\n\t<meta property=\"og:image:height\" content=\"552\" \/>\n\t<meta property=\"og:image:type\" content=\"image\/jpeg\" \/>\n<meta name=\"twitter:card\" content=\"summary_large_image\" \/>\n<meta name=\"twitter:label1\" content=\"Est. reading time\" \/>\n\t<meta name=\"twitter:data1\" content=\"1 minute\" \/>\n<!-- \/ Yoast SEO plugin. -->","yoast_head_json":{"title":"Sweating - Skincare Agency","description":"Sweating : Un protocole de soins propos\u00e9 par votre centre de M\u00e9decine esth\u00e9tique \u00e0 Paris - Skincare Agency","robots":{"index":"index","follow":"follow","max-snippet":"max-snippet:-1","max-image-preview":"max-image-preview:large","max-video-preview":"max-video-preview:-1"},"canonical":"https:\/\/skincareagency.com\/en\/your-needs\/sweating\/","og_locale":"en_US","og_type":"article","og_title":"Sweating - Skincare Agency","og_description":"Sweating : Un protocole de soins propos\u00e9 par votre centre de M\u00e9decine esth\u00e9tique \u00e0 Paris - Skincare Agency","og_url":"https:\/\/skincareagency.com\/en\/your-needs\/sweating\/","og_site_name":"Skincare Agency","article_modified_time":"2024-06-06T22:01:09+00:00","og_image":[{"width":377,"height":552,"url":"https:\/\/skincareagency.com\/wp-content\/uploads\/2022\/05\/Skincare-agency-la-peau-transpiration.jpg","type":"image\/jpeg"}],"twitter_card":"summary_large_image","twitter_misc":{"Est. reading time":"1 minute"},"schema":{"@context":"https:\/\/schema.org","@graph":[{"@type":"Article","@id":"https:\/\/skincareagency.com\/en\/your-needs\/sweating\/#article","isPartOf":{"@id":"https:\/\/skincareagency.com\/en\/your-needs\/sweating\/"},"author":{"name":"admineim","@id":"https:\/\/skincareagency.com\/en\/#\/schema\/person\/1d02edbd5bd022b4ca0bb010178c84ab"},"headline":"Sweating","datePublished":"2022-04-02T17:09:54+00:00","dateModified":"2024-06-06T22:01:09+00:00","mainEntityOfPage":{"@id":"https:\/\/skincareagency.com\/en\/your-needs\/sweating\/"},"wordCount":182,"publisher":{"@id":"https:\/\/skincareagency.com\/en\/#organization"},"image":{"@id":"https:\/\/skincareagency.com\/en\/your-needs\/sweating\/#primaryimage"},"thumbnailUrl":"https:\/\/skincareagency.com\/wp-content\/uploads\/2022\/05\/Skincare-agency-la-peau-transpiration.jpg","inLanguage":"en-US"},{"@type":["WebPage","MedicalWebPage"],"@id":"https:\/\/skincareagency.com\/en\/your-needs\/sweating\/","url":"https:\/\/skincareagency.com\/en\/your-needs\/sweating\/","name":"Sweating - Skincare Agency","isPartOf":{"@id":"https:\/\/skincareagency.com\/en\/#website"},"primaryImageOfPage":{"@id":"https:\/\/skincareagency.com\/en\/your-needs\/sweating\/#primaryimage"},"image":{"@id":"https:\/\/skincareagency.com\/en\/your-needs\/sweating\/#primaryimage"},"thumbnailUrl":"https:\/\/skincareagency.com\/wp-content\/uploads\/2022\/05\/Skincare-agency-la-peau-transpiration.jpg","datePublished":"2022-04-02T17:09:54+00:00","dateModified":"2024-06-06T22:01:09+00:00","description":"Sweating : Un protocole de soins propos\u00e9 par votre centre de M\u00e9decine esth\u00e9tique \u00e0 Paris - Skincare Agency","breadcrumb":{"@id":"https:\/\/skincareagency.com\/en\/your-needs\/sweating\/#breadcrumb"},"inLanguage":"en-US","potentialAction":[{"@type":"ReadAction","target":["https:\/\/skincareagency.com\/en\/your-needs\/sweating\/"]}]},{"@type":"ImageObject","inLanguage":"en-US","@id":"https:\/\/skincareagency.com\/en\/your-needs\/sweating\/#primaryimage","url":"https:\/\/skincareagency.com\/wp-content\/uploads\/2022\/05\/Skincare-agency-la-peau-transpiration.jpg","contentUrl":"https:\/\/skincareagency.com\/wp-content\/uploads\/2022\/05\/Skincare-agency-la-peau-transpiration.jpg","width":377,"height":552},{"@type":"BreadcrumbList","@id":"https:\/\/skincareagency.com\/en\/your-needs\/sweating\/#breadcrumb","itemListElement":[{"@type":"ListItem","position":1,"name":"Home","item":"https:\/\/skincareagency.com\/en\/home\/"},{"@type":"ListItem","position":2,"name":"Your needs","item":"https:\/\/skincareagency.com\/en\/your-needs\/"},{"@type":"ListItem","position":3,"name":"Sweating"}]},{"@type":"WebSite","@id":"https:\/\/skincareagency.com\/en\/#website","url":"https:\/\/skincareagency.com\/en\/","name":"Skincare Agency","description":"M\u00e9decine esth\u00e9tique \u00e0 Paris","publisher":{"@id":"https:\/\/skincareagency.com\/en\/#organization"},"potentialAction":[{"@type":"SearchAction","target":{"@type":"EntryPoint","urlTemplate":"https:\/\/skincareagency.com\/en\/?s={search_term_string}"},"query-input":"required name=search_term_string"}],"inLanguage":"en-US"},{"@type":"Organization","@id":"https:\/\/skincareagency.com\/en\/#organization","name":"Skincare Agency","url":"https:\/\/skincareagency.com\/en\/","logo":{"@type":"ImageObject","inLanguage":"en-US","@id":"https:\/\/skincareagency.com\/en\/#\/schema\/logo\/image\/","url":"https:\/\/skincareagency.com\/wp-content\/uploads\/2022\/05\/Logo_fondblanclait.jpg","contentUrl":"https:\/\/skincareagency.com\/wp-content\/uploads\/2022\/05\/Logo_fondblanclait.jpg","width":279,"height":237,"caption":"Skincare Agency"},"image":{"@id":"https:\/\/skincareagency.com\/en\/#\/schema\/logo\/image\/"}},{"@type":"Person","@id":"https:\/\/skincareagency.com\/en\/#\/schema\/person\/1d02edbd5bd022b4ca0bb010178c84ab","name":"admineim","image":{"@type":"ImageObject","inLanguage":"en-US","@id":"https:\/\/skincareagency.com\/en\/#\/schema\/person\/image\/","url":"https:\/\/secure.gravatar.com\/avatar\/c3b707b63b0c0d3476ba0d0553480c19969f740ef580a811f9f56ddc6c25f705?s=96&d=mm&r=g","contentUrl":"https:\/\/secure.gravatar.com\/avatar\/c3b707b63b0c0d3476ba0d0553480c19969f740ef580a811f9f56ddc6c25f705?s=96&d=mm&r=g","caption":"admineim"},"sameAs":["https:\/\/skincareagency.com"]}]}},"_links":{"self":[{"href":"https:\/\/skincareagency.com\/en\/wp-json\/wp\/v2\/pages\/7486","targetHints":{"allow":["GET"]}}],"collection":[{"href":"https:\/\/skincareagency.com\/en\/wp-json\/wp\/v2\/pages"}],"about":[{"href":"https:\/\/skincareagency.com\/en\/wp-json\/wp\/v2\/types\/page"}],"author":[{"embeddable":true,"href":"https:\/\/skincareagency.com\/en\/wp-json\/wp\/v2\/users\/1"}],"replies":[{"embeddable":true,"href":"https:\/\/skincareagency.com\/en\/wp-json\/wp\/v2\/comments?post=7486"}],"version-history":[{"count":3,"href":"https:\/\/skincareagency.com\/en\/wp-json\/wp\/v2\/pages\/7486\/revisions"}],"predecessor-version":[{"id":7489,"href":"https:\/\/skincareagency.com\/en\/wp-json\/wp\/v2\/pages\/7486\/revisions\/7489"}],"up":[{"embeddable":true,"href":"https:\/\/skincareagency.com\/en\/wp-json\/wp\/v2\/pages\/7434"}],"wp:featuredmedia":[{"embeddable":true,"href":"https:\/\/skincareagency.com\/en\/wp-json\/wp\/v2\/media\/6854"}],"wp:attachment":[{"href":"https:\/\/skincareagency.com\/en\/wp-json\/wp\/v2\/media?parent=7486"}],"curies":[{"name":"wp","href":"https:\/\/api.w.org\/{rel}","templated":true}]}}