{"id":7474,"date":"2022-03-30T08:53:14","date_gmt":"2022-03-30T06:53:14","guid":{"rendered":"https:\/\/skincareagency.com\/your-needs\/dilated-pores\/"},"modified":"2024-06-06T23:14:13","modified_gmt":"2024-06-06T21:14:13","slug":"dilated-pores","status":"publish","type":"page","link":"https:\/\/skincareagency.com\/en\/your-needs\/dilated-pores\/","title":{"rendered":"Dilated pores"},"content":{"rendered":"\t\t<div data-elementor-type=\"wp-page\" data-elementor-id=\"7474\" class=\"elementor elementor-7474 elementor-580\">\n\t\t\t\t\t\t<section class=\"has_ae_slider elementor-section elementor-top-section elementor-element elementor-element-64ceb771 elementor-section-boxed elementor-section-height-default elementor-section-height-default ae-bg-gallery-type-default\" data-id=\"64ceb771\" data-element_type=\"section\">\n\t\t\t\t\t\t<div class=\"elementor-container elementor-column-gap-default\">\n\t\t\t\t\t<div class=\"has_ae_slider elementor-column elementor-col-100 elementor-top-column elementor-element elementor-element-3cf1323f ae-bg-gallery-type-default\" data-id=\"3cf1323f\" data-element_type=\"column\">\n\t\t\t<div class=\"elementor-widget-wrap elementor-element-populated\">\n\t\t\t\t\t\t<div class=\"elementor-element elementor-element-712fcf8d elementor-widget elementor-widget-text-editor\" data-id=\"712fcf8d\" data-element_type=\"widget\" data-widget_type=\"text-editor.default\">\n\t\t\t\t<div class=\"elementor-widget-container\">\n\t\t\t<style>\/*! elementor - v3.22.0 - 17-06-2024 *\/\n.elementor-widget-text-editor.elementor-drop-cap-view-stacked .elementor-drop-cap{background-color:#69727d;color:#fff}.elementor-widget-text-editor.elementor-drop-cap-view-framed .elementor-drop-cap{color:#69727d;border:3px solid;background-color:transparent}.elementor-widget-text-editor:not(.elementor-drop-cap-view-default) .elementor-drop-cap{margin-top:8px}.elementor-widget-text-editor:not(.elementor-drop-cap-view-default) .elementor-drop-cap-letter{width:1em;height:1em}.elementor-widget-text-editor .elementor-drop-cap{float:left;text-align:center;line-height:1;font-size:50px}.elementor-widget-text-editor .elementor-drop-cap-letter{display:inline-block}<\/style>\t\t\t\t<p><\/p>\n<p>The skin on the face is a barrier that protects us from external aggressions, but for this defensive organ to fully play its role, it must be strong and healthy, regardless of age.<\/p>\n<p><\/p>\n<p>We often speak of &#8221;&nbsp;beautiful skin&nbsp;&#8221; in appearance, but beautiful skin is above all healthy skin, where each component has a precise function. <strong>The skin&#8217;s pores play an essential role in its quality<\/strong>. Pores are small openings of the sebaceous glands where hairs grow. They allow the skin to breathe. They excrete sebum and perspiration<\/p>\n<p><\/p>\n<p>If the pores of the skin are open or dilated, they will let impurities settle in and cause pimples or <a href=\"https:\/\/skincareagency.com\/en\/your-needs\/acne-treatment\/\">acne all over the face<\/a>.<\/p>\n<p><\/p>\n<p>The skin will become oily and lose its uniformity. The face will look duller, which will result in an &#8221;&nbsp;orange peel&nbsp;&#8221; appearance.<\/p>\n<p><\/p>\n<p>The dilated pores of the skin will become very visible and will let sebum through. This phenomenon happens to everyone, regardless of age or gender. But in aesthetic medicine, there are several solutions. This phenomenon occurs in both men and women and regardless of age. But in aesthetic medicine, there are several solutions or treatments that can provide results.<\/p><ul>\n<\/ul>\n<p><\/p>\t\t\t\t\t\t<\/div>\n\t\t\t\t<\/div>\n\t\t\t\t\t<\/div>\n\t\t<\/div>\n\t\t\t\t\t<\/div>\n\t\t<\/section>\n\t\t\t\t<\/div>\n\t\t","protected":false},"excerpt":{"rendered":"<p>The skin on the face is a barrier that protects us from external aggressions, but for this defensive organ to [&hellip;]<\/p>\n","protected":false},"author":1,"featured_media":7147,"parent":7434,"menu_order":0,"comment_status":"closed","ping_status":"closed","template":"intervention.php","meta":{"footnotes":""},"class_list":["post-7474","page","type-page","status-publish","has-post-thumbnail","hentry","entry","has-media"],"acf":[],"yoast_head":"<!-- This site is optimized with the Yoast SEO plugin v22.8 - https:\/\/yoast.com\/wordpress\/plugins\/seo\/ -->\n<title>Treatment of enlarged pores in Paris 8 - Skincare Agency<\/title>\n<meta name=\"description\" content=\"Dilated pores : Un protocole de soins propos\u00e9 par votre centre de M\u00e9decine esth\u00e9tique \u00e0 Paris - Skincare Agency\" \/>\n<meta name=\"robots\" content=\"index, follow, max-snippet:-1, max-image-preview:large, max-video-preview:-1\" \/>\n<link rel=\"canonical\" href=\"https:\/\/skincareagency.com\/en\/your-needs\/dilated-pores\/\" \/>\n<meta property=\"og:locale\" content=\"en_US\" \/>\n<meta property=\"og:type\" content=\"article\" \/>\n<meta property=\"og:title\" content=\"Treatment of enlarged pores in Paris 8 - Skincare Agency\" \/>\n<meta property=\"og:description\" content=\"Dilated pores : Un protocole de soins propos\u00e9 par votre centre de M\u00e9decine esth\u00e9tique \u00e0 Paris - Skincare Agency\" \/>\n<meta property=\"og:url\" content=\"https:\/\/skincareagency.com\/en\/your-needs\/dilated-pores\/\" \/>\n<meta property=\"og:site_name\" content=\"Skincare Agency\" \/>\n<meta property=\"article:modified_time\" content=\"2024-06-06T21:14:13+00:00\" \/>\n<meta property=\"og:image\" content=\"https:\/\/skincareagency.com\/wp-content\/uploads\/2022\/06\/LA-PEAU_PORES-DILATES.png\" \/>\n\t<meta property=\"og:image:width\" content=\"377\" \/>\n\t<meta property=\"og:image:height\" content=\"552\" \/>\n\t<meta property=\"og:image:type\" content=\"image\/png\" \/>\n<meta name=\"twitter:card\" content=\"summary_large_image\" \/>\n<meta name=\"twitter:label1\" content=\"Est. reading time\" \/>\n\t<meta name=\"twitter:data1\" content=\"1 minute\" \/>\n<!-- \/ Yoast SEO plugin. -->","yoast_head_json":{"title":"Treatment of enlarged pores in Paris 8 - Skincare Agency","description":"Dilated pores : Un protocole de soins propos\u00e9 par votre centre de M\u00e9decine esth\u00e9tique \u00e0 Paris - Skincare Agency","robots":{"index":"index","follow":"follow","max-snippet":"max-snippet:-1","max-image-preview":"max-image-preview:large","max-video-preview":"max-video-preview:-1"},"canonical":"https:\/\/skincareagency.com\/en\/your-needs\/dilated-pores\/","og_locale":"en_US","og_type":"article","og_title":"Treatment of enlarged pores in Paris 8 - Skincare Agency","og_description":"Dilated pores : Un protocole de soins propos\u00e9 par votre centre de M\u00e9decine esth\u00e9tique \u00e0 Paris - Skincare Agency","og_url":"https:\/\/skincareagency.com\/en\/your-needs\/dilated-pores\/","og_site_name":"Skincare Agency","article_modified_time":"2024-06-06T21:14:13+00:00","og_image":[{"width":377,"height":552,"url":"https:\/\/skincareagency.com\/wp-content\/uploads\/2022\/06\/LA-PEAU_PORES-DILATES.png","type":"image\/png"}],"twitter_card":"summary_large_image","twitter_misc":{"Est. reading time":"1 minute"},"schema":{"@context":"https:\/\/schema.org","@graph":[{"@type":"Article","@id":"https:\/\/skincareagency.com\/en\/your-needs\/dilated-pores\/#article","isPartOf":{"@id":"https:\/\/skincareagency.com\/en\/your-needs\/dilated-pores\/"},"author":{"name":"admineim","@id":"https:\/\/skincareagency.com\/en\/#\/schema\/person\/1d02edbd5bd022b4ca0bb010178c84ab"},"headline":"Dilated pores","datePublished":"2022-03-30T06:53:14+00:00","dateModified":"2024-06-06T21:14:13+00:00","mainEntityOfPage":{"@id":"https:\/\/skincareagency.com\/en\/your-needs\/dilated-pores\/"},"wordCount":200,"publisher":{"@id":"https:\/\/skincareagency.com\/en\/#organization"},"image":{"@id":"https:\/\/skincareagency.com\/en\/your-needs\/dilated-pores\/#primaryimage"},"thumbnailUrl":"https:\/\/skincareagency.com\/wp-content\/uploads\/2022\/06\/LA-PEAU_PORES-DILATES.png","inLanguage":"en-US"},{"@type":["WebPage","MedicalWebPage"],"@id":"https:\/\/skincareagency.com\/en\/your-needs\/dilated-pores\/","url":"https:\/\/skincareagency.com\/en\/your-needs\/dilated-pores\/","name":"Treatment of enlarged pores in Paris 8 - Skincare Agency","isPartOf":{"@id":"https:\/\/skincareagency.com\/en\/#website"},"primaryImageOfPage":{"@id":"https:\/\/skincareagency.com\/en\/your-needs\/dilated-pores\/#primaryimage"},"image":{"@id":"https:\/\/skincareagency.com\/en\/your-needs\/dilated-pores\/#primaryimage"},"thumbnailUrl":"https:\/\/skincareagency.com\/wp-content\/uploads\/2022\/06\/LA-PEAU_PORES-DILATES.png","datePublished":"2022-03-30T06:53:14+00:00","dateModified":"2024-06-06T21:14:13+00:00","description":"Dilated pores : Un protocole de soins propos\u00e9 par votre centre de M\u00e9decine esth\u00e9tique \u00e0 Paris - Skincare Agency","breadcrumb":{"@id":"https:\/\/skincareagency.com\/en\/your-needs\/dilated-pores\/#breadcrumb"},"inLanguage":"en-US","potentialAction":[{"@type":"ReadAction","target":["https:\/\/skincareagency.com\/en\/your-needs\/dilated-pores\/"]}]},{"@type":"ImageObject","inLanguage":"en-US","@id":"https:\/\/skincareagency.com\/en\/your-needs\/dilated-pores\/#primaryimage","url":"https:\/\/skincareagency.com\/wp-content\/uploads\/2022\/06\/LA-PEAU_PORES-DILATES.png","contentUrl":"https:\/\/skincareagency.com\/wp-content\/uploads\/2022\/06\/LA-PEAU_PORES-DILATES.png","width":377,"height":552},{"@type":"BreadcrumbList","@id":"https:\/\/skincareagency.com\/en\/your-needs\/dilated-pores\/#breadcrumb","itemListElement":[{"@type":"ListItem","position":1,"name":"Home","item":"https:\/\/skincareagency.com\/en\/home\/"},{"@type":"ListItem","position":2,"name":"Your needs","item":"https:\/\/skincareagency.com\/en\/your-needs\/"},{"@type":"ListItem","position":3,"name":"Dilated pores"}]},{"@type":"WebSite","@id":"https:\/\/skincareagency.com\/en\/#website","url":"https:\/\/skincareagency.com\/en\/","name":"Skincare Agency","description":"M\u00e9decine esth\u00e9tique \u00e0 Paris","publisher":{"@id":"https:\/\/skincareagency.com\/en\/#organization"},"potentialAction":[{"@type":"SearchAction","target":{"@type":"EntryPoint","urlTemplate":"https:\/\/skincareagency.com\/en\/?s={search_term_string}"},"query-input":"required name=search_term_string"}],"inLanguage":"en-US"},{"@type":"Organization","@id":"https:\/\/skincareagency.com\/en\/#organization","name":"Skincare Agency","url":"https:\/\/skincareagency.com\/en\/","logo":{"@type":"ImageObject","inLanguage":"en-US","@id":"https:\/\/skincareagency.com\/en\/#\/schema\/logo\/image\/","url":"https:\/\/skincareagency.com\/wp-content\/uploads\/2022\/05\/Logo_fondblanclait.jpg","contentUrl":"https:\/\/skincareagency.com\/wp-content\/uploads\/2022\/05\/Logo_fondblanclait.jpg","width":279,"height":237,"caption":"Skincare Agency"},"image":{"@id":"https:\/\/skincareagency.com\/en\/#\/schema\/logo\/image\/"}},{"@type":"Person","@id":"https:\/\/skincareagency.com\/en\/#\/schema\/person\/1d02edbd5bd022b4ca0bb010178c84ab","name":"admineim","image":{"@type":"ImageObject","inLanguage":"en-US","@id":"https:\/\/skincareagency.com\/en\/#\/schema\/person\/image\/","url":"https:\/\/secure.gravatar.com\/avatar\/c3b707b63b0c0d3476ba0d0553480c19969f740ef580a811f9f56ddc6c25f705?s=96&d=mm&r=g","contentUrl":"https:\/\/secure.gravatar.com\/avatar\/c3b707b63b0c0d3476ba0d0553480c19969f740ef580a811f9f56ddc6c25f705?s=96&d=mm&r=g","caption":"admineim"},"sameAs":["https:\/\/skincareagency.com"]}]}},"_links":{"self":[{"href":"https:\/\/skincareagency.com\/en\/wp-json\/wp\/v2\/pages\/7474","targetHints":{"allow":["GET"]}}],"collection":[{"href":"https:\/\/skincareagency.com\/en\/wp-json\/wp\/v2\/pages"}],"about":[{"href":"https:\/\/skincareagency.com\/en\/wp-json\/wp\/v2\/types\/page"}],"author":[{"embeddable":true,"href":"https:\/\/skincareagency.com\/en\/wp-json\/wp\/v2\/users\/1"}],"replies":[{"embeddable":true,"href":"https:\/\/skincareagency.com\/en\/wp-json\/wp\/v2\/comments?post=7474"}],"version-history":[{"count":3,"href":"https:\/\/skincareagency.com\/en\/wp-json\/wp\/v2\/pages\/7474\/revisions"}],"predecessor-version":[{"id":7477,"href":"https:\/\/skincareagency.com\/en\/wp-json\/wp\/v2\/pages\/7474\/revisions\/7477"}],"up":[{"embeddable":true,"href":"https:\/\/skincareagency.com\/en\/wp-json\/wp\/v2\/pages\/7434"}],"wp:featuredmedia":[{"embeddable":true,"href":"https:\/\/skincareagency.com\/en\/wp-json\/wp\/v2\/media\/7147"}],"wp:attachment":[{"href":"https:\/\/skincareagency.com\/en\/wp-json\/wp\/v2\/media?parent=7474"}],"curies":[{"name":"wp","href":"https:\/\/api.w.org\/{rel}","templated":true}]}}