{"id":7459,"date":"2022-03-30T08:55:46","date_gmt":"2022-03-30T06:55:46","guid":{"rendered":"https:\/\/skincareagency.com\/your-needs\/the-cellulite\/"},"modified":"2024-06-06T21:55:30","modified_gmt":"2024-06-06T19:55:30","slug":"the-cellulite","status":"publish","type":"page","link":"https:\/\/skincareagency.com\/en\/your-needs\/the-cellulite\/","title":{"rendered":"The cellulite"},"content":{"rendered":"\t\t<div data-elementor-type=\"wp-page\" data-elementor-id=\"7459\" class=\"elementor elementor-7459 elementor-590\">\n\t\t\t\t\t\t<section class=\"has_ae_slider elementor-section elementor-top-section elementor-element elementor-element-6b4fea5d elementor-section-boxed elementor-section-height-default elementor-section-height-default ae-bg-gallery-type-default\" data-id=\"6b4fea5d\" data-element_type=\"section\">\n\t\t\t\t\t\t<div class=\"elementor-container elementor-column-gap-default\">\n\t\t\t\t\t<div class=\"has_ae_slider elementor-column elementor-col-100 elementor-top-column elementor-element elementor-element-78a934ac ae-bg-gallery-type-default\" data-id=\"78a934ac\" data-element_type=\"column\">\n\t\t\t<div class=\"elementor-widget-wrap elementor-element-populated\">\n\t\t\t\t\t\t<div class=\"elementor-element elementor-element-20d9553f elementor-widget elementor-widget-text-editor\" data-id=\"20d9553f\" data-element_type=\"widget\" data-widget_type=\"text-editor.default\">\n\t\t\t\t<div class=\"elementor-widget-container\">\n\t\t\t<style>\/*! elementor - v3.22.0 - 17-06-2024 *\/\n.elementor-widget-text-editor.elementor-drop-cap-view-stacked .elementor-drop-cap{background-color:#69727d;color:#fff}.elementor-widget-text-editor.elementor-drop-cap-view-framed .elementor-drop-cap{color:#69727d;border:3px solid;background-color:transparent}.elementor-widget-text-editor:not(.elementor-drop-cap-view-default) .elementor-drop-cap{margin-top:8px}.elementor-widget-text-editor:not(.elementor-drop-cap-view-default) .elementor-drop-cap-letter{width:1em;height:1em}.elementor-widget-text-editor .elementor-drop-cap{float:left;text-align:center;line-height:1;font-size:50px}.elementor-widget-text-editor .elementor-drop-cap-letter{display:inline-block}<\/style>\t\t\t\t\n<p>Over the years, the skin of our body evolves. The very structure of the skin changes. The different layers of the skin are connected by fibrous elements called fibrous septa. With time, these elements can harden and contract. This phenomenon results in the compression of the fat cells between the skin layers. This causes <a href=\"https:\/\/skincareagency.com\/medecine-esthetique-de-la-peau\/graisses-localisees\/\">fat clusters<\/a> and a wrinkled appearance of the skin&#8230; an orange peel effect.<\/p>\n\n<p>Mainly localized around the pelvis, the thighs and buttocks, cellulite concerns nine women out of ten. It appears from puberty, often in a firmer and more sensitive form, then between 25 and 50, it softens. The skin becomes looser, more supple and the cellulite balls (fatty cushions are more and more visible.<\/p>\n\n<p>Even if cellulite mainly concerns women, it also exists in men and, for them, is more localized around the stomach or under the arms.<\/p>\n\n<p>These fatty deposits can now be effectively treated by various aesthetic medicine techniques. It is possible to destroy these fat cells and to recover a tighter and smoother skin without going through a heavy and painful liposuction surgery.<\/p>\n\t\t\t\t\t\t<\/div>\n\t\t\t\t<\/div>\n\t\t\t\t\t<\/div>\n\t\t<\/div>\n\t\t\t\t\t<\/div>\n\t\t<\/section>\n\t\t\t\t<\/div>\n\t\t","protected":false},"excerpt":{"rendered":"<p>Over the years, the skin of our body evolves. The very structure of the skin changes. The different layers of [&hellip;]<\/p>\n","protected":false},"author":1,"featured_media":7162,"parent":7434,"menu_order":0,"comment_status":"closed","ping_status":"closed","template":"intervention.php","meta":{"footnotes":""},"class_list":["post-7459","page","type-page","status-publish","has-post-thumbnail","hentry","entry","has-media"],"acf":[],"yoast_head":"<!-- This site is optimized with the Yoast SEO plugin v22.8 - https:\/\/yoast.com\/wordpress\/plugins\/seo\/ -->\n<title>Cellulite Treatment in Paris - Skincare Agency<\/title>\n<meta name=\"description\" content=\"The cellulite : Un protocole de soins propos\u00e9 par votre centre de M\u00e9decine esth\u00e9tique \u00e0 Paris - Skincare Agency\" \/>\n<meta name=\"robots\" content=\"index, follow, max-snippet:-1, max-image-preview:large, max-video-preview:-1\" \/>\n<link rel=\"canonical\" href=\"https:\/\/skincareagency.com\/en\/your-needs\/the-cellulite\/\" \/>\n<meta property=\"og:locale\" content=\"en_US\" \/>\n<meta property=\"og:type\" content=\"article\" \/>\n<meta property=\"og:title\" content=\"Cellulite Treatment in Paris - Skincare Agency\" \/>\n<meta property=\"og:description\" content=\"The cellulite : Un protocole de soins propos\u00e9 par votre centre de M\u00e9decine esth\u00e9tique \u00e0 Paris - Skincare Agency\" \/>\n<meta property=\"og:url\" content=\"https:\/\/skincareagency.com\/en\/your-needs\/the-cellulite\/\" \/>\n<meta property=\"og:site_name\" content=\"Skincare Agency\" \/>\n<meta property=\"article:modified_time\" content=\"2024-06-06T19:55:30+00:00\" \/>\n<meta property=\"og:image\" content=\"https:\/\/skincareagency.com\/wp-content\/uploads\/2022\/06\/cellulite-1.png\" \/>\n\t<meta property=\"og:image:width\" content=\"377\" \/>\n\t<meta property=\"og:image:height\" content=\"552\" \/>\n\t<meta property=\"og:image:type\" content=\"image\/png\" \/>\n<meta name=\"twitter:card\" content=\"summary_large_image\" \/>\n<meta name=\"twitter:label1\" content=\"Est. reading time\" \/>\n\t<meta name=\"twitter:data1\" content=\"1 minute\" \/>\n<!-- \/ Yoast SEO plugin. -->","yoast_head_json":{"title":"Cellulite Treatment in Paris - Skincare Agency","description":"The cellulite : Un protocole de soins propos\u00e9 par votre centre de M\u00e9decine esth\u00e9tique \u00e0 Paris - Skincare Agency","robots":{"index":"index","follow":"follow","max-snippet":"max-snippet:-1","max-image-preview":"max-image-preview:large","max-video-preview":"max-video-preview:-1"},"canonical":"https:\/\/skincareagency.com\/en\/your-needs\/the-cellulite\/","og_locale":"en_US","og_type":"article","og_title":"Cellulite Treatment in Paris - Skincare Agency","og_description":"The cellulite : Un protocole de soins propos\u00e9 par votre centre de M\u00e9decine esth\u00e9tique \u00e0 Paris - Skincare Agency","og_url":"https:\/\/skincareagency.com\/en\/your-needs\/the-cellulite\/","og_site_name":"Skincare Agency","article_modified_time":"2024-06-06T19:55:30+00:00","og_image":[{"width":377,"height":552,"url":"https:\/\/skincareagency.com\/wp-content\/uploads\/2022\/06\/cellulite-1.png","type":"image\/png"}],"twitter_card":"summary_large_image","twitter_misc":{"Est. reading time":"1 minute"},"schema":{"@context":"https:\/\/schema.org","@graph":[{"@type":"Article","@id":"https:\/\/skincareagency.com\/en\/your-needs\/the-cellulite\/#article","isPartOf":{"@id":"https:\/\/skincareagency.com\/en\/your-needs\/the-cellulite\/"},"author":{"name":"admineim","@id":"https:\/\/skincareagency.com\/en\/#\/schema\/person\/1d02edbd5bd022b4ca0bb010178c84ab"},"headline":"The cellulite","datePublished":"2022-03-30T06:55:46+00:00","dateModified":"2024-06-06T19:55:30+00:00","mainEntityOfPage":{"@id":"https:\/\/skincareagency.com\/en\/your-needs\/the-cellulite\/"},"wordCount":181,"publisher":{"@id":"https:\/\/skincareagency.com\/en\/#organization"},"image":{"@id":"https:\/\/skincareagency.com\/en\/your-needs\/the-cellulite\/#primaryimage"},"thumbnailUrl":"https:\/\/skincareagency.com\/wp-content\/uploads\/2022\/06\/cellulite-1.png","inLanguage":"en-US"},{"@type":["WebPage","MedicalWebPage"],"@id":"https:\/\/skincareagency.com\/en\/your-needs\/the-cellulite\/","url":"https:\/\/skincareagency.com\/en\/your-needs\/the-cellulite\/","name":"Cellulite Treatment in Paris - Skincare Agency","isPartOf":{"@id":"https:\/\/skincareagency.com\/en\/#website"},"primaryImageOfPage":{"@id":"https:\/\/skincareagency.com\/en\/your-needs\/the-cellulite\/#primaryimage"},"image":{"@id":"https:\/\/skincareagency.com\/en\/your-needs\/the-cellulite\/#primaryimage"},"thumbnailUrl":"https:\/\/skincareagency.com\/wp-content\/uploads\/2022\/06\/cellulite-1.png","datePublished":"2022-03-30T06:55:46+00:00","dateModified":"2024-06-06T19:55:30+00:00","description":"The cellulite : Un protocole de soins propos\u00e9 par votre centre de M\u00e9decine esth\u00e9tique \u00e0 Paris - Skincare Agency","breadcrumb":{"@id":"https:\/\/skincareagency.com\/en\/your-needs\/the-cellulite\/#breadcrumb"},"inLanguage":"en-US","potentialAction":[{"@type":"ReadAction","target":["https:\/\/skincareagency.com\/en\/your-needs\/the-cellulite\/"]}]},{"@type":"ImageObject","inLanguage":"en-US","@id":"https:\/\/skincareagency.com\/en\/your-needs\/the-cellulite\/#primaryimage","url":"https:\/\/skincareagency.com\/wp-content\/uploads\/2022\/06\/cellulite-1.png","contentUrl":"https:\/\/skincareagency.com\/wp-content\/uploads\/2022\/06\/cellulite-1.png","width":377,"height":552},{"@type":"BreadcrumbList","@id":"https:\/\/skincareagency.com\/en\/your-needs\/the-cellulite\/#breadcrumb","itemListElement":[{"@type":"ListItem","position":1,"name":"Home","item":"https:\/\/skincareagency.com\/en\/home\/"},{"@type":"ListItem","position":2,"name":"Your needs","item":"https:\/\/skincareagency.com\/en\/your-needs\/"},{"@type":"ListItem","position":3,"name":"The cellulite"}]},{"@type":"WebSite","@id":"https:\/\/skincareagency.com\/en\/#website","url":"https:\/\/skincareagency.com\/en\/","name":"Skincare Agency","description":"M\u00e9decine esth\u00e9tique \u00e0 Paris","publisher":{"@id":"https:\/\/skincareagency.com\/en\/#organization"},"potentialAction":[{"@type":"SearchAction","target":{"@type":"EntryPoint","urlTemplate":"https:\/\/skincareagency.com\/en\/?s={search_term_string}"},"query-input":"required name=search_term_string"}],"inLanguage":"en-US"},{"@type":"Organization","@id":"https:\/\/skincareagency.com\/en\/#organization","name":"Skincare Agency","url":"https:\/\/skincareagency.com\/en\/","logo":{"@type":"ImageObject","inLanguage":"en-US","@id":"https:\/\/skincareagency.com\/en\/#\/schema\/logo\/image\/","url":"https:\/\/skincareagency.com\/wp-content\/uploads\/2022\/05\/Logo_fondblanclait.jpg","contentUrl":"https:\/\/skincareagency.com\/wp-content\/uploads\/2022\/05\/Logo_fondblanclait.jpg","width":279,"height":237,"caption":"Skincare Agency"},"image":{"@id":"https:\/\/skincareagency.com\/en\/#\/schema\/logo\/image\/"}},{"@type":"Person","@id":"https:\/\/skincareagency.com\/en\/#\/schema\/person\/1d02edbd5bd022b4ca0bb010178c84ab","name":"admineim","image":{"@type":"ImageObject","inLanguage":"en-US","@id":"https:\/\/skincareagency.com\/en\/#\/schema\/person\/image\/","url":"https:\/\/secure.gravatar.com\/avatar\/c3b707b63b0c0d3476ba0d0553480c19969f740ef580a811f9f56ddc6c25f705?s=96&d=mm&r=g","contentUrl":"https:\/\/secure.gravatar.com\/avatar\/c3b707b63b0c0d3476ba0d0553480c19969f740ef580a811f9f56ddc6c25f705?s=96&d=mm&r=g","caption":"admineim"},"sameAs":["https:\/\/skincareagency.com"]}]}},"_links":{"self":[{"href":"https:\/\/skincareagency.com\/en\/wp-json\/wp\/v2\/pages\/7459","targetHints":{"allow":["GET"]}}],"collection":[{"href":"https:\/\/skincareagency.com\/en\/wp-json\/wp\/v2\/pages"}],"about":[{"href":"https:\/\/skincareagency.com\/en\/wp-json\/wp\/v2\/types\/page"}],"author":[{"embeddable":true,"href":"https:\/\/skincareagency.com\/en\/wp-json\/wp\/v2\/users\/1"}],"replies":[{"embeddable":true,"href":"https:\/\/skincareagency.com\/en\/wp-json\/wp\/v2\/comments?post=7459"}],"version-history":[{"count":3,"href":"https:\/\/skincareagency.com\/en\/wp-json\/wp\/v2\/pages\/7459\/revisions"}],"predecessor-version":[{"id":7462,"href":"https:\/\/skincareagency.com\/en\/wp-json\/wp\/v2\/pages\/7459\/revisions\/7462"}],"up":[{"embeddable":true,"href":"https:\/\/skincareagency.com\/en\/wp-json\/wp\/v2\/pages\/7434"}],"wp:featuredmedia":[{"embeddable":true,"href":"https:\/\/skincareagency.com\/en\/wp-json\/wp\/v2\/media\/7162"}],"wp:attachment":[{"href":"https:\/\/skincareagency.com\/en\/wp-json\/wp\/v2\/media?parent=7459"}],"curies":[{"name":"wp","href":"https:\/\/api.w.org\/{rel}","templated":true}]}}