{"id":7428,"date":"2022-04-04T13:22:16","date_gmt":"2022-04-04T11:22:16","guid":{"rendered":"https:\/\/skincareagency.com\/our-values\/"},"modified":"2024-06-06T19:14:29","modified_gmt":"2024-06-06T17:14:29","slug":"our-values","status":"publish","type":"page","link":"https:\/\/skincareagency.com\/en\/our-values\/","title":{"rendered":"Our values"},"content":{"rendered":"\t\t<div data-elementor-type=\"wp-page\" data-elementor-id=\"7428\" class=\"elementor elementor-7428 elementor-1406\">\n\t\t\t\t\t\t<section class=\"has_ae_slider elementor-section elementor-top-section elementor-element elementor-element-06607c5 elementor-section-boxed elementor-section-height-default elementor-section-height-default ae-bg-gallery-type-default\" data-id=\"06607c5\" data-element_type=\"section\" data-settings=\"{&quot;background_background&quot;:&quot;classic&quot;}\">\n\t\t\t\t\t\t<div class=\"elementor-container elementor-column-gap-default\">\n\t\t\t\t\t<div class=\"has_ae_slider elementor-column elementor-col-100 elementor-top-column elementor-element elementor-element-fb15e99 ae-bg-gallery-type-default\" data-id=\"fb15e99\" data-element_type=\"column\">\n\t\t\t<div class=\"elementor-widget-wrap elementor-element-populated\">\n\t\t\t\t\t\t<div class=\"elementor-element elementor-element-efc162d elementor-widget elementor-widget-heading\" data-id=\"efc162d\" data-element_type=\"widget\" data-widget_type=\"heading.default\">\n\t\t\t\t<div class=\"elementor-widget-container\">\n\t\t\t<style>\/*! elementor - v3.22.0 - 17-06-2024 *\/\n.elementor-heading-title{padding:0;margin:0;line-height:1}.elementor-widget-heading .elementor-heading-title[class*=elementor-size-]>a{color:inherit;font-size:inherit;line-height:inherit}.elementor-widget-heading .elementor-heading-title.elementor-size-small{font-size:15px}.elementor-widget-heading .elementor-heading-title.elementor-size-medium{font-size:19px}.elementor-widget-heading .elementor-heading-title.elementor-size-large{font-size:29px}.elementor-widget-heading .elementor-heading-title.elementor-size-xl{font-size:39px}.elementor-widget-heading .elementor-heading-title.elementor-size-xxl{font-size:59px}<\/style><h1 class=\"elementor-heading-title elementor-size-default\">Our values<\/h1>\t\t<\/div>\n\t\t\t\t<\/div>\n\t\t\t\t<div class=\"elementor-element elementor-element-ca524e1 elementor-widget elementor-widget-ae-breadcrumb\" data-id=\"ca524e1\" data-element_type=\"widget\" data-widget_type=\"ae-breadcrumb.default\">\n\t\t\t\t<div class=\"elementor-widget-container\">\n\t\t\t<span><span><a href=\"https:\/\/skincareagency.com\/en\/home\/\">Home<\/a><\/span><\/span>\t\t<\/div>\n\t\t\t\t<\/div>\n\t\t\t\t\t<\/div>\n\t\t<\/div>\n\t\t\t\t\t<\/div>\n\t\t<\/section>\n\t\t\t\t<section class=\"has_ae_slider elementor-section elementor-top-section elementor-element elementor-element-c18c26a premium-equal-height-yes elementor-section-boxed elementor-section-height-default elementor-section-height-default ae-bg-gallery-type-default\" data-pa-eq-height=\"{&quot;targetType&quot;:&quot;widget&quot;,&quot;target&quot;:[&quot;.elementor-widget-image .elementor-widget-container&quot;,&quot;.elementor-widget-text-editor .elementor-widget-container&quot;],&quot;trigger&quot;:&quot;load&quot;,&quot;enableOn&quot;:[&quot;desktop&quot;,&quot;tablet&quot;,&quot;mobile&quot;]}\" data-id=\"c18c26a\" data-element_type=\"section\" data-settings=\"{&quot;premium_eq_height_switcher&quot;:&quot;yes&quot;,&quot;premium_eq_height_target&quot;:[&quot;.elementor-widget-image .elementor-widget-container&quot;,&quot;.elementor-widget-text-editor .elementor-widget-container&quot;],&quot;background_background&quot;:&quot;classic&quot;}\">\n\t\t\t\t\t\t<div class=\"elementor-container elementor-column-gap-default\">\n\t\t\t\t\t<div class=\"has_ae_slider elementor-column elementor-col-50 elementor-top-column elementor-element elementor-element-33acc46 ae-bg-gallery-type-default\" data-id=\"33acc46\" data-element_type=\"column\">\n\t\t\t<div class=\"elementor-widget-wrap elementor-element-populated\">\n\t\t\t\t\t\t<div class=\"elementor-element elementor-element-e12495a elementor-invisible elementor-widget elementor-widget-image\" data-id=\"e12495a\" data-element_type=\"widget\" data-settings=\"{&quot;_animation&quot;:&quot;zoomIn&quot;}\" data-widget_type=\"image.default\">\n\t\t\t\t<div class=\"elementor-widget-container\">\n\t\t\t<style>\/*! elementor - v3.22.0 - 17-06-2024 *\/\n.elementor-widget-image{text-align:center}.elementor-widget-image a{display:inline-block}.elementor-widget-image a img[src$=\".svg\"]{width:48px}.elementor-widget-image img{vertical-align:middle;display:inline-block}<\/style>\t\t\t\t\t\t\t\t\t\t<img fetchpriority=\"high\" decoding=\"async\" width=\"1000\" height=\"667\" src=\"https:\/\/skincareagency.com\/wp-content\/uploads\/2022\/04\/valeurs-skincare-agency.jpg\" class=\"attachment-large size-large wp-image-6835\" alt=\"\" srcset=\"https:\/\/skincareagency.com\/wp-content\/uploads\/2022\/04\/valeurs-skincare-agency.jpg 1000w, https:\/\/skincareagency.com\/wp-content\/uploads\/2022\/04\/valeurs-skincare-agency-300x200.jpg 300w, https:\/\/skincareagency.com\/wp-content\/uploads\/2022\/04\/valeurs-skincare-agency-768x512.jpg 768w\" sizes=\"(max-width: 1000px) 100vw, 1000px\" \/>\t\t\t\t\t\t\t\t\t\t\t\t\t<\/div>\n\t\t\t\t<\/div>\n\t\t\t\t\t<\/div>\n\t\t<\/div>\n\t\t\t\t<div class=\"has_ae_slider elementor-column elementor-col-50 elementor-top-column elementor-element elementor-element-431831c ae-bg-gallery-type-default\" data-id=\"431831c\" data-element_type=\"column\">\n\t\t\t<div class=\"elementor-widget-wrap elementor-element-populated\">\n\t\t\t\t\t\t<div class=\"elementor-element elementor-element-41030d2 elementor-widget elementor-widget-text-editor\" data-id=\"41030d2\" data-element_type=\"widget\" data-widget_type=\"text-editor.default\">\n\t\t\t\t<div class=\"elementor-widget-container\">\n\t\t\t<style>\/*! elementor - v3.22.0 - 17-06-2024 *\/\n.elementor-widget-text-editor.elementor-drop-cap-view-stacked .elementor-drop-cap{background-color:#69727d;color:#fff}.elementor-widget-text-editor.elementor-drop-cap-view-framed .elementor-drop-cap{color:#69727d;border:3px solid;background-color:transparent}.elementor-widget-text-editor:not(.elementor-drop-cap-view-default) .elementor-drop-cap{margin-top:8px}.elementor-widget-text-editor:not(.elementor-drop-cap-view-default) .elementor-drop-cap-letter{width:1em;height:1em}.elementor-widget-text-editor .elementor-drop-cap{float:left;text-align:center;line-height:1;font-size:50px}.elementor-widget-text-editor .elementor-drop-cap-letter{display:inline-block}<\/style>\t\t\t\t<p><strong>SKINCARE AGENCY<\/strong> takes a welcoming approach; listening, taking charge, and assisting your beauty journey. <\/p>\n<p>We first want to listen to you, understand your expectations, establish complete diagnosis, and set your objectives, and then accompany you in <strong>a tailor-made treatment plan<\/strong> that responds to your expectations and is adapted to your limitations.<\/p>\n<p>When a patient seeks help from aesthetic medicine, we ensure that they are well supported, that the course of treatment, often spread out over time, is scrupulously followed, and that they can relax and feel comfortable whilst they are undergoing the procedure(s). <\/p>\n<p>To preserve your privacy and guarantee discretion and follow-up, <strong><a href=\"https:\/\/skincareagency.com\/en\/the-agency\/\">Skincare Agency<\/a><\/strong> has created the Personal Beauty concept.<\/p>\n\t\t\t\t\t\t<\/div>\n\t\t\t\t<\/div>\n\t\t\t\t\t<\/div>\n\t\t<\/div>\n\t\t\t\t\t<\/div>\n\t\t<\/section>\n\t\t\t\t<section class=\"has_ae_slider elementor-section elementor-top-section elementor-element elementor-element-9c9b781 elementor-section-boxed elementor-section-height-default elementor-section-height-default ae-bg-gallery-type-default\" data-id=\"9c9b781\" data-element_type=\"section\" data-settings=\"{&quot;background_background&quot;:&quot;classic&quot;}\">\n\t\t\t\t\t\t<div class=\"elementor-container elementor-column-gap-default\">\n\t\t\t\t\t<div class=\"has_ae_slider elementor-column elementor-col-100 elementor-top-column elementor-element elementor-element-4e64dbc ae-bg-gallery-type-default\" data-id=\"4e64dbc\" data-element_type=\"column\">\n\t\t\t<div class=\"elementor-widget-wrap elementor-element-populated\">\n\t\t\t\t\t\t<div class=\"elementor-element elementor-element-41f4c37 elementor-widget elementor-widget-text-editor\" data-id=\"41f4c37\" data-element_type=\"widget\" data-widget_type=\"text-editor.default\">\n\t\t\t\t<div class=\"elementor-widget-container\">\n\t\t\t\t\t\t\t<p>From your first visit, you will be received by a practitioner who will become <strong>your Personal Beautician<\/strong>.<\/p>\n<ul>\n<li>They will be your unique point of contact to carry out your aesthetic care and answer all your questions.<\/li>\n<li>They will perform <a href=\"https:\/\/skincareagency.com\/medecine-esthetique-du-visage\/diagnostic-de-peau\/\">skin diagnostics<\/a> or <a href=\"https:\/\/skincareagency.com\/medecine-esthetique-du-corps\/diagnostic-du-corps-inbody\/\">Body<\/a>, organize consultations with our doctors if necessary and coordinate all your procedures.<\/li>\n<li>They will maintain your patient file, keep track of your treatment history, and inform you of appointment reminders to ensure that your treatment plans are perfectly respected and coordinated. Attentive to your needs, they will ensure your satisfaction.<\/li>\n<\/ul>\n<p>We&#8217;re committed to enhancing beauty while remaining natural. Our approach consists in maintaining your inherent beauty while intervening to correct any issues that bother you. The &#8220;French Esthetic Touch&#8221; is an international reference in the field of beauty.<\/p>\n<p><a href=\"https:\/\/skincareagency.com\/en\/the-agency\/\"><strong>SKINCARE AGENCY<\/strong><\/a> is a major player. In a <a href=\"https:\/\/skincareagency.com\/le-lieu\/\">unique location in Paris<\/a>, in the heart of the <sup>8th<\/sup> arrondissement, combining all the latest techniques in non-invasive aesthetic medicine, we offer you a moment of serenity.<\/p>\n\t\t\t\t\t\t<\/div>\n\t\t\t\t<\/div>\n\t\t\t\t\t<\/div>\n\t\t<\/div>\n\t\t\t\t\t<\/div>\n\t\t<\/section>\n\t\t\t\t<\/div>\n\t\t","protected":false},"excerpt":{"rendered":"<p>Our values Accueil SKINCARE AGENCY takes a welcoming approach; listening, taking charge, and assisting your beauty journey. We first want [&hellip;]<\/p>\n","protected":false},"author":1,"featured_media":0,"parent":0,"menu_order":0,"comment_status":"closed","ping_status":"closed","template":"","meta":{"footnotes":""},"class_list":["post-7428","page","type-page","status-publish","hentry","entry"],"acf":[],"yoast_head":"<!-- This site is optimized with the Yoast SEO plugin v22.8 - https:\/\/yoast.com\/wordpress\/plugins\/seo\/ -->\n<title>The values of your Paris beauty salon - Skincare Agency<\/title>\n<meta name=\"description\" content=\"Our beauty agency is founded on a caring approach to listening, caring and following your beauty journey.\" \/>\n<meta name=\"robots\" content=\"index, follow, max-snippet:-1, max-image-preview:large, max-video-preview:-1\" \/>\n<link rel=\"canonical\" href=\"https:\/\/skincareagency.com\/en\/our-values\/\" \/>\n<meta property=\"og:locale\" content=\"en_US\" \/>\n<meta property=\"og:type\" content=\"article\" \/>\n<meta property=\"og:title\" content=\"The values of your Paris beauty salon - Skincare Agency\" \/>\n<meta property=\"og:description\" content=\"Our beauty agency is founded on a caring approach to listening, caring and following your beauty journey.\" \/>\n<meta property=\"og:url\" content=\"https:\/\/skincareagency.com\/en\/our-values\/\" \/>\n<meta property=\"og:site_name\" content=\"Skincare Agency\" \/>\n<meta property=\"article:modified_time\" content=\"2024-06-06T17:14:29+00:00\" \/>\n<meta property=\"og:image\" content=\"https:\/\/skincareagency.com\/wp-content\/uploads\/2022\/04\/valeurs-skincare-agency.jpg\" \/>\n<meta name=\"twitter:card\" content=\"summary_large_image\" \/>\n<meta name=\"twitter:label1\" content=\"Est. reading time\" \/>\n\t<meta name=\"twitter:data1\" content=\"1 minute\" \/>\n<!-- \/ Yoast SEO plugin. -->","yoast_head_json":{"title":"The values of your Paris beauty salon - Skincare Agency","description":"Our beauty agency is founded on a caring approach to listening, caring and following your beauty journey.","robots":{"index":"index","follow":"follow","max-snippet":"max-snippet:-1","max-image-preview":"max-image-preview:large","max-video-preview":"max-video-preview:-1"},"canonical":"https:\/\/skincareagency.com\/en\/our-values\/","og_locale":"en_US","og_type":"article","og_title":"The values of your Paris beauty salon - Skincare Agency","og_description":"Our beauty agency is founded on a caring approach to listening, caring and following your beauty journey.","og_url":"https:\/\/skincareagency.com\/en\/our-values\/","og_site_name":"Skincare Agency","article_modified_time":"2024-06-06T17:14:29+00:00","og_image":[{"url":"https:\/\/skincareagency.com\/wp-content\/uploads\/2022\/04\/valeurs-skincare-agency.jpg"}],"twitter_card":"summary_large_image","twitter_misc":{"Est. reading time":"1 minute"},"schema":{"@context":"https:\/\/schema.org","@graph":[{"@type":"Article","@id":"https:\/\/skincareagency.com\/en\/our-values\/#article","isPartOf":{"@id":"https:\/\/skincareagency.com\/en\/our-values\/"},"author":{"name":"admineim","@id":"https:\/\/skincareagency.com\/en\/#\/schema\/person\/1d02edbd5bd022b4ca0bb010178c84ab"},"headline":"Our values","datePublished":"2022-04-04T11:22:16+00:00","dateModified":"2024-06-06T17:14:29+00:00","mainEntityOfPage":{"@id":"https:\/\/skincareagency.com\/en\/our-values\/"},"wordCount":282,"publisher":{"@id":"https:\/\/skincareagency.com\/en\/#organization"},"image":{"@id":"https:\/\/skincareagency.com\/en\/our-values\/#primaryimage"},"thumbnailUrl":"https:\/\/skincareagency.com\/wp-content\/uploads\/2022\/04\/valeurs-skincare-agency.jpg","inLanguage":"en-US"},{"@type":["WebPage","MedicalWebPage"],"@id":"https:\/\/skincareagency.com\/en\/our-values\/","url":"https:\/\/skincareagency.com\/en\/our-values\/","name":"The values of your Paris beauty salon - Skincare Agency","isPartOf":{"@id":"https:\/\/skincareagency.com\/en\/#website"},"primaryImageOfPage":{"@id":"https:\/\/skincareagency.com\/en\/our-values\/#primaryimage"},"image":{"@id":"https:\/\/skincareagency.com\/en\/our-values\/#primaryimage"},"thumbnailUrl":"https:\/\/skincareagency.com\/wp-content\/uploads\/2022\/04\/valeurs-skincare-agency.jpg","datePublished":"2022-04-04T11:22:16+00:00","dateModified":"2024-06-06T17:14:29+00:00","description":"Our beauty agency is founded on a caring approach to listening, caring and following your beauty journey.","breadcrumb":{"@id":"https:\/\/skincareagency.com\/en\/our-values\/#breadcrumb"},"inLanguage":"en-US","potentialAction":[{"@type":"ReadAction","target":["https:\/\/skincareagency.com\/en\/our-values\/"]}]},{"@type":"ImageObject","inLanguage":"en-US","@id":"https:\/\/skincareagency.com\/en\/our-values\/#primaryimage","url":"https:\/\/skincareagency.com\/wp-content\/uploads\/2022\/04\/valeurs-skincare-agency.jpg","contentUrl":"https:\/\/skincareagency.com\/wp-content\/uploads\/2022\/04\/valeurs-skincare-agency.jpg"},{"@type":"BreadcrumbList","@id":"https:\/\/skincareagency.com\/en\/our-values\/#breadcrumb","itemListElement":[{"@type":"ListItem","position":1,"name":"Home","item":"https:\/\/skincareagency.com\/en\/home\/"},{"@type":"ListItem","position":2,"name":"Our values"}]},{"@type":"WebSite","@id":"https:\/\/skincareagency.com\/en\/#website","url":"https:\/\/skincareagency.com\/en\/","name":"Skincare Agency","description":"M\u00e9decine esth\u00e9tique \u00e0 Paris","publisher":{"@id":"https:\/\/skincareagency.com\/en\/#organization"},"potentialAction":[{"@type":"SearchAction","target":{"@type":"EntryPoint","urlTemplate":"https:\/\/skincareagency.com\/en\/?s={search_term_string}"},"query-input":"required name=search_term_string"}],"inLanguage":"en-US"},{"@type":"Organization","@id":"https:\/\/skincareagency.com\/en\/#organization","name":"Skincare Agency","url":"https:\/\/skincareagency.com\/en\/","logo":{"@type":"ImageObject","inLanguage":"en-US","@id":"https:\/\/skincareagency.com\/en\/#\/schema\/logo\/image\/","url":"https:\/\/skincareagency.com\/wp-content\/uploads\/2022\/05\/Logo_fondblanclait.jpg","contentUrl":"https:\/\/skincareagency.com\/wp-content\/uploads\/2022\/05\/Logo_fondblanclait.jpg","width":279,"height":237,"caption":"Skincare Agency"},"image":{"@id":"https:\/\/skincareagency.com\/en\/#\/schema\/logo\/image\/"}},{"@type":"Person","@id":"https:\/\/skincareagency.com\/en\/#\/schema\/person\/1d02edbd5bd022b4ca0bb010178c84ab","name":"admineim","image":{"@type":"ImageObject","inLanguage":"en-US","@id":"https:\/\/skincareagency.com\/en\/#\/schema\/person\/image\/","url":"https:\/\/secure.gravatar.com\/avatar\/c3b707b63b0c0d3476ba0d0553480c19969f740ef580a811f9f56ddc6c25f705?s=96&d=mm&r=g","contentUrl":"https:\/\/secure.gravatar.com\/avatar\/c3b707b63b0c0d3476ba0d0553480c19969f740ef580a811f9f56ddc6c25f705?s=96&d=mm&r=g","caption":"admineim"},"sameAs":["https:\/\/skincareagency.com"]}]}},"_links":{"self":[{"href":"https:\/\/skincareagency.com\/en\/wp-json\/wp\/v2\/pages\/7428","targetHints":{"allow":["GET"]}}],"collection":[{"href":"https:\/\/skincareagency.com\/en\/wp-json\/wp\/v2\/pages"}],"about":[{"href":"https:\/\/skincareagency.com\/en\/wp-json\/wp\/v2\/types\/page"}],"author":[{"embeddable":true,"href":"https:\/\/skincareagency.com\/en\/wp-json\/wp\/v2\/users\/1"}],"replies":[{"embeddable":true,"href":"https:\/\/skincareagency.com\/en\/wp-json\/wp\/v2\/comments?post=7428"}],"version-history":[{"count":1,"href":"https:\/\/skincareagency.com\/en\/wp-json\/wp\/v2\/pages\/7428\/revisions"}],"predecessor-version":[{"id":7429,"href":"https:\/\/skincareagency.com\/en\/wp-json\/wp\/v2\/pages\/7428\/revisions\/7429"}],"wp:attachment":[{"href":"https:\/\/skincareagency.com\/en\/wp-json\/wp\/v2\/media?parent=7428"}],"curies":[{"name":"wp","href":"https:\/\/api.w.org\/{rel}","templated":true}]}}